{"id":6521,"date":"2023-03-16T16:01:06","date_gmt":"2023-03-16T15:01:06","guid":{"rendered":"https:\/\/catalanwines.com\/histoire\/xxi\/"},"modified":"2025-01-11T20:32:36","modified_gmt":"2025-01-11T19:32:36","slug":"xxi","status":"publish","type":"page","link":"https:\/\/catalanwines.com\/fr\/histoire\/xxi\/","title":{"rendered":"2023"},"content":{"rendered":"<section data-background=\"light\" class=\"relative flex w-auto cont hs-text-block\">\n  \n  <div class=\"absolute inset-0 pointer-events-none mix-blend-multiply  bg-dun-100  \"><\/div>\n\n  \n    <div class=\"hs-grid--responsive flex flex-col h-fit lg:grid grid-cols-[repeat(2,_fit-content(450px))] xl:grid-cols-[repeat(2,_fit-content(500px))] gap-y-8 gap-x-24 auto-rows-min hs-section\">\n    <div class=\"grid-cols-2 lg:grid col-span-full gap-x-24\">\n      <div class=\" col-span-1 \">\n        <article><h2>Des ann\u00e9es d\u2019optimisme pour le secteur de la vigne et du vin catalan. <\/h2>\n<\/article>\n      <\/div>\n            <div class=\"col-span-1 hs-width\">\n        <article><\/article>\n      <\/div>\n          <\/div>\n    <div class=\" col-span-1 \">\n      <article><p>Si son histoire mill\u00e9naire a de nouveau \u00e9t\u00e9 affect\u00e9e par une pand\u00e9mie ou une s\u00e9cheresse persistante, la force et l\u2019\u00e9quilibre entre l\u2019avant-garde et la tradition ne se sont pas avou\u00e9s vaincus. Aujourd\u2019hui, les vins catalans constituent un patrimoine liquide qui th\u00e9saurise le paysage, l\u2019histoire et la culture. La Catalogne est une terre de vins qui ont lutt\u00e9 ensemble, solidairement, contre les difficult\u00e9s. Et nous avons une fois de plus surmont\u00e9 les difficult\u00e9s, refl\u00e9tant celles d\u2019il y a plus de 100 ans, lorsque les vignes ont \u00e9t\u00e9 greff\u00e9es avec des plants am\u00e9ricains et le d\u00e9sir d\u2019un avenir meilleur.<\/p>\n<\/article>\n    <\/div>\n        <div class=\"col-span-1\">\n      <article><p>L\u2019INCAVI veut se r\u00e9affirmer dans une conscience plus durable, juste avec l\u2019environnement qui nous entoure et les vies qui nous ont pr\u00e9c\u00e9d\u00e9s. Et nous n\u2019y parviendrons que si nous le faisons conjointement avec les hommes et les femmes qui travaillent la terre, avec ceux qui produisent le vin, avec les professionnels de la gastronomie et de la restauration, et avec le groupe professionnel qui apporte le produit au consommateur final.<\/p>\n<p>Continuer \u00e0 partager nos vins au-del\u00e0 des fronti\u00e8res catalanes est un d\u00e9fi enivrant. Le secteur est pr\u00eat : plus de 750 caves, 57 000 hectares de vignobles et 9 500 viticulteurs sont les h\u00e9ritiers des r\u00e9cits et des histoires qui ont sculpt\u00e9 un pays o\u00f9 le vin est une culture.<\/p>\n<\/article>\n    <\/div>\n      <\/div>\n  <\/section>\n\n","protected":false},"excerpt":{"rendered":"","protected":false},"author":1,"featured_media":0,"parent":6250,"menu_order":19,"comment_status":"closed","ping_status":"closed","template":"template-fita.blade.php","meta":{"_acf_changed":false,"footnotes":""},"class_list":["post-6521","page","type-page","status-publish","hentry"],"acf":[],"yoast_head":"<!-- This site is optimized with the Yoast SEO plugin v27.3 - https:\/\/yoast.com\/product\/yoast-seo-wordpress\/ -->\n<title>2023 - Catalan Wines<\/title>\n<meta name=\"robots\" content=\"index, follow, max-snippet:-1, max-image-preview:large, max-video-preview:-1\" \/>\n<link rel=\"canonical\" href=\"https:\/\/catalanwines.com\/fr\/histoire\/xxi\/\" \/>\n<meta property=\"og:locale\" content=\"fr_FR\" \/>\n<meta property=\"og:type\" content=\"article\" \/>\n<meta property=\"og:title\" content=\"2023 - Catalan Wines\" \/>\n<meta property=\"og:url\" content=\"https:\/\/catalanwines.com\/fr\/histoire\/xxi\/\" \/>\n<meta property=\"og:site_name\" content=\"Catalan Wines\" \/>\n<meta property=\"article:modified_time\" content=\"2025-01-11T19:32:36+00:00\" \/>\n<meta name=\"twitter:card\" content=\"summary_large_image\" \/>\n<meta name=\"twitter:label1\" content=\"Est. reading time\" \/>\n\t<meta name=\"twitter:data1\" content=\"2 minutes\" \/>\n<script type=\"application\/ld+json\" class=\"yoast-schema-graph\">{\"@context\":\"https:\\\/\\\/schema.org\",\"@graph\":[{\"@type\":\"WebPage\",\"@id\":\"https:\\\/\\\/catalanwines.com\\\/fr\\\/histoire\\\/xxi\\\/\",\"url\":\"https:\\\/\\\/catalanwines.com\\\/fr\\\/histoire\\\/xxi\\\/\",\"name\":\"2023 - Catalan Wines\",\"isPartOf\":{\"@id\":\"https:\\\/\\\/catalanwines.com\\\/fr\\\/#website\"},\"datePublished\":\"2023-03-16T15:01:06+00:00\",\"dateModified\":\"2025-01-11T19:32:36+00:00\",\"breadcrumb\":{\"@id\":\"https:\\\/\\\/catalanwines.com\\\/fr\\\/histoire\\\/xxi\\\/#breadcrumb\"},\"inLanguage\":\"fr-FR\",\"potentialAction\":[{\"@type\":\"ReadAction\",\"target\":[\"https:\\\/\\\/catalanwines.com\\\/fr\\\/histoire\\\/xxi\\\/\"]}]},{\"@type\":\"BreadcrumbList\",\"@id\":\"https:\\\/\\\/catalanwines.com\\\/fr\\\/histoire\\\/xxi\\\/#breadcrumb\",\"itemListElement\":[{\"@type\":\"ListItem\",\"position\":1,\"name\":\"Inici\",\"item\":\"https:\\\/\\\/catalanwines.com\\\/fr\\\/portada\\\/\"},{\"@type\":\"ListItem\",\"position\":2,\"name\":\"Histoire\",\"item\":\"https:\\\/\\\/catalanwines.com\\\/fr\\\/histoire\\\/\"},{\"@type\":\"ListItem\",\"position\":3,\"name\":\"2023\"}]},{\"@type\":\"WebSite\",\"@id\":\"https:\\\/\\\/catalanwines.com\\\/fr\\\/#website\",\"url\":\"https:\\\/\\\/catalanwines.com\\\/fr\\\/\",\"name\":\"Catalan Wines\",\"description\":\"Catalunya, on el vi es cultura\",\"potentialAction\":[{\"@type\":\"SearchAction\",\"target\":{\"@type\":\"EntryPoint\",\"urlTemplate\":\"https:\\\/\\\/catalanwines.com\\\/fr\\\/?s={search_term_string}\"},\"query-input\":{\"@type\":\"PropertyValueSpecification\",\"valueRequired\":true,\"valueName\":\"search_term_string\"}}],\"inLanguage\":\"fr-FR\"}]}<\/script>\n<!-- \/ Yoast SEO plugin. -->","yoast_head_json":{"title":"2023 - Catalan Wines","robots":{"index":"index","follow":"follow","max-snippet":"max-snippet:-1","max-image-preview":"max-image-preview:large","max-video-preview":"max-video-preview:-1"},"canonical":"https:\/\/catalanwines.com\/fr\/histoire\/xxi\/","og_locale":"fr_FR","og_type":"article","og_title":"2023 - Catalan Wines","og_url":"https:\/\/catalanwines.com\/fr\/histoire\/xxi\/","og_site_name":"Catalan Wines","article_modified_time":"2025-01-11T19:32:36+00:00","twitter_card":"summary_large_image","twitter_misc":{"Est. reading time":"2 minutes"},"schema":{"@context":"https:\/\/schema.org","@graph":[{"@type":"WebPage","@id":"https:\/\/catalanwines.com\/fr\/histoire\/xxi\/","url":"https:\/\/catalanwines.com\/fr\/histoire\/xxi\/","name":"2023 - Catalan Wines","isPartOf":{"@id":"https:\/\/catalanwines.com\/fr\/#website"},"datePublished":"2023-03-16T15:01:06+00:00","dateModified":"2025-01-11T19:32:36+00:00","breadcrumb":{"@id":"https:\/\/catalanwines.com\/fr\/histoire\/xxi\/#breadcrumb"},"inLanguage":"fr-FR","potentialAction":[{"@type":"ReadAction","target":["https:\/\/catalanwines.com\/fr\/histoire\/xxi\/"]}]},{"@type":"BreadcrumbList","@id":"https:\/\/catalanwines.com\/fr\/histoire\/xxi\/#breadcrumb","itemListElement":[{"@type":"ListItem","position":1,"name":"Inici","item":"https:\/\/catalanwines.com\/fr\/portada\/"},{"@type":"ListItem","position":2,"name":"Histoire","item":"https:\/\/catalanwines.com\/fr\/histoire\/"},{"@type":"ListItem","position":3,"name":"2023"}]},{"@type":"WebSite","@id":"https:\/\/catalanwines.com\/fr\/#website","url":"https:\/\/catalanwines.com\/fr\/","name":"Catalan Wines","description":"Catalunya, on el vi es cultura","potentialAction":[{"@type":"SearchAction","target":{"@type":"EntryPoint","urlTemplate":"https:\/\/catalanwines.com\/fr\/?s={search_term_string}"},"query-input":{"@type":"PropertyValueSpecification","valueRequired":true,"valueName":"search_term_string"}}],"inLanguage":"fr-FR"}]}},"_links":{"self":[{"href":"https:\/\/catalanwines.com\/fr\/wp-json\/wp\/v2\/pages\/6521","targetHints":{"allow":["GET"]}}],"collection":[{"href":"https:\/\/catalanwines.com\/fr\/wp-json\/wp\/v2\/pages"}],"about":[{"href":"https:\/\/catalanwines.com\/fr\/wp-json\/wp\/v2\/types\/page"}],"author":[{"embeddable":true,"href":"https:\/\/catalanwines.com\/fr\/wp-json\/wp\/v2\/users\/1"}],"replies":[{"embeddable":true,"href":"https:\/\/catalanwines.com\/fr\/wp-json\/wp\/v2\/comments?post=6521"}],"version-history":[{"count":1,"href":"https:\/\/catalanwines.com\/fr\/wp-json\/wp\/v2\/pages\/6521\/revisions"}],"predecessor-version":[{"id":6524,"href":"https:\/\/catalanwines.com\/fr\/wp-json\/wp\/v2\/pages\/6521\/revisions\/6524"}],"up":[{"embeddable":true,"href":"https:\/\/catalanwines.com\/fr\/wp-json\/wp\/v2\/pages\/6250"}],"wp:attachment":[{"href":"https:\/\/catalanwines.com\/fr\/wp-json\/wp\/v2\/media?parent=6521"}],"curies":[{"name":"wp","href":"https:\/\/api.w.org\/{rel}","templated":true}]}}