{"id":6506,"date":"2023-03-16T16:00:51","date_gmt":"2023-03-16T15:00:51","guid":{"rendered":"https:\/\/catalanwines.com\/histoire\/any-1980\/"},"modified":"2025-01-11T20:29:54","modified_gmt":"2025-01-11T19:29:54","slug":"any-1980","status":"publish","type":"page","link":"https:\/\/catalanwines.com\/fr\/histoire\/any-1980\/","title":{"rendered":"1980"},"content":{"rendered":"<section data-background=\"light\" class=\"relative flex w-auto cont hs-text-block\">\n  \n  <div class=\"absolute inset-0 pointer-events-none mix-blend-multiply  bg-dun-100  \"><\/div>\n\n  \n      <div class=\"flex flex-col hs-width hs-width--responsive hs-section justify-start\">\n        <article class=\"hs-responsive--article\">\n      <h2>Les stations \u0153nologiques de Vilafranca et de Reus ont poursuivi leur mission au cours du XXe si\u00e8cle pour soutenir le secteur viticole catalan.<\/h2>\n<p>Avec la restitution de la G\u00e9n\u00e9ralit\u00e9 de Catalogne, le d\u00e9partement de l\u2019agriculture a repris les comp\u00e9tences de ces institutions. Le 8 avril 1980, l\u2019Institut catalan de la vigne et du vin (L\u2019INCAVI) a \u00e9t\u00e9 cr\u00e9\u00e9 \u00ab\u00a0&#8230; dans le but de mener une action sp\u00e9cialis\u00e9e dans le domaine de la viticulture et de l\u2019\u0153nologie\u00a0\u00bb.<\/p>\n\n    <\/article>\n      <\/div>\n\n  \n  <\/section>\n\n\n\n<section data-background=\"light\" class=\"relative flex w-auto cont hs-text-block\">\n  \n  <div class=\"absolute inset-0 pointer-events-none mix-blend-multiply  bg-dun-100  \"><\/div>\n\n  \n      <div class=\"flex flex-col hs-width hs-width--responsive hs-section justify-start\">\n        <article class=\"hs-responsive--article\">\n      <p>Jaume Ciurana en a \u00e9t\u00e9 le premier directeur (1980 &#8211; 1984). Au XXIe si\u00e8cle, les directeurs ont \u00e9t\u00e9 Joan Aguado (2004 &#8211; 2009), Oriol Guevara (2009 &#8211; 2011), Jordi Bort (2011 &#8211; 2016), Salvador Puig, (2016 &#8211; 2021) et, enfin, la directrice actuelle, Alba Balcells.<\/p>\n<p>Aujourd\u2019hui, l\u2019INCAVI est \u00e0 l\u2019avant-garde d\u2019un secteur dynamique qui ch\u00e9rit ses racines mill\u00e9naires tout en faisant preuve d\u2019avant-gardisme. Ses principales activit\u00e9s concernent la diffusion, les projets de recherche et de d\u00e9veloppement, le transfert de technologie, la formation continue, le contr\u00f4le de la qualit\u00e9 et le soutien \u00e0 l\u2019exportation.<\/p>\n\n    <\/article>\n      <\/div>\n\n  \n  <\/section>\n\n\n\n<section data-background=\"light\" class=\"relative flex flex-col w-auto h-full overflow-hidden hs-image-block\">\n  \n  <div class=\"absolute inset-0 pointer-events-none mix-blend-multiply  bg-dun-100  \"><\/div>\n  \n\n\n    <div class=\"flex lg:gap-4 gap-4 flex-col lg:flex-1 lg:max-h-full hs-section lg:w-min lg:min-w-[450px] justify-start\">\n            <div class=\"hidden  lg:block relative min-h-[150px] w-full \" style=\"max-height: 336.44859813084px\">\n        <img loading=\"lazy\" decoding=\"async\" width=\"535\" height=\"400\" src=\"https:\/\/catalanwines.com\/app\/uploads\/2025\/01\/1980.jpg\" class=\"object-contain object-left w-full h-full @if($description)absolute flex-shrink @endif\" alt=\"\" srcset=\"https:\/\/catalanwines.com\/app\/uploads\/2025\/01\/1980.jpg 535w, https:\/\/catalanwines.com\/app\/uploads\/2025\/01\/1980-300x224.jpg 300w\" sizes=\"auto, (max-width: 535px) 100vw, 535px\" \/>              <\/div>\n      <div class=\"relative z-10 block w-full lg:hidden\">\n        <img loading=\"lazy\" decoding=\"async\" width=\"535\" height=\"400\" src=\"https:\/\/catalanwines.com\/app\/uploads\/2025\/01\/1980.jpg\" class=\"object-contain object-left w-full h-full relative z-10\" alt=\"\" srcset=\"https:\/\/catalanwines.com\/app\/uploads\/2025\/01\/1980.jpg 535w, https:\/\/catalanwines.com\/app\/uploads\/2025\/01\/1980-300x224.jpg 300w\" sizes=\"auto, (max-width: 535px) 100vw, 535px\" \/>      <\/div>\n              <figcaption class=\"text-xs text-dun-950 \">Le si\u00e8ge actuel de l\u2019INCAVI se trouve \u00e0 Vilafranca del Penedes et \u00e0 Reus.\n<\/figcaption>\n      \n          <\/div>\n\n\n\n\n<\/section>\n\n\n\n<section data-background=\"light\" class=\"relative flex w-auto cont hs-text-block\">\n  \n  <div class=\"absolute inset-0 pointer-events-none mix-blend-multiply  bg-dun-100  \"><\/div>\n\n  \n      <div class=\"flex flex-col hs-width hs-width--responsive hs-section justify-start\">\n        <article class=\"hs-responsive--article\">\n      <p>Le premier si\u00e8ge de l\u2019INCAVI a \u00e9t\u00e9 l\u2019ancienne station \u0153nologique de Vilafranca del Pened\u00e8s. L\u2019INCAVI n\u2019a pas seulement veill\u00e9 sur l\u2019h\u00e9ritage de cette institution, mais les installations m\u00eames, qui avaient \u00e9t\u00e9 utilis\u00e9es pour former les propri\u00e9taires et les viticulteurs au d\u00e9but du si\u00e8cle, ont \u00e9t\u00e9 modernis\u00e9es et mises \u00e0 jour pour offrir la m\u00eame qualit\u00e9 de formation et de soutien. En XXXX, l\u2019INCAVI a vu l\u2019arriv\u00e9e d\u2019un nouveau si\u00e8ge, \u00e9galement situ\u00e9 \u00e0 Vilafranca del Pened\u00e8s : \u00e0 Reus. Parall\u00e8lement \u00e0 l\u2019ancienne station \u0153nologique, l\u2019INCAVI dispose \u00e9galement de laboratoires et d\u2019autres espaces, faisant office de sous-si\u00e8ge territorial.<\/p>\n\n    <\/article>\n      <\/div>\n\n  \n  <\/section>\n\n\n\n<section data-background=\"dark\" class=\"relative flex flex-col w-auto h-full overflow-hidden hs-image-block\">\n  \n  <div class=\"absolute inset-0 pointer-events-none mix-blend-multiply  bg-dun-200  \"><\/div>\n  \n\n\n    <div class=\"flex lg:gap-4 gap-4 flex-col lg:flex-1 lg:max-h-full hs-section lg:w-min lg:min-w-[525px] justify-start\">\n            <div class=\"hidden  lg:block relative min-h-[150px] w-full \" style=\"max-height: 392.52336448598px\">\n        <img loading=\"lazy\" decoding=\"async\" width=\"535\" height=\"400\" src=\"https:\/\/catalanwines.com\/app\/uploads\/2025\/01\/1980_1.jpg\" class=\"object-contain object-left w-full h-full @if($description)absolute flex-shrink @endif\" alt=\"\" srcset=\"https:\/\/catalanwines.com\/app\/uploads\/2025\/01\/1980_1.jpg 535w, https:\/\/catalanwines.com\/app\/uploads\/2025\/01\/1980_1-300x224.jpg 300w\" sizes=\"auto, (max-width: 535px) 100vw, 535px\" \/>              <\/div>\n      <div class=\"relative z-10 block w-full lg:hidden\">\n        <img loading=\"lazy\" decoding=\"async\" width=\"535\" height=\"400\" src=\"https:\/\/catalanwines.com\/app\/uploads\/2025\/01\/1980_1.jpg\" class=\"object-contain object-left w-full h-full relative z-10\" alt=\"\" srcset=\"https:\/\/catalanwines.com\/app\/uploads\/2025\/01\/1980_1.jpg 535w, https:\/\/catalanwines.com\/app\/uploads\/2025\/01\/1980_1-300x224.jpg 300w\" sizes=\"auto, (max-width: 535px) 100vw, 535px\" \/>      <\/div>\n              <figcaption class=\"text-xs text-dun-950 \">Premier cours d\u2019\u0153nologie destin\u00e9 \u00e0 diff\u00e9rents professionnels du secteur, dirig\u00e9 par le professeur Jaume Ciurana. 1980. Fonds priv\u00e9.\n<\/figcaption>\n      \n          <\/div>\n\n\n\n\n<\/section>\n\n\n\n<section data-background=\"dark\" class=\"relative flex w-auto cont hs-text-block\">\n  \n  <div class=\"absolute inset-0 pointer-events-none mix-blend-multiply  bg-dun-200  \"><\/div>\n\n  \n      <div class=\"flex flex-col hs-width hs-width--responsive hs-section justify-center\">\n        <article class=\"hs-responsive--article\">\n      <p>Jaume Ciurana est l\u2019un des \u00e9l\u00e9ments moteurs qui illustre la volont\u00e9 de l\u2019INCAVI en tant qu\u2019outil strat\u00e9gique dans un pays d\u00e9di\u00e9 au vin. N\u00e9 \u00e0 Barcelone mais ayant des racines \u00e0 Falset, il a \u00e9tudi\u00e9 la pharmacie et l\u2019\u0153nologie en France. Il a commenc\u00e9 sa carri\u00e8re professionnelle \u00e0 la Mas\u00eda Bach, puis \u00e0 Codorniu. Il a ensuite dirig\u00e9 l\u2019INCAVI depuis sa cr\u00e9ation.<\/p>\n<p>Influenc\u00e9 par son pass\u00e9 de scout, il pensait que la p\u00e9dagogie \u00e9tait un moyen de cr\u00e9er des personnes dot\u00e9es d\u2019un esprit critique et engag\u00e9es. C\u2019est pourquoi, sous sa direction, le programme de formation de l\u2019INCAVI a franchi des \u00e9tapes importantes comme la cr\u00e9ation de la Facult\u00e9 d\u2019\u0153nologie de l\u2019URV en 1991, une institution officielle capable de former des \u0153nologues en Catalogne. Enfin, dans le but de faire conna\u00eetre la qualit\u00e9 du vin catalan, il cr\u00e9e en 1980 la Mostra de Vins i Caves de Catalunya, une foire tout \u00e0 fait novatrice \u00e0 l\u2019\u00e9poque : elle met en relation le producteur et le client final.<\/p>\n\n    <\/article>\n      <\/div>\n\n  \n  <\/section>\n\n\n\n<section class=\"relative flex w-auto hs-more-info-block\">\n  \n  <div class=\"absolute inset-0 pointer-events-none mix-blend-multiply  bg-dun-100  \"><\/div>\n\n  \n  <div class=\"flex w-full flex-col lg:flex-row gap-12 lg:gap-10 lg:min-w-[450px] 2xl:min-w-[500px] lg:w-min hs-section\">\n          <div class=\"flex flex-col lg:min-w-[450px] 2xl:min-w-[500px] lg:w-min\">\n        <div class=\"flex pb-4 uppercase items-center gap-2 text-dun-950 text-sm font-semibold leading-none tracking-[0.07em]\">\n          <div class=\"uppercase text-wine-800\">\n            <svg class=\"h-6 w-auto\" xmlns=\"http:\/\/www.w3.org\/2000\/svg\" fill=\"none\" viewBox=\"0 0 24 24\"><path fill=\"currentColor\" d=\"M12 23.9998a12 12 0 1 1 12-11.9999c0 2.1064-.5545 4.1758-1.6076 6.0002A12.0019 12.0019 0 0 1 18 22.3924a12.001 12.001 0 0 1-6 1.6074Zm0-21.6001a9.599 9.599 0 0 0-6.7881 2.8119 9.5993 9.5993 0 0 0 0 13.5762 9.5996 9.5996 0 0 0 13.5763 0 9.5995 9.5995 0 0 0-1.9883-15.1019A9.5976 9.5976 0 0 0 12 2.3997Zm1.1999 14.4001v-4.8a1.1999 1.1999 0 1 0-2.3998 0v4.8a1.2 1.2 0 1 0 2.3998 0ZM12 5.9997a1.1998 1.1998 0 0 0-1.1999 1.2001A1.1996 1.1996 0 0 0 12 8.3998a1.1996 1.1996 0 0 0 1.1999-1.2A1.1998 1.1998 0 0 0 12 5.9997Z\"\/><\/svg>\n          <\/div>\n          Pour plus de renseignements&#8230;\n        <\/div>\n        <div class=\"flex flex-col gap-4 font-serif lg:overflow-y-auto lg:flex-row more-info\">\n                    <div class=\"flex flex-col w-full gap-4\">\n                                    <div class=\"lg:max-w-[350px] 2xl:max-w-[450px] more-info--link\">\n              <div class=\"text-lg\">INCAVI<\/div>\n              <a class=\"underline break-all text-wine-800 underline-offset-2\" href=\"https:\/\/incavi.gencat.cat\/ca\/inici\/index.html#googtrans(ca|en)\" target=\"_blank\">https:\/\/incavi.gencat.cat\/ca\/inici\/index.html#googtrans(ca|en)<\/a>\n            <\/div>\n                      <\/div>\n                  <\/div>\n      <\/div>\n            <\/div>\n\n<\/section>\n\n","protected":false},"excerpt":{"rendered":"","protected":false},"author":1,"featured_media":0,"parent":6250,"menu_order":18,"comment_status":"closed","ping_status":"closed","template":"template-fita.blade.php","meta":{"_acf_changed":false,"footnotes":""},"class_list":["post-6506","page","type-page","status-publish","hentry"],"acf":[],"yoast_head":"<!-- This site is optimized with the Yoast SEO plugin v27.4 - https:\/\/yoast.com\/product\/yoast-seo-wordpress\/ -->\n<title>1980 - Catalan Wines<\/title>\n<meta name=\"robots\" content=\"index, follow, max-snippet:-1, max-image-preview:large, max-video-preview:-1\" \/>\n<link rel=\"canonical\" href=\"https:\/\/catalanwines.com\/fr\/histoire\/any-1980\/\" \/>\n<meta property=\"og:locale\" content=\"fr_FR\" \/>\n<meta property=\"og:type\" content=\"article\" \/>\n<meta property=\"og:title\" content=\"1980 - Catalan Wines\" \/>\n<meta property=\"og:url\" content=\"https:\/\/catalanwines.com\/fr\/histoire\/any-1980\/\" \/>\n<meta property=\"og:site_name\" content=\"Catalan Wines\" \/>\n<meta property=\"article:modified_time\" content=\"2025-01-11T19:29:54+00:00\" \/>\n<meta name=\"twitter:card\" content=\"summary_large_image\" \/>\n<meta name=\"twitter:label1\" content=\"Est. reading time\" \/>\n\t<meta name=\"twitter:data1\" content=\"4 minutes\" \/>\n<script type=\"application\/ld+json\" class=\"yoast-schema-graph\">{\"@context\":\"https:\\\/\\\/schema.org\",\"@graph\":[{\"@type\":\"WebPage\",\"@id\":\"https:\\\/\\\/catalanwines.com\\\/fr\\\/histoire\\\/any-1980\\\/\",\"url\":\"https:\\\/\\\/catalanwines.com\\\/fr\\\/histoire\\\/any-1980\\\/\",\"name\":\"1980 - Catalan Wines\",\"isPartOf\":{\"@id\":\"https:\\\/\\\/catalanwines.com\\\/fr\\\/#website\"},\"datePublished\":\"2023-03-16T15:00:51+00:00\",\"dateModified\":\"2025-01-11T19:29:54+00:00\",\"breadcrumb\":{\"@id\":\"https:\\\/\\\/catalanwines.com\\\/fr\\\/histoire\\\/any-1980\\\/#breadcrumb\"},\"inLanguage\":\"fr-FR\",\"potentialAction\":[{\"@type\":\"ReadAction\",\"target\":[\"https:\\\/\\\/catalanwines.com\\\/fr\\\/histoire\\\/any-1980\\\/\"]}]},{\"@type\":\"BreadcrumbList\",\"@id\":\"https:\\\/\\\/catalanwines.com\\\/fr\\\/histoire\\\/any-1980\\\/#breadcrumb\",\"itemListElement\":[{\"@type\":\"ListItem\",\"position\":1,\"name\":\"Inici\",\"item\":\"https:\\\/\\\/catalanwines.com\\\/fr\\\/portada\\\/\"},{\"@type\":\"ListItem\",\"position\":2,\"name\":\"Histoire\",\"item\":\"https:\\\/\\\/catalanwines.com\\\/fr\\\/histoire\\\/\"},{\"@type\":\"ListItem\",\"position\":3,\"name\":\"1980\"}]},{\"@type\":\"WebSite\",\"@id\":\"https:\\\/\\\/catalanwines.com\\\/fr\\\/#website\",\"url\":\"https:\\\/\\\/catalanwines.com\\\/fr\\\/\",\"name\":\"Catalan Wines\",\"description\":\"Catalunya, on el vi es cultura\",\"potentialAction\":[{\"@type\":\"SearchAction\",\"target\":{\"@type\":\"EntryPoint\",\"urlTemplate\":\"https:\\\/\\\/catalanwines.com\\\/fr\\\/?s={search_term_string}\"},\"query-input\":{\"@type\":\"PropertyValueSpecification\",\"valueRequired\":true,\"valueName\":\"search_term_string\"}}],\"inLanguage\":\"fr-FR\"}]}<\/script>\n<!-- \/ Yoast SEO plugin. -->","yoast_head_json":{"title":"1980 - Catalan Wines","robots":{"index":"index","follow":"follow","max-snippet":"max-snippet:-1","max-image-preview":"max-image-preview:large","max-video-preview":"max-video-preview:-1"},"canonical":"https:\/\/catalanwines.com\/fr\/histoire\/any-1980\/","og_locale":"fr_FR","og_type":"article","og_title":"1980 - Catalan Wines","og_url":"https:\/\/catalanwines.com\/fr\/histoire\/any-1980\/","og_site_name":"Catalan Wines","article_modified_time":"2025-01-11T19:29:54+00:00","twitter_card":"summary_large_image","twitter_misc":{"Est. reading time":"4 minutes"},"schema":{"@context":"https:\/\/schema.org","@graph":[{"@type":"WebPage","@id":"https:\/\/catalanwines.com\/fr\/histoire\/any-1980\/","url":"https:\/\/catalanwines.com\/fr\/histoire\/any-1980\/","name":"1980 - Catalan Wines","isPartOf":{"@id":"https:\/\/catalanwines.com\/fr\/#website"},"datePublished":"2023-03-16T15:00:51+00:00","dateModified":"2025-01-11T19:29:54+00:00","breadcrumb":{"@id":"https:\/\/catalanwines.com\/fr\/histoire\/any-1980\/#breadcrumb"},"inLanguage":"fr-FR","potentialAction":[{"@type":"ReadAction","target":["https:\/\/catalanwines.com\/fr\/histoire\/any-1980\/"]}]},{"@type":"BreadcrumbList","@id":"https:\/\/catalanwines.com\/fr\/histoire\/any-1980\/#breadcrumb","itemListElement":[{"@type":"ListItem","position":1,"name":"Inici","item":"https:\/\/catalanwines.com\/fr\/portada\/"},{"@type":"ListItem","position":2,"name":"Histoire","item":"https:\/\/catalanwines.com\/fr\/histoire\/"},{"@type":"ListItem","position":3,"name":"1980"}]},{"@type":"WebSite","@id":"https:\/\/catalanwines.com\/fr\/#website","url":"https:\/\/catalanwines.com\/fr\/","name":"Catalan Wines","description":"Catalunya, on el vi es cultura","potentialAction":[{"@type":"SearchAction","target":{"@type":"EntryPoint","urlTemplate":"https:\/\/catalanwines.com\/fr\/?s={search_term_string}"},"query-input":{"@type":"PropertyValueSpecification","valueRequired":true,"valueName":"search_term_string"}}],"inLanguage":"fr-FR"}]}},"_links":{"self":[{"href":"https:\/\/catalanwines.com\/fr\/wp-json\/wp\/v2\/pages\/6506","targetHints":{"allow":["GET"]}}],"collection":[{"href":"https:\/\/catalanwines.com\/fr\/wp-json\/wp\/v2\/pages"}],"about":[{"href":"https:\/\/catalanwines.com\/fr\/wp-json\/wp\/v2\/types\/page"}],"author":[{"embeddable":true,"href":"https:\/\/catalanwines.com\/fr\/wp-json\/wp\/v2\/users\/1"}],"replies":[{"embeddable":true,"href":"https:\/\/catalanwines.com\/fr\/wp-json\/wp\/v2\/comments?post=6506"}],"version-history":[{"count":1,"href":"https:\/\/catalanwines.com\/fr\/wp-json\/wp\/v2\/pages\/6506\/revisions"}],"predecessor-version":[{"id":6520,"href":"https:\/\/catalanwines.com\/fr\/wp-json\/wp\/v2\/pages\/6506\/revisions\/6520"}],"up":[{"embeddable":true,"href":"https:\/\/catalanwines.com\/fr\/wp-json\/wp\/v2\/pages\/6250"}],"wp:attachment":[{"href":"https:\/\/catalanwines.com\/fr\/wp-json\/wp\/v2\/media?parent=6506"}],"curies":[{"name":"wp","href":"https:\/\/api.w.org\/{rel}","templated":true}]}}