{"id":6467,"date":"2023-03-16T16:00:10","date_gmt":"2023-03-16T15:00:10","guid":{"rendered":"https:\/\/catalanwines.com\/histoire\/anys-1875-1920\/"},"modified":"2025-01-11T19:57:30","modified_gmt":"2025-01-11T18:57:30","slug":"anys-1875-1920","status":"publish","type":"page","link":"https:\/\/catalanwines.com\/fr\/histoire\/anys-1875-1920\/","title":{"rendered":"1875 &#8211; 1920"},"content":{"rendered":"<section data-background=\"light\" class=\"relative flex w-auto cont hs-text-block\">\n  \n  <div class=\"absolute inset-0 pointer-events-none mix-blend-multiply  bg-dun-100  \"><\/div>\n\n  \n      <div class=\"flex flex-col hs-width hs-width--responsive hs-section justify-start\">\n        <article class=\"hs-responsive--article\">\n      <h2>La crise du phyllox\u00e9ra a entra\u00een\u00e9 de nombreuses difficult\u00e9s \u00e9conomiques pour les agriculteurs, non seulement pendant les ann\u00e9es sans r\u00e9colte, mais aussi en raison de la n\u00e9cessit\u00e9 d\u2019investir dans l\u2019op\u00e9ration d\u2019arrachage des vignes mortes et de leur remplacement par des vignes r\u00e9sistantes, avec des greffons de plants am\u00e9ricains.<\/h2>\n\n    <\/article>\n      <\/div>\n\n  \n  <\/section>\n\n\n\n<section data-background=\"light\" class=\"relative flex w-auto cont hs-text-block\">\n  \n  <div class=\"absolute inset-0 pointer-events-none mix-blend-multiply  bg-dun-100  \"><\/div>\n\n  \n      <div class=\"flex flex-col hs-width hs-width--responsive hs-section justify-start\">\n        <article class=\"hs-responsive--article\">\n      <p>Parall\u00e8lement, le secteur vitivinicole en Espagne a connu une baisse constante du prix du vin au cours du premier tiers du XXe si\u00e8cle, en raison d\u2019un d\u00e9s\u00e9quilibre entre l\u2019offre et la demande internationale, alors que de grandes productions plus prestigieuses apparaissaient. En Catalogne, on est arriv\u00e9 \u00e0 produire plus de vin qu\u2019on ne pouvait en vendre. Cette situation d\u2019instabilit\u00e9 a encourag\u00e9 les paysans catalans \u00e0 s\u2019associer.<\/p>\n<p>La premi\u00e8re soci\u00e9t\u00e9 agricole de la campagne catalane a vu le jour \u00e0 Valls, en 1888, et d\u2019autres territoires ont rapidement suivi, faisant de la Catalogne le territoire pionnier de ce syst\u00e8me d\u2019organisation sectorielle. \u00c0 Barber\u00e0 de la Conca, en 1894, \u00e0 Blancafort, en 1896, \u00e0 Vilaseca et Salou, en 1898, \u00e0 Selva del Camp, en 1903, \u00e0 Montsant, en 1904 ou \u00e0 El Vendrell, en 1906. Au XXe si\u00e8cle, ils se sont multipli\u00e9s au point qu\u2019il existait des centaines de syndicats agricoles dans toute la Catalogne.<\/p>\n<p>La Catalogne et le Pays valencien sont consid\u00e9r\u00e9s comme les r\u00e9gions o\u00f9 le coop\u00e9rativisme agricole s\u2019est d\u00e9velopp\u00e9 le plus intens\u00e9ment. Il est important de garder \u00e0 l\u2019esprit que certaines des initiatives organisationnelles de la classe paysanne catalane \u00e9taient teint\u00e9es de la naissance du mouvement ouvrier syndicaliste id\u00e9ologique, qui d\u00e9fendait le r\u00e9publicanisme f\u00e9d\u00e9ral et la lutte des classes dans les campagnes \u00e9galement.<\/p>\n\n    <\/article>\n      <\/div>\n\n  \n  <\/section>\n\n\n\n<section data-background=\"light\" class=\"relative flex flex-col w-auto h-full overflow-hidden hs-image-block\">\n  \n  <div class=\"absolute inset-0 pointer-events-none mix-blend-multiply  bg-dun-100  \"><\/div>\n  \n\n\n    <div class=\"flex lg:gap-4 gap-4 flex-col lg:flex-1 lg:max-h-full hs-section lg:w-min lg:min-w-[450px] justify-start\">\n            <div class=\"hidden  lg:block relative min-h-[150px] w-full h-full \" style=\"max-height: 336.44859813084px\">\n        <img loading=\"lazy\" decoding=\"async\" width=\"535\" height=\"400\" src=\"https:\/\/catalanwines.com\/app\/uploads\/2025\/01\/fita-8_-AV1-_-1.jpg\" class=\"object-contain object-left w-full h-full @if($description)absolute flex-shrink @endif\" alt=\"\" srcset=\"https:\/\/catalanwines.com\/app\/uploads\/2025\/01\/fita-8_-AV1-_-1.jpg 535w, https:\/\/catalanwines.com\/app\/uploads\/2025\/01\/fita-8_-AV1-_-1-300x224.jpg 300w\" sizes=\"auto, (max-width: 535px) 100vw, 535px\" \/>              <\/div>\n      <div class=\"relative z-10 block w-full lg:hidden\">\n        <img loading=\"lazy\" decoding=\"async\" width=\"535\" height=\"400\" src=\"https:\/\/catalanwines.com\/app\/uploads\/2025\/01\/fita-8_-AV1-_-1.jpg\" class=\"object-contain object-left w-full h-full relative z-10\" alt=\"\" srcset=\"https:\/\/catalanwines.com\/app\/uploads\/2025\/01\/fita-8_-AV1-_-1.jpg 535w, https:\/\/catalanwines.com\/app\/uploads\/2025\/01\/fita-8_-AV1-_-1-300x224.jpg 300w\" sizes=\"auto, (max-width: 535px) 100vw, 535px\" \/>      <\/div>\n              <figcaption class=\"text-xs text-dun-950 \">Cave du Sindicato Agr\u00edcol de l\u2019Espluga de Francol\u00ed, 1910-1920. Plaques de verre de la station \u0153nologique, CDV VINSEUM.\n<\/figcaption>\n      \n              <article class=\"h-fit pt-4 description flex-col relative z-10\n        \">\n        <p>Une grande partie des associ\u00e9s \u00e9taient des petits et moyens travailleurs de la terre qui cherchaient \u00e0 mettre en commun l\u2019acc\u00e8s \u00e0 des technologies plus modernes, \u00e0 unir leurs forces dans la commercialisation et la distribution des vins, et \u00e0 offrir un cadre de soutien social et humain aux familles paysannes, en fournissant une communaut\u00e9 et un espace de loisir et de revendication.<\/p>\n\n        <\/article>\n          <\/div>\n\n\n\n\n<\/section>\n\n\n\n<section data-background=\"dark\" class=\"relative flex flex-col w-auto h-full overflow-hidden hs-image-block\">\n  \n  <div class=\"absolute inset-0 pointer-events-none mix-blend-multiply  bg-dun-200  \"><\/div>\n  \n\n\n    <div class=\"flex lg:gap-4 gap-4 flex-col lg:flex-1 lg:max-h-full hs-section lg:w-min lg:min-w-[450px] justify-start\">\n            <div class=\"hidden  lg:block relative min-h-[150px] w-full \" style=\"max-height: 336.44859813084px\">\n        <img loading=\"lazy\" decoding=\"async\" width=\"535\" height=\"400\" src=\"https:\/\/catalanwines.com\/app\/uploads\/2025\/01\/9.jpg\" class=\"object-contain object-left w-full h-full @if($description)absolute flex-shrink @endif\" alt=\"\" srcset=\"https:\/\/catalanwines.com\/app\/uploads\/2025\/01\/9.jpg 535w, https:\/\/catalanwines.com\/app\/uploads\/2025\/01\/9-300x224.jpg 300w\" sizes=\"auto, (max-width: 535px) 100vw, 535px\" \/>              <\/div>\n      <div class=\"relative z-10 block w-full lg:hidden\">\n        <img loading=\"lazy\" decoding=\"async\" width=\"535\" height=\"400\" src=\"https:\/\/catalanwines.com\/app\/uploads\/2025\/01\/9.jpg\" class=\"object-contain object-left w-full h-full relative z-10\" alt=\"\" srcset=\"https:\/\/catalanwines.com\/app\/uploads\/2025\/01\/9.jpg 535w, https:\/\/catalanwines.com\/app\/uploads\/2025\/01\/9-300x224.jpg 300w\" sizes=\"auto, (max-width: 535px) 100vw, 535px\" \/>      <\/div>\n              <figcaption class=\"text-xs text-dun-950 \">Section de la cave du Sindicato de Cooperaci\u00f3n Agraria, de Gandesa. C\u00e8sar Martinell, 1919. Archives historiques de la COAC.<\/figcaption>\n      \n          <\/div>\n\n\n\n\n<\/section>\n\n\n\n<section data-background=\"dark\" class=\"relative flex flex-col w-auto h-full overflow-hidden hs-image-block\">\n  \n  <div class=\"absolute inset-0 pointer-events-none mix-blend-multiply  bg-dun-200  \"><\/div>\n  \n\n\n    <div class=\"flex lg:gap-4 gap-4 flex-col lg:flex-1 lg:max-h-full hs-section lg:w-min lg:min-w-[450px] justify-center\">\n            <div class=\"hidden  lg:block relative min-h-[150px] w-full \" style=\"max-height: 336.44859813084px\">\n        <img loading=\"lazy\" decoding=\"async\" width=\"535\" height=\"400\" src=\"https:\/\/catalanwines.com\/app\/uploads\/2025\/01\/92.jpg\" class=\"object-contain object-left w-full h-full @if($description)absolute flex-shrink @endif\" alt=\"\" srcset=\"https:\/\/catalanwines.com\/app\/uploads\/2025\/01\/92.jpg 535w, https:\/\/catalanwines.com\/app\/uploads\/2025\/01\/92-300x224.jpg 300w\" sizes=\"auto, (max-width: 535px) 100vw, 535px\" \/>              <\/div>\n      <div class=\"relative z-10 block w-full lg:hidden\">\n        <img loading=\"lazy\" decoding=\"async\" width=\"535\" height=\"400\" src=\"https:\/\/catalanwines.com\/app\/uploads\/2025\/01\/92.jpg\" class=\"object-contain object-left w-full h-full relative z-10\" alt=\"\" srcset=\"https:\/\/catalanwines.com\/app\/uploads\/2025\/01\/92.jpg 535w, https:\/\/catalanwines.com\/app\/uploads\/2025\/01\/92-300x224.jpg 300w\" sizes=\"auto, (max-width: 535px) 100vw, 535px\" \/>      <\/div>\n              <figcaption class=\"text-xs text-dun-950 \">Vue a\u00e9rienne de la Cooperativa de Rocafort de Queralt, actuellement sous la responsabilit\u00e9 de Bodegas Domenys, 2019. \n<\/figcaption>\n      \n          <\/div>\n\n\n\n\n<\/section>\n\n\n\n<section data-background=\"light\" class=\"relative flex w-auto cont hs-text-block\">\n  \n  <div class=\"absolute inset-0 pointer-events-none mix-blend-multiply  bg-dun-100  \"><\/div>\n\n  \n      <div class=\"flex flex-col hs-width hs-width--responsive hs-section justify-end\">\n        <article class=\"hs-responsive--article\">\n      <p>Les \u00ab\u00a0cath\u00e9drales du vin\u00a0\u00bb sont des caves coop\u00e9ratives construites selon les tendances artistiques du modernisme catalan, mais dont l\u2019architecture a \u00e9t\u00e9 con\u00e7ue pour optimiser la productivit\u00e9 et la qualit\u00e9 du vin. Elles sont consid\u00e9r\u00e9es comme une premi\u00e8re approche de l\u2019ing\u00e9nierie industrielle dans le secteur agricole. L\u2019expression \u00ab\u00a0cath\u00e9drales de vin\u00a0\u00bb vient du dramaturge catalan \u00c0ngel Guimer\u00e0, qui estimait que la magnificence et l\u2019expression artistique de ces caves m\u00e9ritaient d\u2019\u00eatre compar\u00e9es aux cath\u00e9drales gothiques. Pr\u00e8s d\u2019une centaine d\u2019entre elles sont diss\u00e9min\u00e9es dans toute la Catalogne et la plupart ont \u00e9t\u00e9 con\u00e7ues par C\u00e8sar Martinell, disciple d\u2019Antoni Gaud\u00ed, ou par Llu\u00eds Dom\u00e8nech i Muntaner. Parmi celles-ci, on peut citer celles de l\u2019Espluga de Francol\u00ed, en 1913, de Nulles, en 1917, de Rocafort de queralt, en 1918, de Gandesa, en 1919, et de Cornudella de Montsant en 1922.<\/p>\n\n    <\/article>\n      <\/div>\n\n  \n  <\/section>\n\n\n\n<section class=\"relative flex flex-col w-auto hs-image-block\">\n  \n  <div class=\"absolute inset-0 pointer-events-none mix-blend-multiply  bg-dun-100  \"><\/div>\n  \n  <div class=\"flex lg:gap-0 gap-12 flex-col lg:flex-1 lg:max-h-full hs-gap hs-section lg:w-min lg:min-w-[450px]\">\n\n    <div class=\"flex flex-1 h-full w-full flex-col gap-4 justify-start\">\n            <div class=\"block z-10 relative lg:min-h-[150px] w-full\">\n\n        <div data-src=\"https:\/\/www.youtube.com\/embed\/o84S93iTYWs?feature=oembed&amp;controls=1&amp;hd=1&amp;autohide=1\" class=\"relative w-full cursor-pointer video-actioner aspect-video h-max embed-container max-w-none\">\n          <img decoding=\"async\" class=\"absolute inset-0 object-cover w-full h-full\" src=\"https:\/\/img.youtube.com\/vi\/o84S93iTYWs\/maxresdefault.jpg\">\n          <div class=\"absolute inset-0 h-full w-full flex items-center justify-center\">\n            <svg class=\"w-12 h-12 text-wine-600\" width=\"49\" height=\"49\" viewBox=\"0 0 49 49\" fill=\"none\" xmlns=\"http:\/\/www.w3.org\/2000\/svg\">\n<g opacity=\"0.8\" filter=\"url(#filter0_b_3890_20309)\">\n<circle cx=\"24.3086\" cy=\"24.1699\" r=\"24\" fill=\"#F8F7F4\"\/>\n<\/g>\n<path d=\"M19.0727 33.4007L33.5394 24.1699L19.0727 14.9391V33.4007ZM24.3175 48.1699C21.009 48.1699 17.9025 47.5402 14.9979 46.2807C12.0933 45.0211 9.54933 43.3006 7.36586 41.1192C5.18244 38.9378 3.46037 36.3961 2.19966 33.4943C0.938949 30.5925 0.308594 27.4873 0.308594 24.1789C0.308594 20.8601 0.93835 17.7398 2.19786 14.8182C3.45742 11.8965 5.17791 9.3551 7.35933 7.19386C9.54075 5.03266 12.0824 3.3217 14.9842 2.06099C17.886 0.800277 20.9912 0.169922 24.2997 0.169922C27.6185 0.169922 30.7387 0.799678 33.6603 2.05919C36.582 3.31874 39.1234 5.02812 41.2847 7.18732C43.4459 9.34652 45.1568 11.8856 46.4175 14.8045C47.6782 17.7234 48.3086 20.8422 48.3086 24.161C48.3086 27.4695 47.6788 30.5761 46.4193 33.4806C45.1598 36.3852 43.4504 38.9292 41.2912 41.1127C39.132 43.2961 36.5929 45.0181 33.6741 46.2789C30.7551 47.5396 27.6363 48.1699 24.3175 48.1699ZM24.3086 46.1187C30.4146 46.1187 35.5992 43.9845 39.8625 39.7161C44.1257 35.4477 46.2573 30.2657 46.2573 24.1699C46.2573 18.0639 44.1257 12.8793 39.8625 8.61605C35.5992 4.35281 30.4146 2.22119 24.3086 2.22119C18.2129 2.22119 13.0308 4.35281 8.76246 8.61605C4.49406 12.8793 2.35986 18.0639 2.35986 24.1699C2.35986 30.2657 4.49406 35.4477 8.76246 39.7161C13.0308 43.9845 18.2129 46.1187 24.3086 46.1187Z\" fill=\"#A63A50\"\/>\n<defs>\n<filter id=\"filter0_b_3890_20309\" x=\"-3.69141\" y=\"-3.83008\" width=\"56\" height=\"56\" filterUnits=\"userSpaceOnUse\" color-interpolation-filters=\"sRGB\">\n<feFlood flood-opacity=\"0\" result=\"BackgroundImageFix\"\/>\n<feGaussianBlur in=\"BackgroundImageFix\" stdDeviation=\"2\"\/>\n<feComposite in2=\"SourceAlpha\" operator=\"in\" result=\"effect1_backgroundBlur_3890_20309\"\/>\n<feBlend mode=\"normal\" in=\"SourceGraphic\" in2=\"effect1_backgroundBlur_3890_20309\" result=\"shape\"\/>\n<\/filter>\n<\/defs>\n<\/svg>          <\/div>\n          <iframe loading=\"lazy\" title=\"Cooperativa de Gandesa, 1919 - 2019. Promoci\u00f3 Centenari.\" width=\"640\" height=\"360\" src=\"\" frameborder=\"0\" allow=\"accelerometer; autoplay; clipboard-write; encrypted-media; gyroscope; picture-in-picture; web-share\" referrerpolicy=\"strict-origin-when-cross-origin\" allowfullscreen frameborder=\"0 class=\"banner-video\"><\/iframe>\n        <\/div>\n\n              <\/div>\n              <figcaption class=\"text-xs text-dun-950 \">\u201cCooperativa de Gandesa, 1919 &#8211; 2019. Promoci\u00f3 Centenari\u201d<\/figcaption>\n          <\/div>\n\n  <\/div>\n\n\n<\/section>\n\n\n\n<section data-background=\"light\" class=\"relative flex flex-col w-auto h-full overflow-hidden hs-image-block\">\n  \n  <div class=\"absolute inset-0 pointer-events-none mix-blend-multiply  bg-dun-100  \"><\/div>\n  \n\n\n    <div class=\"flex lg:gap-4 gap-4 flex-col lg:flex-1 lg:max-h-full hs-section lg:w-min lg:min-w-[450px] justify-start\">\n            <div class=\"hidden  lg:block relative min-h-[150px] w-full \" style=\"max-height: 647.40566037736px\">\n        <img loading=\"lazy\" decoding=\"async\" width=\"424\" height=\"610\" src=\"https:\/\/catalanwines.com\/app\/uploads\/2025\/01\/FITA-9_-AV3.png\" class=\"object-contain object-left w-full h-full @if($description)absolute flex-shrink @endif\" alt=\"\" srcset=\"https:\/\/catalanwines.com\/app\/uploads\/2025\/01\/FITA-9_-AV3.png 424w, https:\/\/catalanwines.com\/app\/uploads\/2025\/01\/FITA-9_-AV3-209x300.png 209w\" sizes=\"auto, (max-width: 424px) 100vw, 424px\" \/>              <\/div>\n      <div class=\"relative z-10 block w-full lg:hidden\">\n        <img loading=\"lazy\" decoding=\"async\" width=\"424\" height=\"610\" src=\"https:\/\/catalanwines.com\/app\/uploads\/2025\/01\/FITA-9_-AV3.png\" class=\"object-contain object-left w-full h-full relative z-10\" alt=\"\" srcset=\"https:\/\/catalanwines.com\/app\/uploads\/2025\/01\/FITA-9_-AV3.png 424w, https:\/\/catalanwines.com\/app\/uploads\/2025\/01\/FITA-9_-AV3-209x300.png 209w\" sizes=\"auto, (max-width: 424px) 100vw, 424px\" \/>      <\/div>\n              <figcaption class=\"text-xs text-dun-950 \">\u00ab\u00a0Campesino la Uni\u00f3n de Rabassaires de Catalu\u00f1a est votre organisation syndicale : A ce titre, elle a toujours veill\u00e9 \u00e0 vos int\u00e9r\u00eats de classe\u00a0\u00bb, affiche publi\u00e9e par la Uni\u00f3n de Rabassaires pendant le conflit.\n<\/figcaption>\n      \n          <\/div>\n\n\n\n\n<\/section>\n\n\n\n<section data-background=\"light\" class=\"relative flex w-auto cont hs-text-block\">\n  \n  <div class=\"absolute inset-0 pointer-events-none mix-blend-multiply  bg-dun-100  \"><\/div>\n\n  \n      <div class=\"flex flex-col hs-width hs-width--responsive hs-section justify-start\">\n        <article class=\"hs-responsive--article\">\n      <p>Le coop\u00e9rativisme agraire de gauche, li\u00e9 aux contrats de \u00ab\u00a0rabassa morta\u00a0\u00bb, s\u2019est consolid\u00e9 au cours du premier tiers du XXe si\u00e8cle (Note de traduction : type de contrat tr\u00e8s r\u00e9pandu en Catalogne, par lequel un agriculteur se voyait attribuer une portion de terre pour y cultiver de la vigne, en \u00e9change d\u2019une partie de sa r\u00e9colte). La n\u00e9cessit\u00e9 d\u2019une demande beaucoup plus sp\u00e9cifique de la part du secteur a conduit \u00e0 la cr\u00e9ation de l\u2019Uni\u00f3n de Rabassaires en 1922, qui a jou\u00e9 un r\u00f4le cl\u00e9 dans l\u2019organisation du secteur vitivinicole pendant la Guerre civile espagnole.<\/p>\n\n    <\/article>\n      <\/div>\n\n  \n  <\/section>\n\n\n\n<section class=\"relative flex w-auto hs-more-info-block\">\n  \n  <div class=\"absolute inset-0 pointer-events-none mix-blend-multiply  bg-dun-100  \"><\/div>\n\n  \n  <div class=\"flex w-full flex-col lg:flex-row gap-12 lg:gap-10 lg:min-w-[450px] 2xl:min-w-[500px] lg:w-min hs-section\">\n          <div class=\"flex flex-col lg:min-w-[450px] 2xl:min-w-[500px] lg:w-min\">\n        <div class=\"flex pb-4 uppercase items-center gap-2 text-dun-950 text-sm font-semibold leading-none tracking-[0.07em]\">\n          <div class=\"uppercase text-wine-800\">\n            <svg class=\"h-6 w-auto\" xmlns=\"http:\/\/www.w3.org\/2000\/svg\" fill=\"none\" viewBox=\"0 0 24 24\"><path fill=\"currentColor\" d=\"M12 23.9998a12 12 0 1 1 12-11.9999c0 2.1064-.5545 4.1758-1.6076 6.0002A12.0019 12.0019 0 0 1 18 22.3924a12.001 12.001 0 0 1-6 1.6074Zm0-21.6001a9.599 9.599 0 0 0-6.7881 2.8119 9.5993 9.5993 0 0 0 0 13.5762 9.5996 9.5996 0 0 0 13.5763 0 9.5995 9.5995 0 0 0-1.9883-15.1019A9.5976 9.5976 0 0 0 12 2.3997Zm1.1999 14.4001v-4.8a1.1999 1.1999 0 1 0-2.3998 0v4.8a1.2 1.2 0 1 0 2.3998 0ZM12 5.9997a1.1998 1.1998 0 0 0-1.1999 1.2001A1.1996 1.1996 0 0 0 12 8.3998a1.1996 1.1996 0 0 0 1.1999-1.2A1.1998 1.1998 0 0 0 12 5.9997Z\"\/><\/svg>\n          <\/div>\n          Pour plus de renseignements&#8230;\n        <\/div>\n        <div class=\"flex flex-col gap-4 font-serif lg:overflow-y-auto lg:flex-row more-info\">\n                    <div class=\"flex flex-col w-full gap-4\">\n                                    <div class=\"lg:max-w-[350px] 2xl:max-w-[450px] more-info--link\">\n              <div class=\"text-lg\">Catedrals del vi<\/div>\n              <a class=\"underline break-all text-wine-800 underline-offset-2\" href=\"http:\/\/www.catedralsdelvi.cat\/\" target=\"_blank\">http:\/\/www.catedralsdelvi.cat\/<\/a>\n            <\/div>\n                      <\/div>\n                  <\/div>\n      <\/div>\n            <\/div>\n\n<\/section>\n\n","protected":false},"excerpt":{"rendered":"","protected":false},"author":1,"featured_media":0,"parent":6250,"menu_order":16,"comment_status":"closed","ping_status":"closed","template":"template-fita.blade.php","meta":{"_acf_changed":false,"footnotes":""},"class_list":["post-6467","page","type-page","status-publish","hentry"],"acf":[],"yoast_head":"<!-- This site is optimized with the Yoast SEO plugin v27.4 - https:\/\/yoast.com\/product\/yoast-seo-wordpress\/ -->\n<title>1875 - 1920 - Catalan Wines<\/title>\n<meta name=\"robots\" content=\"index, follow, max-snippet:-1, max-image-preview:large, max-video-preview:-1\" \/>\n<link rel=\"canonical\" href=\"https:\/\/catalanwines.com\/fr\/histoire\/anys-1875-1920\/\" \/>\n<meta property=\"og:locale\" content=\"fr_FR\" \/>\n<meta property=\"og:type\" content=\"article\" \/>\n<meta property=\"og:title\" content=\"1875 - 1920 - Catalan Wines\" \/>\n<meta property=\"og:url\" content=\"https:\/\/catalanwines.com\/fr\/histoire\/anys-1875-1920\/\" \/>\n<meta property=\"og:site_name\" content=\"Catalan Wines\" \/>\n<meta property=\"article:modified_time\" content=\"2025-01-11T18:57:30+00:00\" \/>\n<meta name=\"twitter:card\" content=\"summary_large_image\" \/>\n<meta name=\"twitter:label1\" content=\"Est. reading time\" \/>\n\t<meta name=\"twitter:data1\" content=\"5 minutes\" \/>\n<script type=\"application\/ld+json\" class=\"yoast-schema-graph\">{\"@context\":\"https:\\\/\\\/schema.org\",\"@graph\":[{\"@type\":\"WebPage\",\"@id\":\"https:\\\/\\\/catalanwines.com\\\/fr\\\/histoire\\\/anys-1875-1920\\\/\",\"url\":\"https:\\\/\\\/catalanwines.com\\\/fr\\\/histoire\\\/anys-1875-1920\\\/\",\"name\":\"1875 - 1920 - Catalan Wines\",\"isPartOf\":{\"@id\":\"https:\\\/\\\/catalanwines.com\\\/fr\\\/#website\"},\"datePublished\":\"2023-03-16T15:00:10+00:00\",\"dateModified\":\"2025-01-11T18:57:30+00:00\",\"breadcrumb\":{\"@id\":\"https:\\\/\\\/catalanwines.com\\\/fr\\\/histoire\\\/anys-1875-1920\\\/#breadcrumb\"},\"inLanguage\":\"fr-FR\",\"potentialAction\":[{\"@type\":\"ReadAction\",\"target\":[\"https:\\\/\\\/catalanwines.com\\\/fr\\\/histoire\\\/anys-1875-1920\\\/\"]}]},{\"@type\":\"BreadcrumbList\",\"@id\":\"https:\\\/\\\/catalanwines.com\\\/fr\\\/histoire\\\/anys-1875-1920\\\/#breadcrumb\",\"itemListElement\":[{\"@type\":\"ListItem\",\"position\":1,\"name\":\"Inici\",\"item\":\"https:\\\/\\\/catalanwines.com\\\/fr\\\/portada\\\/\"},{\"@type\":\"ListItem\",\"position\":2,\"name\":\"Histoire\",\"item\":\"https:\\\/\\\/catalanwines.com\\\/fr\\\/histoire\\\/\"},{\"@type\":\"ListItem\",\"position\":3,\"name\":\"1875 &#8211; 1920\"}]},{\"@type\":\"WebSite\",\"@id\":\"https:\\\/\\\/catalanwines.com\\\/fr\\\/#website\",\"url\":\"https:\\\/\\\/catalanwines.com\\\/fr\\\/\",\"name\":\"Catalan Wines\",\"description\":\"Catalunya, on el vi es cultura\",\"potentialAction\":[{\"@type\":\"SearchAction\",\"target\":{\"@type\":\"EntryPoint\",\"urlTemplate\":\"https:\\\/\\\/catalanwines.com\\\/fr\\\/?s={search_term_string}\"},\"query-input\":{\"@type\":\"PropertyValueSpecification\",\"valueRequired\":true,\"valueName\":\"search_term_string\"}}],\"inLanguage\":\"fr-FR\"}]}<\/script>\n<!-- \/ Yoast SEO plugin. -->","yoast_head_json":{"title":"1875 - 1920 - Catalan Wines","robots":{"index":"index","follow":"follow","max-snippet":"max-snippet:-1","max-image-preview":"max-image-preview:large","max-video-preview":"max-video-preview:-1"},"canonical":"https:\/\/catalanwines.com\/fr\/histoire\/anys-1875-1920\/","og_locale":"fr_FR","og_type":"article","og_title":"1875 - 1920 - Catalan Wines","og_url":"https:\/\/catalanwines.com\/fr\/histoire\/anys-1875-1920\/","og_site_name":"Catalan Wines","article_modified_time":"2025-01-11T18:57:30+00:00","twitter_card":"summary_large_image","twitter_misc":{"Est. reading time":"5 minutes"},"schema":{"@context":"https:\/\/schema.org","@graph":[{"@type":"WebPage","@id":"https:\/\/catalanwines.com\/fr\/histoire\/anys-1875-1920\/","url":"https:\/\/catalanwines.com\/fr\/histoire\/anys-1875-1920\/","name":"1875 - 1920 - Catalan Wines","isPartOf":{"@id":"https:\/\/catalanwines.com\/fr\/#website"},"datePublished":"2023-03-16T15:00:10+00:00","dateModified":"2025-01-11T18:57:30+00:00","breadcrumb":{"@id":"https:\/\/catalanwines.com\/fr\/histoire\/anys-1875-1920\/#breadcrumb"},"inLanguage":"fr-FR","potentialAction":[{"@type":"ReadAction","target":["https:\/\/catalanwines.com\/fr\/histoire\/anys-1875-1920\/"]}]},{"@type":"BreadcrumbList","@id":"https:\/\/catalanwines.com\/fr\/histoire\/anys-1875-1920\/#breadcrumb","itemListElement":[{"@type":"ListItem","position":1,"name":"Inici","item":"https:\/\/catalanwines.com\/fr\/portada\/"},{"@type":"ListItem","position":2,"name":"Histoire","item":"https:\/\/catalanwines.com\/fr\/histoire\/"},{"@type":"ListItem","position":3,"name":"1875 &#8211; 1920"}]},{"@type":"WebSite","@id":"https:\/\/catalanwines.com\/fr\/#website","url":"https:\/\/catalanwines.com\/fr\/","name":"Catalan Wines","description":"Catalunya, on el vi es cultura","potentialAction":[{"@type":"SearchAction","target":{"@type":"EntryPoint","urlTemplate":"https:\/\/catalanwines.com\/fr\/?s={search_term_string}"},"query-input":{"@type":"PropertyValueSpecification","valueRequired":true,"valueName":"search_term_string"}}],"inLanguage":"fr-FR"}]}},"_links":{"self":[{"href":"https:\/\/catalanwines.com\/fr\/wp-json\/wp\/v2\/pages\/6467","targetHints":{"allow":["GET"]}}],"collection":[{"href":"https:\/\/catalanwines.com\/fr\/wp-json\/wp\/v2\/pages"}],"about":[{"href":"https:\/\/catalanwines.com\/fr\/wp-json\/wp\/v2\/types\/page"}],"author":[{"embeddable":true,"href":"https:\/\/catalanwines.com\/fr\/wp-json\/wp\/v2\/users\/1"}],"replies":[{"embeddable":true,"href":"https:\/\/catalanwines.com\/fr\/wp-json\/wp\/v2\/comments?post=6467"}],"version-history":[{"count":1,"href":"https:\/\/catalanwines.com\/fr\/wp-json\/wp\/v2\/pages\/6467\/revisions"}],"predecessor-version":[{"id":6491,"href":"https:\/\/catalanwines.com\/fr\/wp-json\/wp\/v2\/pages\/6467\/revisions\/6491"}],"up":[{"embeddable":true,"href":"https:\/\/catalanwines.com\/fr\/wp-json\/wp\/v2\/pages\/6250"}],"wp:attachment":[{"href":"https:\/\/catalanwines.com\/fr\/wp-json\/wp\/v2\/media?parent=6467"}],"curies":[{"name":"wp","href":"https:\/\/api.w.org\/{rel}","templated":true}]}}