{"id":6369,"date":"2023-03-16T15:59:21","date_gmt":"2023-03-16T14:59:21","guid":{"rendered":"https:\/\/catalanwines.com\/histoire\/any-1870\/"},"modified":"2025-01-11T18:55:26","modified_gmt":"2025-01-11T17:55:26","slug":"any-1870","status":"publish","type":"page","link":"https:\/\/catalanwines.com\/fr\/histoire\/any-1870\/","title":{"rendered":"1870"},"content":{"rendered":"<section data-background=\"light\" class=\"relative flex w-auto cont hs-text-block\">\n  \n  <div class=\"absolute inset-0 pointer-events-none mix-blend-multiply  bg-dun-100  \"><\/div>\n\n  \n    <div class=\"hs-grid--responsive flex flex-col h-fit lg:grid grid-cols-[repeat(2,_fit-content(450px))] xl:grid-cols-[repeat(2,_fit-content(500px))] gap-y-8 gap-x-24 auto-rows-min hs-section\">\n    <div class=\"grid-cols-2 lg:grid col-span-full gap-x-24\">\n      <div class=\" col-span-1 \">\n        <article><h2>Les premiers vins mousseux connus de la p\u00e9ninsule Ib\u00e9rique ont \u00e9t\u00e9 \u00e9labor\u00e9s en Catalogne.<\/h2>\n<p>D\u00e8s le milieu du XIXe si\u00e8cle, le march\u00e9 catalan \u00e9tait la principale destination p\u00e9ninsulaire des vins de la r\u00e9gion de Champagne, et les exp\u00e9riences men\u00e9es par les Catalans ont imm\u00e9diatement permis d\u2019obtenir ce style de vin associ\u00e9 \u00e0 une consommation prestigieuse, agr\u00e9able et avant-gardiste. Les premiers essais ont \u00e9t\u00e9 r\u00e9alis\u00e9s \u00e0 Terrassa par le producteur Pau Gal\u00ed en 1851, puis par Agust\u00ed Vilaret \u00e0 Blanes en 1867, et par Francesc Gil et Domingo Soberano \u00e0 Reus en 1868, entre autres.<\/p>\n<\/article>\n      <\/div>\n            <div class=\"col-span-1 hs-width\">\n        <article><p>Mais avec la chute des exportations fran\u00e7aises due \u00e0 la crise du phyllox\u00e9ra dans les ann\u00e9es 1870, la demande pour ce style de vin a augment\u00e9 de fa\u00e7on exponentielle, et le besoin de produire des vins mousseux catalans s\u2019est drastiquement accru. La tentative de cr\u00e9ation d\u2019entreprises sp\u00e9cialis\u00e9es dans la production de vins mousseux prend de l\u2019ampleur sur le march\u00e9 et constituera un \u00e9v\u00e9nement capital pour l\u2019\u00e9conomie et la culture du vin en Catalogne. <\/p>\n<p>Codorniu, dirig\u00e9 par l\u2019homme d\u2019affaires visionnaire Manuel Ravent\u00f3s, sera l\u2019initiative commerciale la plus fructueuse dans le domaine de la production de vins mousseux qui d\u00e9finira les tendances du march\u00e9 catalan, de plus en plus moderne et exigeant en mati\u00e8re de vins de qualit\u00e9.<\/p>\n<p>Le d\u00e9clenchement de la Premi\u00e8re Guerre mondiale (1914-1919) et la crise \u00e9conomique des ann\u00e9es 1930 ont entra\u00een\u00e9 une baisse des exportations de champagnes fran\u00e7ais. Cette r\u00e9alit\u00e9 est mise \u00e0 profit par les exportateurs de vins mousseux catalans, qui se font une place sur les march\u00e9s internationaux, exportant des centaines de milliers de bouteilles dans le monde entier.<\/p>\n<p>D\u2019autres entreprises et producteurs de la r\u00e9gion de Sant Sadurn\u00ed suivent l\u2019exemple de Codorniu et aident la Catalogne \u00e0 se r\u00e9affirmer comme le principal point de r\u00e9f\u00e9rence de la bulle dans toute l\u2019Espagne, jusqu\u2019\u00e0 aujourd\u2019hui.<\/p>\n<\/article>\n      <\/div>\n          <\/div>\n    <div class=\" col-span-1 \">\n      <article><\/article>\n    <\/div>\n        <div class=\"col-span-1\">\n      <article><\/article>\n    <\/div>\n      <\/div>\n  <\/section>\n\n\n\n<section data-background=\"light\" class=\"relative flex flex-col w-auto h-full overflow-hidden hs-image-block\">\n  \n  <div class=\"absolute inset-0 pointer-events-none mix-blend-multiply  bg-dun-100  \"><\/div>\n  \n\n\n    <div class=\"flex lg:gap-4 gap-4 flex-col lg:flex-1 lg:max-h-full hs-section lg:w-min lg:min-w-[450px] justify-start\">\n            <div class=\"hidden  lg:block relative min-h-[150px] w-full \" style=\"max-height: 598.31460674157px\">\n        <img loading=\"lazy\" decoding=\"async\" width=\"534\" height=\"710\" src=\"https:\/\/catalanwines.com\/app\/uploads\/2025\/01\/fita-6_AV1.jpg\" class=\"object-contain object-left w-full h-full @if($description)absolute flex-shrink @endif\" alt=\"\" srcset=\"https:\/\/catalanwines.com\/app\/uploads\/2025\/01\/fita-6_AV1.jpg 534w, https:\/\/catalanwines.com\/app\/uploads\/2025\/01\/fita-6_AV1-226x300.jpg 226w\" sizes=\"auto, (max-width: 534px) 100vw, 534px\" \/>              <\/div>\n      <div class=\"relative z-10 block w-full lg:hidden\">\n        <img loading=\"lazy\" decoding=\"async\" width=\"534\" height=\"710\" src=\"https:\/\/catalanwines.com\/app\/uploads\/2025\/01\/fita-6_AV1.jpg\" class=\"object-contain object-left w-full h-full relative z-10\" alt=\"\" srcset=\"https:\/\/catalanwines.com\/app\/uploads\/2025\/01\/fita-6_AV1.jpg 534w, https:\/\/catalanwines.com\/app\/uploads\/2025\/01\/fita-6_AV1-226x300.jpg 226w\" sizes=\"auto, (max-width: 534px) 100vw, 534px\" \/>      <\/div>\n              <figcaption class=\"text-xs text-dun-950 \">Ouvrier lors du d\u00e9bouchage d\u2019une bouteille, 1901. Archives nationales de Catalogne, ACAP20-1046-N-70.\n<\/figcaption>\n      \n          <\/div>\n\n\n\n\n<\/section>\n\n\n\n<section data-background=\"light\" class=\"relative flex flex-col w-auto h-full overflow-hidden hs-image-block\">\n  \n  <div class=\"absolute inset-0 pointer-events-none mix-blend-multiply  bg-dun-100  \"><\/div>\n  \n\n\n    <div class=\"flex lg:gap-4 gap-4 flex-col lg:flex-1 lg:max-h-full hs-section lg:w-min lg:min-w-[450px] justify-start\">\n            <div class=\"hidden  lg:block relative min-h-[150px] w-full \" style=\"max-height: 336.44859813084px\">\n        <img loading=\"lazy\" decoding=\"async\" width=\"535\" height=\"400\" src=\"https:\/\/catalanwines.com\/app\/uploads\/2025\/01\/Fita-6_AV2.png\" class=\"object-contain object-left w-full h-full @if($description)absolute flex-shrink @endif\" alt=\"\" srcset=\"https:\/\/catalanwines.com\/app\/uploads\/2025\/01\/Fita-6_AV2.png 535w, https:\/\/catalanwines.com\/app\/uploads\/2025\/01\/Fita-6_AV2-300x224.png 300w\" sizes=\"auto, (max-width: 535px) 100vw, 535px\" \/>              <\/div>\n      <div class=\"relative z-10 block w-full lg:hidden\">\n        <img loading=\"lazy\" decoding=\"async\" width=\"535\" height=\"400\" src=\"https:\/\/catalanwines.com\/app\/uploads\/2025\/01\/Fita-6_AV2.png\" class=\"object-contain object-left w-full h-full relative z-10\" alt=\"\" srcset=\"https:\/\/catalanwines.com\/app\/uploads\/2025\/01\/Fita-6_AV2.png 535w, https:\/\/catalanwines.com\/app\/uploads\/2025\/01\/Fita-6_AV2-300x224.png 300w\" sizes=\"auto, (max-width: 535px) 100vw, 535px\" \/>      <\/div>\n              <figcaption class=\"text-xs text-dun-950 \">Ouvriers de la Bodega Grande de Can Codorniu, con\u00e7ue par l\u2019architecte moderniste catalan Josep Puig i Cadafalch, pendant le processus de mise en bouteille, au d\u00e9but du XXe si\u00e8cle. Archives nationales de Catalogne, ACAP20-1046-N-32.\n<\/figcaption>\n      \n          <\/div>\n\n\n\n\n<\/section>\n\n\n\n<section data-background=\"dark\" class=\"relative flex flex-col w-auto h-full overflow-hidden hs-image-block\">\n  \n  <div class=\"absolute inset-0 pointer-events-none mix-blend-multiply  bg-dun-200  \"><\/div>\n  \n\n\n    <div class=\"flex lg:gap-4 gap-4 flex-col lg:flex-1 lg:max-h-full hs-section lg:w-min lg:min-w-[450px] justify-start\">\n            <div class=\"hidden  lg:block relative min-h-[150px] w-full h-full \" style=\"max-height: 336.44859813084px\">\n        <img loading=\"lazy\" decoding=\"async\" width=\"535\" height=\"400\" src=\"https:\/\/catalanwines.com\/app\/uploads\/2025\/01\/Fita-6_AV1-3.png\" class=\"object-contain object-left w-full h-full @if($description)absolute flex-shrink @endif\" alt=\"\" srcset=\"https:\/\/catalanwines.com\/app\/uploads\/2025\/01\/Fita-6_AV1-3.png 535w, https:\/\/catalanwines.com\/app\/uploads\/2025\/01\/Fita-6_AV1-3-300x224.png 300w\" sizes=\"auto, (max-width: 535px) 100vw, 535px\" \/>              <\/div>\n      <div class=\"relative z-10 block w-full lg:hidden\">\n        <img loading=\"lazy\" decoding=\"async\" width=\"535\" height=\"400\" src=\"https:\/\/catalanwines.com\/app\/uploads\/2025\/01\/Fita-6_AV1-3.png\" class=\"object-contain object-left w-full h-full relative z-10\" alt=\"\" srcset=\"https:\/\/catalanwines.com\/app\/uploads\/2025\/01\/Fita-6_AV1-3.png 535w, https:\/\/catalanwines.com\/app\/uploads\/2025\/01\/Fita-6_AV1-3-300x224.png 300w\" sizes=\"auto, (max-width: 535px) 100vw, 535px\" \/>      <\/div>\n              <figcaption class=\"text-xs text-dun-950 \">Visite d\u2019un groupe de participants au Ve Congr\u00e8s international de la publicit\u00e9 \u00e0 la cave Codorniu, 1935. Auteur\u00a0: Josep Maria Sagarra. Archives nationales de Catalogne, ANC1-585-N-10961<\/figcaption>\n      \n              <article class=\"h-fit pt-4 description flex-col relative z-10\n        \">\n        <p>Manuel Ravent\u00f3s repr\u00e9sente la somme des facteurs qui ont conduit \u00e0 la cr\u00e9ation du secteur du cava \u00e0 Sant Sadurn\u00ed\u00a0:\u00a0le contr\u00f4le des connaissances scientifiques et l\u2019acc\u00e8s aux techniques n\u00e9cessaires pour contr\u00f4ler la seconde fermentation en bouteille ; la syst\u00e9matisation d\u2019industries compl\u00e9mentaires telles que la production de bouteilles et de bouchons ; et enfin, la conceptualisation moderne de la publicit\u00e9 dans la commercialisation du vin dans un marketing naissant.<\/p>\n\n        <\/article>\n          <\/div>\n\n\n\n\n<\/section>\n\n\n\n<section data-background=\"light\" class=\"relative flex flex-col w-auto h-full overflow-hidden hs-image-block\">\n  \n  <div class=\"absolute inset-0 pointer-events-none mix-blend-multiply  bg-dun-100  \"><\/div>\n  \n\n\n    <div class=\"flex lg:gap-4 gap-4 flex-col lg:flex-1 lg:max-h-full hs-section lg:w-min lg:min-w-[525px] justify-start\">\n            <div class=\"hidden  lg:block relative min-h-[150px] w-full \" style=\"max-height: 780.07075471698px\">\n        <img loading=\"lazy\" decoding=\"async\" width=\"424\" height=\"630\" src=\"https:\/\/catalanwines.com\/app\/uploads\/2025\/01\/Fita-6_-AV2_Elaboracio-dels-vins-escumosos.png\" class=\"object-contain object-left w-full h-full @if($description)absolute flex-shrink @endif\" alt=\"\" srcset=\"https:\/\/catalanwines.com\/app\/uploads\/2025\/01\/Fita-6_-AV2_Elaboracio-dels-vins-escumosos.png 424w, https:\/\/catalanwines.com\/app\/uploads\/2025\/01\/Fita-6_-AV2_Elaboracio-dels-vins-escumosos-202x300.png 202w\" sizes=\"auto, (max-width: 424px) 100vw, 424px\" \/>              <\/div>\n      <div class=\"relative z-10 block w-full lg:hidden\">\n        <img loading=\"lazy\" decoding=\"async\" width=\"424\" height=\"630\" src=\"https:\/\/catalanwines.com\/app\/uploads\/2025\/01\/Fita-6_-AV2_Elaboracio-dels-vins-escumosos.png\" class=\"object-contain object-left w-full h-full relative z-10\" alt=\"\" srcset=\"https:\/\/catalanwines.com\/app\/uploads\/2025\/01\/Fita-6_-AV2_Elaboracio-dels-vins-escumosos.png 424w, https:\/\/catalanwines.com\/app\/uploads\/2025\/01\/Fita-6_-AV2_Elaboracio-dels-vins-escumosos-202x300.png 202w\" sizes=\"auto, (max-width: 424px) 100vw, 424px\" \/>      <\/div>\n              <figcaption class=\"text-xs text-dun-950 \">ESQUIROL, M. (1881), \u00c9laboration des vins mousseux. Barcelone : La Renaixensa. \n<\/figcaption>\n      \n          <\/div>\n\n\n\n\n<\/section>\n\n\n\n<section data-background=\"light\" class=\"relative flex w-auto cont hs-text-block\">\n  \n  <div class=\"absolute inset-0 pointer-events-none mix-blend-multiply  bg-dun-100  \"><\/div>\n\n  \n      <div class=\"flex flex-col hs-width hs-width--responsive hs-section justify-start\">\n        <article class=\"hs-responsive--article\">\n      <p>Miquel Esquirol, producteur \u00e0 Vilanova i la Geltr\u00fa, a \u00e9crit ce trait\u00e9 en 1870, rassemblant les connaissances scientifiques et techniques qui ont \u00e9t\u00e9 \u00e0 la base de la r\u00e9volution des bulles catalanes. Il a finalement \u00e9t\u00e9 publi\u00e9 en 1881 et est devenu une source tr\u00e8s importante pour tous les viticulteurs qui voulaient innover et r\u00e9pondre au march\u00e9 avec un vin de luxe.<\/p>\n\n    <\/article>\n      <\/div>\n\n  \n  <\/section>\n\n\n\n<section data-background=\"light\" class=\"relative flex flex-col w-auto h-full overflow-hidden hs-image-block\">\n  \n  <div class=\"absolute inset-0 pointer-events-none mix-blend-multiply  bg-dun-100  \"><\/div>\n  \n\n\n    <div class=\"flex lg:gap-4 gap-4 flex-col lg:flex-1 lg:max-h-full hs-section lg:w-min lg:min-w-[450px] justify-start\">\n            <div class=\"hidden  lg:block relative min-h-[150px] w-full h-full \" style=\"max-height: 336.44859813084px\">\n        <img loading=\"lazy\" decoding=\"async\" width=\"535\" height=\"400\" src=\"https:\/\/catalanwines.com\/app\/uploads\/2025\/01\/Fita-6_-3.png\" class=\"object-contain object-left w-full h-full @if($description)absolute flex-shrink @endif\" alt=\"\" srcset=\"https:\/\/catalanwines.com\/app\/uploads\/2025\/01\/Fita-6_-3.png 535w, https:\/\/catalanwines.com\/app\/uploads\/2025\/01\/Fita-6_-3-300x224.png 300w\" sizes=\"auto, (max-width: 535px) 100vw, 535px\" \/>              <\/div>\n      <div class=\"relative z-10 block w-full lg:hidden\">\n        <img loading=\"lazy\" decoding=\"async\" width=\"535\" height=\"400\" src=\"https:\/\/catalanwines.com\/app\/uploads\/2025\/01\/Fita-6_-3.png\" class=\"object-contain object-left w-full h-full relative z-10\" alt=\"\" srcset=\"https:\/\/catalanwines.com\/app\/uploads\/2025\/01\/Fita-6_-3.png 535w, https:\/\/catalanwines.com\/app\/uploads\/2025\/01\/Fita-6_-3-300x224.png 300w\" sizes=\"auto, (max-width: 535px) 100vw, 535px\" \/>      <\/div>\n              <figcaption class=\"text-xs text-dun-950 \">nt\u00e9rieur de la Cava Codorniu, o\u00f9 l\u2019on peut voir une foudre avec un portrait de Josep Ravent\u00f3s i Fatj\u00f3 sur une feuille de m\u00e9tal gaufr\u00e9, du d\u00e9but du XXe si\u00e8cle. Archives nationales de Catalogne, ACAP20-1046-N-552.\n<\/figcaption>\n      \n              <article class=\"h-fit pt-4 description flex-col relative z-10\n        \">\n        <p>Le mot \u00ab\u00a0cava\u00a0\u00bb (du catalan, espace sous le sol o\u00f9 reposent les bouteilles de vin pour leur mise en bouteille), est apparu pour la premi\u00e8re fois dans les documents officiels dans un d\u00e9cret-loi en 1959. C\u2019est ce concept qui sera utilis\u00e9 pour d\u00e9signer et classer tous les vins mousseux produits de mani\u00e8re traditionnelle. En 1972, l\u2019appellation DO CAVA a \u00e9t\u00e9 cr\u00e9\u00e9e. <\/p>\n\n        <\/article>\n          <\/div>\n\n\n\n\n<\/section>\n\n\n\n<section data-background=\"light\" class=\"relative flex flex-col w-auto h-full overflow-hidden hs-image-block\">\n  \n  <div class=\"absolute inset-0 pointer-events-none mix-blend-multiply  bg-dun-100  \"><\/div>\n  \n\n\n    <div class=\"flex lg:gap-4 gap-4 flex-col lg:flex-1 lg:max-h-full hs-section lg:w-min lg:min-w-[450px] justify-center\">\n            <div class=\"hidden  lg:block relative min-h-[150px] w-full \" style=\"max-height: 209.57446808511px\">\n        <img loading=\"lazy\" decoding=\"async\" width=\"423\" height=\"197\" src=\"https:\/\/catalanwines.com\/app\/uploads\/2025\/01\/fita-6_AV3-1.png\" class=\"object-contain object-left w-full h-full @if($description)absolute flex-shrink @endif\" alt=\"\" srcset=\"https:\/\/catalanwines.com\/app\/uploads\/2025\/01\/fita-6_AV3-1.png 423w, https:\/\/catalanwines.com\/app\/uploads\/2025\/01\/fita-6_AV3-1-300x140.png 300w\" sizes=\"auto, (max-width: 423px) 100vw, 423px\" \/>              <\/div>\n      <div class=\"relative z-10 block w-full lg:hidden\">\n        <img loading=\"lazy\" decoding=\"async\" width=\"423\" height=\"197\" src=\"https:\/\/catalanwines.com\/app\/uploads\/2025\/01\/fita-6_AV3-1.png\" class=\"object-contain object-left w-full h-full relative z-10\" alt=\"\" srcset=\"https:\/\/catalanwines.com\/app\/uploads\/2025\/01\/fita-6_AV3-1.png 423w, https:\/\/catalanwines.com\/app\/uploads\/2025\/01\/fita-6_AV3-1-300x140.png 300w\" sizes=\"auto, (max-width: 423px) 100vw, 423px\" \/>      <\/div>\n              <figcaption class=\"text-xs text-dun-950 \">Extrait de l\u2019arr\u00eat\u00e9 du 02.07.59 (BOE 04.08.59). \u00ab\u00a0Normes commerciales pour les vins mousseux et gaz\u00e9ifi\u00e9s\u00a0\u00bb. <\/figcaption>\n      \n          <\/div>\n\n\n\n\n<\/section>\n\n\n\n<section class=\"relative flex w-auto hs-more-info-block\">\n  \n  <div class=\"absolute inset-0 pointer-events-none mix-blend-multiply  bg-dun-100  \"><\/div>\n\n  \n  <div class=\"flex w-full flex-col lg:flex-row gap-12 lg:gap-10 lg:min-w-[450px] 2xl:min-w-[500px] lg:w-min hs-section\">\n          <div class=\"flex flex-col lg:min-w-[450px] 2xl:min-w-[500px] lg:w-min\">\n        <div class=\"flex pb-4 uppercase items-center gap-2 text-dun-950 text-sm font-semibold leading-none tracking-[0.07em]\">\n          <div class=\"uppercase text-wine-800\">\n            <svg class=\"h-6 w-auto\" xmlns=\"http:\/\/www.w3.org\/2000\/svg\" fill=\"none\" viewBox=\"0 0 24 24\"><path fill=\"currentColor\" d=\"M12 23.9998a12 12 0 1 1 12-11.9999c0 2.1064-.5545 4.1758-1.6076 6.0002A12.0019 12.0019 0 0 1 18 22.3924a12.001 12.001 0 0 1-6 1.6074Zm0-21.6001a9.599 9.599 0 0 0-6.7881 2.8119 9.5993 9.5993 0 0 0 0 13.5762 9.5996 9.5996 0 0 0 13.5763 0 9.5995 9.5995 0 0 0-1.9883-15.1019A9.5976 9.5976 0 0 0 12 2.3997Zm1.1999 14.4001v-4.8a1.1999 1.1999 0 1 0-2.3998 0v4.8a1.2 1.2 0 1 0 2.3998 0ZM12 5.9997a1.1998 1.1998 0 0 0-1.1999 1.2001A1.1996 1.1996 0 0 0 12 8.3998a1.1996 1.1996 0 0 0 1.1999-1.2A1.1998 1.1998 0 0 0 12 5.9997Z\"\/><\/svg>\n          <\/div>\n          Pour plus de renseignements&#8230;\n        <\/div>\n        <div class=\"flex flex-col gap-4 font-serif lg:overflow-y-auto lg:flex-row more-info\">\n                    <div class=\"flex flex-col w-full gap-4\">\n                                    <div class=\"lg:max-w-[350px] 2xl:max-w-[450px] more-info--link\">\n              <div class=\"text-lg\">Sant Sadurn\u00ed<\/div>\n              <a class=\"underline break-all text-wine-800 underline-offset-2\" href=\"https:\/\/santsadurni.cat\/cava_centre\" target=\"_blank\">https:\/\/santsadurni.cat\/cava_centre<\/a>\n            <\/div>\n                      <\/div>\n                  <\/div>\n      <\/div>\n            <\/div>\n\n<\/section>\n\n","protected":false},"excerpt":{"rendered":"","protected":false},"author":1,"featured_media":0,"parent":6250,"menu_order":13,"comment_status":"closed","ping_status":"closed","template":"template-fita.blade.php","meta":{"_acf_changed":false,"footnotes":""},"class_list":["post-6369","page","type-page","status-publish","hentry"],"acf":[],"yoast_head":"<!-- This site is optimized with the Yoast SEO plugin v27.4 - https:\/\/yoast.com\/product\/yoast-seo-wordpress\/ -->\n<title>1870 - Catalan Wines<\/title>\n<meta name=\"robots\" content=\"index, follow, max-snippet:-1, max-image-preview:large, max-video-preview:-1\" \/>\n<link rel=\"canonical\" href=\"https:\/\/catalanwines.com\/fr\/histoire\/any-1870\/\" \/>\n<meta property=\"og:locale\" content=\"fr_FR\" \/>\n<meta property=\"og:type\" content=\"article\" \/>\n<meta property=\"og:title\" content=\"1870 - Catalan Wines\" \/>\n<meta property=\"og:url\" content=\"https:\/\/catalanwines.com\/fr\/histoire\/any-1870\/\" \/>\n<meta property=\"og:site_name\" content=\"Catalan Wines\" \/>\n<meta property=\"article:modified_time\" content=\"2025-01-11T17:55:26+00:00\" \/>\n<meta name=\"twitter:card\" content=\"summary_large_image\" \/>\n<meta name=\"twitter:label1\" content=\"Est. reading time\" \/>\n\t<meta name=\"twitter:data1\" content=\"5 minutes\" \/>\n<script type=\"application\/ld+json\" class=\"yoast-schema-graph\">{\"@context\":\"https:\\\/\\\/schema.org\",\"@graph\":[{\"@type\":\"WebPage\",\"@id\":\"https:\\\/\\\/catalanwines.com\\\/fr\\\/histoire\\\/any-1870\\\/\",\"url\":\"https:\\\/\\\/catalanwines.com\\\/fr\\\/histoire\\\/any-1870\\\/\",\"name\":\"1870 - Catalan Wines\",\"isPartOf\":{\"@id\":\"https:\\\/\\\/catalanwines.com\\\/fr\\\/#website\"},\"datePublished\":\"2023-03-16T14:59:21+00:00\",\"dateModified\":\"2025-01-11T17:55:26+00:00\",\"breadcrumb\":{\"@id\":\"https:\\\/\\\/catalanwines.com\\\/fr\\\/histoire\\\/any-1870\\\/#breadcrumb\"},\"inLanguage\":\"fr-FR\",\"potentialAction\":[{\"@type\":\"ReadAction\",\"target\":[\"https:\\\/\\\/catalanwines.com\\\/fr\\\/histoire\\\/any-1870\\\/\"]}]},{\"@type\":\"BreadcrumbList\",\"@id\":\"https:\\\/\\\/catalanwines.com\\\/fr\\\/histoire\\\/any-1870\\\/#breadcrumb\",\"itemListElement\":[{\"@type\":\"ListItem\",\"position\":1,\"name\":\"Inici\",\"item\":\"https:\\\/\\\/catalanwines.com\\\/fr\\\/portada\\\/\"},{\"@type\":\"ListItem\",\"position\":2,\"name\":\"Histoire\",\"item\":\"https:\\\/\\\/catalanwines.com\\\/fr\\\/histoire\\\/\"},{\"@type\":\"ListItem\",\"position\":3,\"name\":\"1870\"}]},{\"@type\":\"WebSite\",\"@id\":\"https:\\\/\\\/catalanwines.com\\\/fr\\\/#website\",\"url\":\"https:\\\/\\\/catalanwines.com\\\/fr\\\/\",\"name\":\"Catalan Wines\",\"description\":\"Catalunya, on el vi es cultura\",\"potentialAction\":[{\"@type\":\"SearchAction\",\"target\":{\"@type\":\"EntryPoint\",\"urlTemplate\":\"https:\\\/\\\/catalanwines.com\\\/fr\\\/?s={search_term_string}\"},\"query-input\":{\"@type\":\"PropertyValueSpecification\",\"valueRequired\":true,\"valueName\":\"search_term_string\"}}],\"inLanguage\":\"fr-FR\"}]}<\/script>\n<!-- \/ Yoast SEO plugin. -->","yoast_head_json":{"title":"1870 - Catalan Wines","robots":{"index":"index","follow":"follow","max-snippet":"max-snippet:-1","max-image-preview":"max-image-preview:large","max-video-preview":"max-video-preview:-1"},"canonical":"https:\/\/catalanwines.com\/fr\/histoire\/any-1870\/","og_locale":"fr_FR","og_type":"article","og_title":"1870 - Catalan Wines","og_url":"https:\/\/catalanwines.com\/fr\/histoire\/any-1870\/","og_site_name":"Catalan Wines","article_modified_time":"2025-01-11T17:55:26+00:00","twitter_card":"summary_large_image","twitter_misc":{"Est. reading time":"5 minutes"},"schema":{"@context":"https:\/\/schema.org","@graph":[{"@type":"WebPage","@id":"https:\/\/catalanwines.com\/fr\/histoire\/any-1870\/","url":"https:\/\/catalanwines.com\/fr\/histoire\/any-1870\/","name":"1870 - Catalan Wines","isPartOf":{"@id":"https:\/\/catalanwines.com\/fr\/#website"},"datePublished":"2023-03-16T14:59:21+00:00","dateModified":"2025-01-11T17:55:26+00:00","breadcrumb":{"@id":"https:\/\/catalanwines.com\/fr\/histoire\/any-1870\/#breadcrumb"},"inLanguage":"fr-FR","potentialAction":[{"@type":"ReadAction","target":["https:\/\/catalanwines.com\/fr\/histoire\/any-1870\/"]}]},{"@type":"BreadcrumbList","@id":"https:\/\/catalanwines.com\/fr\/histoire\/any-1870\/#breadcrumb","itemListElement":[{"@type":"ListItem","position":1,"name":"Inici","item":"https:\/\/catalanwines.com\/fr\/portada\/"},{"@type":"ListItem","position":2,"name":"Histoire","item":"https:\/\/catalanwines.com\/fr\/histoire\/"},{"@type":"ListItem","position":3,"name":"1870"}]},{"@type":"WebSite","@id":"https:\/\/catalanwines.com\/fr\/#website","url":"https:\/\/catalanwines.com\/fr\/","name":"Catalan Wines","description":"Catalunya, on el vi es cultura","potentialAction":[{"@type":"SearchAction","target":{"@type":"EntryPoint","urlTemplate":"https:\/\/catalanwines.com\/fr\/?s={search_term_string}"},"query-input":{"@type":"PropertyValueSpecification","valueRequired":true,"valueName":"search_term_string"}}],"inLanguage":"fr-FR"}]}},"_links":{"self":[{"href":"https:\/\/catalanwines.com\/fr\/wp-json\/wp\/v2\/pages\/6369","targetHints":{"allow":["GET"]}}],"collection":[{"href":"https:\/\/catalanwines.com\/fr\/wp-json\/wp\/v2\/pages"}],"about":[{"href":"https:\/\/catalanwines.com\/fr\/wp-json\/wp\/v2\/types\/page"}],"author":[{"embeddable":true,"href":"https:\/\/catalanwines.com\/fr\/wp-json\/wp\/v2\/users\/1"}],"replies":[{"embeddable":true,"href":"https:\/\/catalanwines.com\/fr\/wp-json\/wp\/v2\/comments?post=6369"}],"version-history":[{"count":1,"href":"https:\/\/catalanwines.com\/fr\/wp-json\/wp\/v2\/pages\/6369\/revisions"}],"predecessor-version":[{"id":6402,"href":"https:\/\/catalanwines.com\/fr\/wp-json\/wp\/v2\/pages\/6369\/revisions\/6402"}],"up":[{"embeddable":true,"href":"https:\/\/catalanwines.com\/fr\/wp-json\/wp\/v2\/pages\/6250"}],"wp:attachment":[{"href":"https:\/\/catalanwines.com\/fr\/wp-json\/wp\/v2\/media?parent=6369"}],"curies":[{"name":"wp","href":"https:\/\/api.w.org\/{rel}","templated":true}]}}