{"id":6339,"date":"2023-03-16T15:59:02","date_gmt":"2023-03-16T14:59:02","guid":{"rendered":"https:\/\/catalanwines.com\/histoire\/anys-1809-1811\/"},"modified":"2025-01-11T18:41:26","modified_gmt":"2025-01-11T17:41:26","slug":"anys-1809-1811","status":"publish","type":"page","link":"https:\/\/catalanwines.com\/fr\/histoire\/anys-1809-1811\/","title":{"rendered":"1809 &#8211; 1811"},"content":{"rendered":"<section data-background=\"light\" class=\"relative flex w-auto cont hs-text-block\">\n  \n  <div class=\"absolute inset-0 pointer-events-none mix-blend-multiply  bg-dun-100  \"><\/div>\n\n  \n    <div class=\"hs-grid--responsive flex flex-col h-fit lg:grid grid-cols-[repeat(2,_fit-content(450px))] xl:grid-cols-[repeat(2,_fit-content(500px))] gap-y-8 gap-x-24 auto-rows-min hs-section\">\n    <div class=\"grid-cols-2 lg:grid col-span-full gap-x-24\">\n      <div class=\" col-span-1 \">\n        <article><h2>La plus ancienne \u00e9tiquette de vin catalan remonte au moins \u00e0 1809..<\/h2>\n<\/article>\n      <\/div>\n            <div class=\"col-span-1 hs-width\">\n        <article><\/article>\n      <\/div>\n          <\/div>\n    <div class=\" col-span-1 \">\n      <article><p>La plus ancienne \u00e9tiquette de vin catalan remonte au moins \u00e0 1809. Les plus anciennes marques europ\u00e9ennes connues \u00e0 ce jour sont des marques fran\u00e7aises et allemandes datant de la derni\u00e8re d\u00e9cennie du XVIIIe si\u00e8cle. Cette \u00e9tiquette du d\u00e9but du XIXe si\u00e8cle n\u2019est donc pas tr\u00e8s diff\u00e9rente de ses contemporaines.<\/p>\n<p>Le Malvasia de Sitges est un c\u00e9page traditionnel catalan qui remonte \u00e0 l\u2019\u00e9poque m\u00e9di\u00e9vale, l\u2019un des plus enracin\u00e9s et des plus prestigieux du territoire. Il peut \u00eatre consid\u00e9r\u00e9 comme une r\u00e9f\u00e9rence, l\u2019un des vins les plus renomm\u00e9s de Catalogne depuis le XVIIe si\u00e8cle, le vin doux catalan \u00e9tant le plus r\u00e9f\u00e9renc\u00e9. Depuis le port naturel de Sitges, il \u00e9tait export\u00e9 dans le monde entier, \u00e0 la fois vers le march\u00e9 nord-europ\u00e9en et, surtout apr\u00e8s la loi sur le libre-\u00e9change de la fin du XVIIIe si\u00e8cle, vers le nouveau march\u00e9 colonial am\u00e9ricain.<\/p>\n<\/article>\n    <\/div>\n        <div class=\"col-span-1\">\n      <article><p>Il est important de comprendre la somme des facteurs qui ont rendu n\u00e9cessaire l\u2019apparition de la premi\u00e8re marque de vin catalan. Il faut un produit de renomm\u00e9e et de prestige, et le Sitges Malvasia \u00e9tait consid\u00e9r\u00e9 comme l\u2019un des vins les plus internationaux et les plus embl\u00e9matiques des pays catalans. L\u2019existence d\u2019un producteur de ce style de vin jouissant d\u2019une reconnaissance suffisante pour d\u00e9terminer l\u2019origine et la tra\u00e7abilit\u00e9 d\u2019un tel produit de luxe, et la n\u00e9cessit\u00e9 de l\u2019accr\u00e9diter dans une marque, sont \u00e9galement des \u00e9l\u00e9ments importants. Enfin, la possibilit\u00e9 d\u2019acc\u00e9der aux innovations en mati\u00e8re de nouvelles formules de commercialisation des vins embl\u00e9matiques et aux techniques permettant d\u2019obtenir une bouteille en verre accompagn\u00e9e d\u2019une \u00e9tiquette indiquant l\u2019origine : Malvasia et vin de Sitges.<\/p>\n<p>Le fait que les premi\u00e8res bouteilles de vin soient apparues sur un march\u00e9 catalan a constitu\u00e9 un changement transcendantal, car jusqu\u2019alors le vin \u00e9tait vendu dans des barriques, des tonneaux de vin et des f\u00fbts. L\u2019initiative de stocker les vins de qualit\u00e9 dans des r\u00e9cipients en verre est un pas en avant dans l\u2019\u00e8re changeante des vins catalans de qualit\u00e9.<\/p>\n<\/article>\n    <\/div>\n      <\/div>\n  <\/section>\n\n\n\n<section data-background=\"light\" class=\"relative flex flex-col w-auto h-full overflow-hidden hs-image-block\">\n  \n  <div class=\"absolute inset-0 pointer-events-none mix-blend-multiply  bg-dun-100  \"><\/div>\n  \n\n\n    <div class=\"flex lg:gap-4 gap-4 flex-col lg:flex-1 lg:max-h-full hs-section lg:w-min lg:min-w-[450px] justify-start\">\n            <div class=\"hidden  lg:block relative min-h-[150px] w-full \" style=\"max-height: 337.92134831461px\">\n        <img loading=\"lazy\" decoding=\"async\" width=\"534\" height=\"401\" src=\"https:\/\/catalanwines.com\/app\/uploads\/2025\/01\/FITA-5_-AV-1.png\" class=\"object-contain object-left w-full h-full @if($description)absolute flex-shrink @endif\" alt=\"\" srcset=\"https:\/\/catalanwines.com\/app\/uploads\/2025\/01\/FITA-5_-AV-1.png 534w, https:\/\/catalanwines.com\/app\/uploads\/2025\/01\/FITA-5_-AV-1-300x225.png 300w\" sizes=\"auto, (max-width: 534px) 100vw, 534px\" \/>              <\/div>\n      <div class=\"relative z-10 block w-full lg:hidden\">\n        <img loading=\"lazy\" decoding=\"async\" width=\"534\" height=\"401\" src=\"https:\/\/catalanwines.com\/app\/uploads\/2025\/01\/FITA-5_-AV-1.png\" class=\"object-contain object-left w-full h-full relative z-10\" alt=\"\" srcset=\"https:\/\/catalanwines.com\/app\/uploads\/2025\/01\/FITA-5_-AV-1.png 534w, https:\/\/catalanwines.com\/app\/uploads\/2025\/01\/FITA-5_-AV-1-300x225.png 300w\" sizes=\"auto, (max-width: 534px) 100vw, 534px\" \/>      <\/div>\n              <figcaption class=\"text-xs text-dun-950 \">\u00ab\u00a0Malvasia de la maison Fal\u00e7 de Sitges de Catalogne, achet\u00e9 \u00e0 Palma de Mallorca Calle de Apuntadoras\u00a0\u00bb, 1809-1811. Archives historiques municipales de Sitges, Fons Fal\u00e7-Dalmau. \n<\/figcaption>\n      \n          <\/div>\n\n\n\n\n<\/section>\n\n\n\n<section data-background=\"light\" class=\"relative flex flex-col w-auto h-full overflow-hidden hs-image-block\">\n  \n  <div class=\"absolute inset-0 pointer-events-none mix-blend-multiply  bg-dun-100  \"><\/div>\n  \n\n\n    <div class=\"flex lg:gap-4 gap-4 flex-col lg:flex-1 lg:max-h-full hs-section lg:w-min lg:min-w-[450px] justify-center\">\n            <div class=\"hidden  lg:block relative min-h-[150px] w-full \" style=\"max-height: 337.92134831461px\">\n        <img loading=\"lazy\" decoding=\"async\" width=\"534\" height=\"401\" src=\"https:\/\/catalanwines.com\/app\/uploads\/2025\/01\/FITA5_AV1_1.png\" class=\"object-contain object-left w-full h-full @if($description)absolute flex-shrink @endif\" alt=\"\" srcset=\"https:\/\/catalanwines.com\/app\/uploads\/2025\/01\/FITA5_AV1_1.png 534w, https:\/\/catalanwines.com\/app\/uploads\/2025\/01\/FITA5_AV1_1-300x225.png 300w\" sizes=\"auto, (max-width: 534px) 100vw, 534px\" \/>              <\/div>\n      <div class=\"relative z-10 block w-full lg:hidden\">\n        <img loading=\"lazy\" decoding=\"async\" width=\"534\" height=\"401\" src=\"https:\/\/catalanwines.com\/app\/uploads\/2025\/01\/FITA5_AV1_1.png\" class=\"object-contain object-left w-full h-full relative z-10\" alt=\"\" srcset=\"https:\/\/catalanwines.com\/app\/uploads\/2025\/01\/FITA5_AV1_1.png 534w, https:\/\/catalanwines.com\/app\/uploads\/2025\/01\/FITA5_AV1_1-300x225.png 300w\" sizes=\"auto, (max-width: 534px) 100vw, 534px\" \/>      <\/div>\n              <figcaption class=\"text-xs text-dun-950 \">\u00c9tiquette de Malvasia de Sitges command\u00e9e au graveur Masferrer vers 1820, provenant de la maison Fal\u00e7, une exploitation viticole dirig\u00e9e par Ramon Dalmau y Fal\u00e7. On peut y voir des d\u00e9tails sur les m\u00e9tiers, comme les r\u00e9coltants, le propri\u00e9taire terrien et le muletier ; et sur des moments cl\u00e9s comme les vendanges. Archives historiques municipales de Sitges, Fons Fal\u00e7-Dalmau.<\/figcaption>\n      \n          <\/div>\n\n\n\n\n<\/section>\n\n\n\n<section data-background=\"light\" class=\"relative flex w-auto cont hs-text-block\">\n  \n  <div class=\"absolute inset-0 pointer-events-none mix-blend-multiply  bg-dun-100  \"><\/div>\n\n  \n      <div class=\"flex flex-col hs-width hs-width--responsive hs-section justify-start\">\n        <article class=\"hs-responsive--article\">\n      <p>La Casa Fal\u00e7, \u00e0 Sitges, est l\u2019un des pionniers catalans de l\u2019embouteillage et de l\u2019\u00e9tiquetage des vins fins. Pouss\u00e9 par une vision commerciale, Ramon Dalmau y Fal\u00e7 d\u00e9cide d\u2019emporter quelques bouteilles de son pr\u00e9cieux Malvasia \u00e0 Majorque, fuyant Sitges en pleine guerre de France. La famille Dalmau avait voyag\u00e9 dans toute l\u2019Europe vers 1800, o\u00f9 elle s\u2019est familiaris\u00e9e avec ce nouveau syst\u00e8me de commercialisation. \u00c0 la fin du conflit et de retour \u00e0 Sitges, ils perfectionnent le XXXX et demandent au graveur barcelonais, Joan Masfarrer, de cr\u00e9er une \u00e9tiquette beaucoup plus descriptive et artistique, digne de la premi\u00e8re marque de vin catalan.<\/p>\n\n    <\/article>\n      <\/div>\n\n  \n  <\/section>\n\n\n\n<section data-background=\"dark\" class=\"relative flex flex-col w-auto h-full overflow-hidden hs-image-block\">\n  \n  <div class=\"absolute inset-0 pointer-events-none mix-blend-multiply  bg-dun-200  \"><\/div>\n  \n\n\n    <div class=\"flex lg:gap-4 gap-4 flex-col lg:flex-1 lg:max-h-full hs-section lg:w-min lg:min-w-[525px] justify-start\">\n            <div class=\"hidden  lg:block relative min-h-[150px] w-full \" style=\"max-height: 525px\">\n        <img loading=\"lazy\" decoding=\"async\" width=\"534\" height=\"534\" src=\"https:\/\/catalanwines.com\/app\/uploads\/2025\/01\/FITA-5_-AV2_-2.png\" class=\"object-contain object-left w-full h-full @if($description)absolute flex-shrink @endif\" alt=\"\" srcset=\"https:\/\/catalanwines.com\/app\/uploads\/2025\/01\/FITA-5_-AV2_-2.png 534w, https:\/\/catalanwines.com\/app\/uploads\/2025\/01\/FITA-5_-AV2_-2-300x300.png 300w, https:\/\/catalanwines.com\/app\/uploads\/2025\/01\/FITA-5_-AV2_-2-150x150.png 150w\" sizes=\"auto, (max-width: 534px) 100vw, 534px\" \/>              <\/div>\n      <div class=\"relative z-10 block w-full lg:hidden\">\n        <img loading=\"lazy\" decoding=\"async\" width=\"534\" height=\"534\" src=\"https:\/\/catalanwines.com\/app\/uploads\/2025\/01\/FITA-5_-AV2_-2.png\" class=\"object-contain object-left w-full h-full relative z-10\" alt=\"\" srcset=\"https:\/\/catalanwines.com\/app\/uploads\/2025\/01\/FITA-5_-AV2_-2.png 534w, https:\/\/catalanwines.com\/app\/uploads\/2025\/01\/FITA-5_-AV2_-2-300x300.png 300w, https:\/\/catalanwines.com\/app\/uploads\/2025\/01\/FITA-5_-AV2_-2-150x150.png 150w\" sizes=\"auto, (max-width: 534px) 100vw, 534px\" \/>      <\/div>\n              <figcaption class=\"text-xs text-dun-950 \">R\u00e9colteurs de Malvasia de Sitges, zone d\u2019Aiguadol\u00e7. Sitges, fin du XIXe si\u00e8cle. Archives de la Fondation Celler de l\u2019H\u00f4pital San Juan Baptista, Fonds Sariol-Riera.<\/figcaption>\n      \n          <\/div>\n\n\n\n\n<\/section>\n\n\n\n<section data-background=\"dark\" class=\"relative flex flex-col w-auto h-full overflow-hidden hs-image-block\">\n  \n  <div class=\"absolute inset-0 pointer-events-none mix-blend-multiply  bg-dun-200  \"><\/div>\n  \n\n\n    <div class=\"flex lg:gap-4 gap-4 flex-col lg:flex-1 lg:max-h-full hs-section lg:w-min lg:min-w-[450px] justify-center\">\n            <div class=\"hidden  lg:block relative min-h-[150px] w-full \" style=\"max-height: 719.13183279743px\">\n        <img loading=\"lazy\" decoding=\"async\" width=\"311\" height=\"497\" src=\"https:\/\/catalanwines.com\/app\/uploads\/2025\/01\/FITA-5_-AV2_-2_2.png\" class=\"object-contain object-left w-full h-full @if($description)absolute flex-shrink @endif\" alt=\"\" srcset=\"https:\/\/catalanwines.com\/app\/uploads\/2025\/01\/FITA-5_-AV2_-2_2.png 311w, https:\/\/catalanwines.com\/app\/uploads\/2025\/01\/FITA-5_-AV2_-2_2-188x300.png 188w\" sizes=\"auto, (max-width: 311px) 100vw, 311px\" \/>              <\/div>\n      <div class=\"relative z-10 block w-full lg:hidden\">\n        <img loading=\"lazy\" decoding=\"async\" width=\"311\" height=\"497\" src=\"https:\/\/catalanwines.com\/app\/uploads\/2025\/01\/FITA-5_-AV2_-2_2.png\" class=\"object-contain object-left w-full h-full relative z-10\" alt=\"\" srcset=\"https:\/\/catalanwines.com\/app\/uploads\/2025\/01\/FITA-5_-AV2_-2_2.png 311w, https:\/\/catalanwines.com\/app\/uploads\/2025\/01\/FITA-5_-AV2_-2_2-188x300.png 188w\" sizes=\"auto, (max-width: 311px) 100vw, 311px\" \/>      <\/div>\n              <figcaption class=\"text-xs text-dun-950 \">\u00ab\u00a0La collecte de la Malvasia de Sitges\u00a0\u00bb, 1895.  Joaquim de Mir\u00f3. Sitges, huile sur toile. Fundes Madriguera Ferrat. Mus\u00e9e Maricel.\n<\/figcaption>\n      \n          <\/div>\n\n\n\n\n<\/section>\n\n\n\n<section data-background=\"dark\" class=\"relative flex w-auto cont hs-text-block\">\n  \n  <div class=\"absolute inset-0 pointer-events-none mix-blend-multiply  bg-dun-200  \"><\/div>\n\n  \n      <div class=\"flex flex-col hs-width hs-width--responsive hs-section justify-start\">\n        <article class=\"hs-responsive--article\">\n      <p>La sp\u00e9cialisation de la r\u00e9colte du raisin Malvasia de Sitges a \u00e9t\u00e9 men\u00e9e par des femmes. S\u2019agissant d\u2019un c\u00e9page qui n\u00e9cessite une surmaturation, les grappes de raisin ont \u00e9t\u00e9 soigneusement analys\u00e9es avant d\u2019\u00eatre r\u00e9colt\u00e9es et transport\u00e9es \u00e0 la cave et, si n\u00e9cessaire, vendang\u00e9es grain par grain. Les co\u00fbts de production \u00e9taient tr\u00e8s \u00e9lev\u00e9s et le vin \u00e9tait tr\u00e8s pris\u00e9, prestigieux et reconnu dans les cercles \u00e9litistes de toute l\u2019Europe.<\/p>\n\n    <\/article>\n      <\/div>\n\n  \n  <\/section>\n\n\n\n<section class=\"relative flex flex-col w-auto hs-image-grid-block\">\n  \n  <div class=\"absolute inset-0 pointer-events-none mix-blend-multiply  bg-dun-100  \"><\/div>\n    \n  <div class=\"hidden invisible pointer-event-none lg:pointer-events-auto lg:visible lg:flex flex-col hs-section max-h-full min-h-[300px] w-full content--wrapper max-w-[1050px]\">\n    <div class=\"flex flex-col w-full flex-[1] justify-start gap-4 h-[0%] content--container\">\n      <picture class=\"relative min-h-[150px] w-full \" style=\"max-height: 467.6724137931px\">\n        <img loading=\"lazy\" decoding=\"async\" width=\"1044\" height=\"465\" src=\"https:\/\/catalanwines.com\/app\/uploads\/2025\/01\/FITA-5_-AV3_3.jpg\" class=\"w-auto h-full object-contain object-left-bottom content--image\" alt=\"\" srcset=\"https:\/\/catalanwines.com\/app\/uploads\/2025\/01\/FITA-5_-AV3_3.jpg 1044w, https:\/\/catalanwines.com\/app\/uploads\/2025\/01\/FITA-5_-AV3_3-300x134.jpg 300w, https:\/\/catalanwines.com\/app\/uploads\/2025\/01\/FITA-5_-AV3_3-1024x456.jpg 1024w, https:\/\/catalanwines.com\/app\/uploads\/2025\/01\/FITA-5_-AV3_3-768x342.jpg 768w\" sizes=\"auto, (max-width: 1044px) 100vw, 1044px\" \/>      <\/picture>\n      <figcaption class=\"max-w-lg text-xs text-dun-950 \">Vue panoramique de Sitges, vers 1919-1920. Carte postale de L. Roisin. Archives de la Fondation Celler de l\u2019H\u00f4pital San Juan Baptista, Fonds Sariol-Riera.\n<\/figcaption>\n            <div class=\"flex flex-col flex-1 h-full content--description pt-[5vh] \">\n        <article class=\"flex-col h-fit max-w-[40%] ml-auto\">\n          <p>La c\u00f4te catalane se positionne actuellement comme une destination touristique internationale. Mais jusqu\u2019\u00e0 il y a 100 ans, c\u2019\u00e9tait un paysage teint\u00e9 de vignes. Sitges est un exemple de cette transformation sectorielle, et le Celler del Hospital de Sitges s\u2019est positionn\u00e9 comme un bastion de la viticulture dans une r\u00e9gion de soleil et de plage. Le Malvasia est aujourd\u2019hui un h\u00e9ritage de la M\u00e9diterran\u00e9e et relie les territoires qui ont \u00e9t\u00e9 le berceau de ce c\u00e9page sp\u00e9cial.<\/p>\n\n        <\/article>\n      <\/div>\n          <\/div>\n  <\/div>\n\n  \n  <div class=\"container flex flex-col w-full gap-12 pointer-events-auto lg:hidden lg:invisible lg:pointer-events-none\">\n    <div class=\"flex flex-col justify-start w-full gap-4\">\n        <picture class=\"relative w-full \">\n        <img loading=\"lazy\" decoding=\"async\" width=\"1044\" height=\"465\" src=\"https:\/\/catalanwines.com\/app\/uploads\/2025\/01\/FITA-5_-AV3_3.jpg\" class=\"w-auto h-full object-contain object-left-bottom content--image\" alt=\"\" srcset=\"https:\/\/catalanwines.com\/app\/uploads\/2025\/01\/FITA-5_-AV3_3.jpg 1044w, https:\/\/catalanwines.com\/app\/uploads\/2025\/01\/FITA-5_-AV3_3-300x134.jpg 300w, https:\/\/catalanwines.com\/app\/uploads\/2025\/01\/FITA-5_-AV3_3-1024x456.jpg 1024w, https:\/\/catalanwines.com\/app\/uploads\/2025\/01\/FITA-5_-AV3_3-768x342.jpg 768w\" sizes=\"auto, (max-width: 1044px) 100vw, 1044px\" \/>        <\/picture>\n      <figcaption class=\"max-w-lg text-xs text-dun-950 \">Vue panoramique de Sitges, vers 1919-1920. Carte postale de L. Roisin. Archives de la Fondation Celler de l\u2019H\u00f4pital San Juan Baptista, Fonds Sariol-Riera.\n<\/figcaption>\n    <\/div>\n            <div class=\"flex flex-col h-full \">\n        <article class=\"flex-col\">\n          <p>La c\u00f4te catalane se positionne actuellement comme une destination touristique internationale. Mais jusqu\u2019\u00e0 il y a 100 ans, c\u2019\u00e9tait un paysage teint\u00e9 de vignes. Sitges est un exemple de cette transformation sectorielle, et le Celler del Hospital de Sitges s\u2019est positionn\u00e9 comme un bastion de la viticulture dans une r\u00e9gion de soleil et de plage. Le Malvasia est aujourd\u2019hui un h\u00e9ritage de la M\u00e9diterran\u00e9e et relie les territoires qui ont \u00e9t\u00e9 le berceau de ce c\u00e9page sp\u00e9cial.<\/p>\n\n        <\/article>\n      <\/div>\n        <\/div>\n\n<\/section>\n\n\n\n<section class=\"relative flex w-auto hs-more-info-block\">\n  \n  <div class=\"absolute inset-0 pointer-events-none mix-blend-multiply  bg-dun-100  \"><\/div>\n\n  \n  <div class=\"flex w-full flex-col lg:flex-row gap-12 lg:gap-10 lg:min-w-[450px] 2xl:min-w-[500px] lg:w-min hs-section\">\n          <div class=\"flex flex-col lg:min-w-[450px] 2xl:min-w-[500px] lg:w-min\">\n        <div class=\"flex pb-4 uppercase items-center gap-2 text-dun-950 text-sm font-semibold leading-none tracking-[0.07em]\">\n          <div class=\"uppercase text-wine-800\">\n            <svg class=\"h-6 w-auto\" xmlns=\"http:\/\/www.w3.org\/2000\/svg\" fill=\"none\" viewBox=\"0 0 24 24\"><path fill=\"currentColor\" d=\"M12 23.9998a12 12 0 1 1 12-11.9999c0 2.1064-.5545 4.1758-1.6076 6.0002A12.0019 12.0019 0 0 1 18 22.3924a12.001 12.001 0 0 1-6 1.6074Zm0-21.6001a9.599 9.599 0 0 0-6.7881 2.8119 9.5993 9.5993 0 0 0 0 13.5762 9.5996 9.5996 0 0 0 13.5763 0 9.5995 9.5995 0 0 0-1.9883-15.1019A9.5976 9.5976 0 0 0 12 2.3997Zm1.1999 14.4001v-4.8a1.1999 1.1999 0 1 0-2.3998 0v4.8a1.2 1.2 0 1 0 2.3998 0ZM12 5.9997a1.1998 1.1998 0 0 0-1.1999 1.2001A1.1996 1.1996 0 0 0 12 8.3998a1.1996 1.1996 0 0 0 1.1999-1.2A1.1998 1.1998 0 0 0 12 5.9997Z\"\/><\/svg>\n          <\/div>\n          Pour plus de renseignements&#8230;\n        <\/div>\n        <div class=\"flex flex-col gap-4 font-serif lg:overflow-y-auto lg:flex-row more-info\">\n                    <div class=\"flex flex-col w-full gap-4\">\n                                    <div class=\"lg:max-w-[350px] 2xl:max-w-[450px] more-info--link\">\n              <div class=\"text-lg\">Celler de l\u2019Hospital<\/div>\n              <a class=\"underline break-all text-wine-800 underline-offset-2\" href=\"https:\/\/cellerdelhospital.cat\/\" target=\"_blank\">https:\/\/cellerdelhospital.cat\/<\/a>\n            <\/div>\n                                    <div class=\"lg:max-w-[350px] 2xl:max-w-[450px] more-info--link\">\n              <div class=\"text-lg\">Malvasia Myth<\/div>\n              <a class=\"underline break-all text-wine-800 underline-offset-2\" href=\"https:\/\/www.malvasiamyth.com\/\" target=\"_blank\">https:\/\/www.malvasiamyth.com\/<\/a>\n            <\/div>\n                      <\/div>\n                  <\/div>\n      <\/div>\n            <\/div>\n\n<\/section>\n\n","protected":false},"excerpt":{"rendered":"","protected":false},"author":1,"featured_media":0,"parent":6250,"menu_order":12,"comment_status":"closed","ping_status":"closed","template":"template-fita.blade.php","meta":{"_acf_changed":false,"footnotes":""},"class_list":["post-6339","page","type-page","status-publish","hentry"],"acf":[],"yoast_head":"<!-- This site is optimized with the Yoast SEO plugin v27.4 - https:\/\/yoast.com\/product\/yoast-seo-wordpress\/ -->\n<title>1809 - 1811 - Catalan Wines<\/title>\n<meta name=\"robots\" content=\"index, follow, max-snippet:-1, max-image-preview:large, max-video-preview:-1\" \/>\n<link rel=\"canonical\" href=\"https:\/\/catalanwines.com\/fr\/histoire\/anys-1809-1811\/\" \/>\n<meta property=\"og:locale\" content=\"fr_FR\" \/>\n<meta property=\"og:type\" content=\"article\" \/>\n<meta property=\"og:title\" content=\"1809 - 1811 - Catalan Wines\" \/>\n<meta property=\"og:url\" content=\"https:\/\/catalanwines.com\/fr\/histoire\/anys-1809-1811\/\" \/>\n<meta property=\"og:site_name\" content=\"Catalan Wines\" \/>\n<meta property=\"article:modified_time\" content=\"2025-01-11T17:41:26+00:00\" \/>\n<meta name=\"twitter:card\" content=\"summary_large_image\" \/>\n<meta name=\"twitter:label1\" content=\"Est. reading time\" \/>\n\t<meta name=\"twitter:data1\" content=\"5 minutes\" \/>\n<script type=\"application\/ld+json\" class=\"yoast-schema-graph\">{\"@context\":\"https:\\\/\\\/schema.org\",\"@graph\":[{\"@type\":\"WebPage\",\"@id\":\"https:\\\/\\\/catalanwines.com\\\/fr\\\/histoire\\\/anys-1809-1811\\\/\",\"url\":\"https:\\\/\\\/catalanwines.com\\\/fr\\\/histoire\\\/anys-1809-1811\\\/\",\"name\":\"1809 - 1811 - Catalan Wines\",\"isPartOf\":{\"@id\":\"https:\\\/\\\/catalanwines.com\\\/fr\\\/#website\"},\"datePublished\":\"2023-03-16T14:59:02+00:00\",\"dateModified\":\"2025-01-11T17:41:26+00:00\",\"breadcrumb\":{\"@id\":\"https:\\\/\\\/catalanwines.com\\\/fr\\\/histoire\\\/anys-1809-1811\\\/#breadcrumb\"},\"inLanguage\":\"fr-FR\",\"potentialAction\":[{\"@type\":\"ReadAction\",\"target\":[\"https:\\\/\\\/catalanwines.com\\\/fr\\\/histoire\\\/anys-1809-1811\\\/\"]}]},{\"@type\":\"BreadcrumbList\",\"@id\":\"https:\\\/\\\/catalanwines.com\\\/fr\\\/histoire\\\/anys-1809-1811\\\/#breadcrumb\",\"itemListElement\":[{\"@type\":\"ListItem\",\"position\":1,\"name\":\"Inici\",\"item\":\"https:\\\/\\\/catalanwines.com\\\/fr\\\/portada\\\/\"},{\"@type\":\"ListItem\",\"position\":2,\"name\":\"Histoire\",\"item\":\"https:\\\/\\\/catalanwines.com\\\/fr\\\/histoire\\\/\"},{\"@type\":\"ListItem\",\"position\":3,\"name\":\"1809 &#8211; 1811\"}]},{\"@type\":\"WebSite\",\"@id\":\"https:\\\/\\\/catalanwines.com\\\/fr\\\/#website\",\"url\":\"https:\\\/\\\/catalanwines.com\\\/fr\\\/\",\"name\":\"Catalan Wines\",\"description\":\"Catalunya, on el vi es cultura\",\"potentialAction\":[{\"@type\":\"SearchAction\",\"target\":{\"@type\":\"EntryPoint\",\"urlTemplate\":\"https:\\\/\\\/catalanwines.com\\\/fr\\\/?s={search_term_string}\"},\"query-input\":{\"@type\":\"PropertyValueSpecification\",\"valueRequired\":true,\"valueName\":\"search_term_string\"}}],\"inLanguage\":\"fr-FR\"}]}<\/script>\n<!-- \/ Yoast SEO plugin. -->","yoast_head_json":{"title":"1809 - 1811 - Catalan Wines","robots":{"index":"index","follow":"follow","max-snippet":"max-snippet:-1","max-image-preview":"max-image-preview:large","max-video-preview":"max-video-preview:-1"},"canonical":"https:\/\/catalanwines.com\/fr\/histoire\/anys-1809-1811\/","og_locale":"fr_FR","og_type":"article","og_title":"1809 - 1811 - Catalan Wines","og_url":"https:\/\/catalanwines.com\/fr\/histoire\/anys-1809-1811\/","og_site_name":"Catalan Wines","article_modified_time":"2025-01-11T17:41:26+00:00","twitter_card":"summary_large_image","twitter_misc":{"Est. reading time":"5 minutes"},"schema":{"@context":"https:\/\/schema.org","@graph":[{"@type":"WebPage","@id":"https:\/\/catalanwines.com\/fr\/histoire\/anys-1809-1811\/","url":"https:\/\/catalanwines.com\/fr\/histoire\/anys-1809-1811\/","name":"1809 - 1811 - Catalan Wines","isPartOf":{"@id":"https:\/\/catalanwines.com\/fr\/#website"},"datePublished":"2023-03-16T14:59:02+00:00","dateModified":"2025-01-11T17:41:26+00:00","breadcrumb":{"@id":"https:\/\/catalanwines.com\/fr\/histoire\/anys-1809-1811\/#breadcrumb"},"inLanguage":"fr-FR","potentialAction":[{"@type":"ReadAction","target":["https:\/\/catalanwines.com\/fr\/histoire\/anys-1809-1811\/"]}]},{"@type":"BreadcrumbList","@id":"https:\/\/catalanwines.com\/fr\/histoire\/anys-1809-1811\/#breadcrumb","itemListElement":[{"@type":"ListItem","position":1,"name":"Inici","item":"https:\/\/catalanwines.com\/fr\/portada\/"},{"@type":"ListItem","position":2,"name":"Histoire","item":"https:\/\/catalanwines.com\/fr\/histoire\/"},{"@type":"ListItem","position":3,"name":"1809 &#8211; 1811"}]},{"@type":"WebSite","@id":"https:\/\/catalanwines.com\/fr\/#website","url":"https:\/\/catalanwines.com\/fr\/","name":"Catalan Wines","description":"Catalunya, on el vi es cultura","potentialAction":[{"@type":"SearchAction","target":{"@type":"EntryPoint","urlTemplate":"https:\/\/catalanwines.com\/fr\/?s={search_term_string}"},"query-input":{"@type":"PropertyValueSpecification","valueRequired":true,"valueName":"search_term_string"}}],"inLanguage":"fr-FR"}]}},"_links":{"self":[{"href":"https:\/\/catalanwines.com\/fr\/wp-json\/wp\/v2\/pages\/6339","targetHints":{"allow":["GET"]}}],"collection":[{"href":"https:\/\/catalanwines.com\/fr\/wp-json\/wp\/v2\/pages"}],"about":[{"href":"https:\/\/catalanwines.com\/fr\/wp-json\/wp\/v2\/types\/page"}],"author":[{"embeddable":true,"href":"https:\/\/catalanwines.com\/fr\/wp-json\/wp\/v2\/users\/1"}],"replies":[{"embeddable":true,"href":"https:\/\/catalanwines.com\/fr\/wp-json\/wp\/v2\/comments?post=6339"}],"version-history":[{"count":1,"href":"https:\/\/catalanwines.com\/fr\/wp-json\/wp\/v2\/pages\/6339\/revisions"}],"predecessor-version":[{"id":6368,"href":"https:\/\/catalanwines.com\/fr\/wp-json\/wp\/v2\/pages\/6339\/revisions\/6368"}],"up":[{"embeddable":true,"href":"https:\/\/catalanwines.com\/fr\/wp-json\/wp\/v2\/pages\/6250"}],"wp:attachment":[{"href":"https:\/\/catalanwines.com\/fr\/wp-json\/wp\/v2\/media?parent=6339"}],"curies":[{"name":"wp","href":"https:\/\/api.w.org\/{rel}","templated":true}]}}