{"id":6274,"date":"2023-03-16T15:57:26","date_gmt":"2023-03-16T14:57:26","guid":{"rendered":"https:\/\/catalanwines.com\/histoire\/ii-dc\/"},"modified":"2025-01-09T17:57:36","modified_gmt":"2025-01-09T16:57:36","slug":"ii-dc","status":"publish","type":"page","link":"https:\/\/catalanwines.com\/fr\/histoire\/ii-dc\/","title":{"rendered":"I &#8211; IIe ap. J.-C."},"content":{"rendered":"<section data-background=\"dark\" class=\"relative flex w-auto cont hs-text-block\">\n  \n  <div class=\"absolute inset-0 pointer-events-none mix-blend-multiply  bg-dun-200  \"><\/div>\n\n  \n    <div class=\"hs-grid--responsive flex flex-col h-fit lg:grid grid-cols-[repeat(2,_fit-content(450px))] xl:grid-cols-[repeat(2,_fit-content(500px))] gap-y-8 gap-x-24 auto-rows-min hs-section\">\n    <div class=\"grid-cols-2 lg:grid col-span-full gap-x-24\">\n      <div class=\" col-span-1 \">\n        <article><p>Les Romains sont arriv\u00e9s dans la p\u00e9ninsule Ib\u00e9rique, d\u00e9barquant \u00e0 Ampurias en 218 av. J.-C. \u00c0 partir de cette \u00e9poque, l\u2019occupation romaine de l\u2019ensemble du territoire catalan s\u2019est accompagn\u00e9e d\u2019une expansion de la culture de la vigne et de la production de vin, surtout le long de la bande c\u00f4ti\u00e8re, mais aussi \u00e0 l\u2019int\u00e9rieur des terres. Tarraco (Tarragone) s\u2019est consolid\u00e9e en tant que capitale juridique et administrative et emporium commercial de l\u2019Hispanie cit\u00e9rieure. Les vins de grande qualit\u00e9 de la capitale de Tarragone \u00e9taient connus dans tout l\u2019empire. Le vin \u00e9tait \u00e9galement produit en grande quantit\u00e9 plus au nord, en Laietania, dans les \u00e9picentres de Baetulo (Badalona), Barcino (Barcelona) ou Iluro (Matar\u00f3).<\/p>\n<p>L\u2019expansion des vignobles a conduit \u00e0 la cr\u00e9ation parall\u00e8le de villas romaines, les villae, bas\u00e9es sur la culture de c\u00e9r\u00e9ales m\u00e9diterran\u00e9ennes, d\u2019oliviers et de vignes. La viticulture devient une discipline de r\u00e9f\u00e9rence et le vin l\u2019une des denr\u00e9es les plus pris\u00e9es.<\/p>\n<\/article>\n      <\/div>\n            <div class=\"col-span-1 hs-width\">\n        <article><p>Avant l\u2019arriv\u00e9e des Romains, le vin \u00e9tait un produit r\u00e9serv\u00e9 \u00e0 l\u2019\u00e9lite sociale, utilis\u00e9 dans des contextes rituels et sacr\u00e9s. Avec la romanisation de la Catalogne, la consommation de vin s\u2019est r\u00e9pandue et il est devenu un \u00e9l\u00e9ment important du r\u00e9gime m\u00e9diterran\u00e9en. Malgr\u00e9 cela, des vins de grande qualit\u00e9, r\u00e9serv\u00e9s aux classes dirigeantes, ont continu\u00e9 \u00e0 \u00eatre produits.<br \/>\nOn estime qu\u2019\u00e0 l\u2019\u00e9poque romaine, un adulte consommait 1 litre de vin par jour. Il s\u2019agissait de vins mac\u00e9r\u00e9s avec des \u00e9pices, du miel et de l\u2019eau, ou aromatis\u00e9s avec des herbes, des fleurs et m\u00eame des fruits. Le mulsum ou posca \u00e9taient les noms de ces boissons viniques.<\/p>\n<\/article>\n      <\/div>\n          <\/div>\n    <div class=\" col-span-1 \">\n      <article><\/article>\n    <\/div>\n        <div class=\"col-span-1\">\n      <article><\/article>\n    <\/div>\n      <\/div>\n  <\/section>\n\n\n\n<section data-background=\"light\" class=\"relative flex flex-col w-auto h-full overflow-hidden hs-image-block\">\n  \n  <div class=\"absolute inset-0 pointer-events-none mix-blend-multiply  bg-dun-100  \"><\/div>\n  \n\n\n    <div class=\"flex lg:gap-4 gap-4 flex-col lg:flex-1 lg:max-h-full hs-section lg:w-min lg:min-w-[525px] justify-start\">\n            <div class=\"hidden  lg:block relative min-h-[150px] w-full h-full \" style=\"max-height: 699.37943262411px\">\n        <img loading=\"lazy\" decoding=\"async\" width=\"846\" height=\"1127\" src=\"https:\/\/catalanwines.com\/app\/uploads\/2025\/01\/anfora-1.jpg\" class=\"object-contain object-left w-full h-full @if($description)absolute flex-shrink @endif\" alt=\"\" srcset=\"https:\/\/catalanwines.com\/app\/uploads\/2025\/01\/anfora-1.jpg 846w, https:\/\/catalanwines.com\/app\/uploads\/2025\/01\/anfora-1-225x300.jpg 225w, https:\/\/catalanwines.com\/app\/uploads\/2025\/01\/anfora-1-769x1024.jpg 769w, https:\/\/catalanwines.com\/app\/uploads\/2025\/01\/anfora-1-768x1023.jpg 768w\" sizes=\"auto, (max-width: 846px) 100vw, 846px\" \/>              <\/div>\n      <div class=\"relative z-10 block w-full lg:hidden\">\n        <img loading=\"lazy\" decoding=\"async\" width=\"846\" height=\"1127\" src=\"https:\/\/catalanwines.com\/app\/uploads\/2025\/01\/anfora-1.jpg\" class=\"object-contain object-left w-full h-full relative z-10\" alt=\"\" srcset=\"https:\/\/catalanwines.com\/app\/uploads\/2025\/01\/anfora-1.jpg 846w, https:\/\/catalanwines.com\/app\/uploads\/2025\/01\/anfora-1-225x300.jpg 225w, https:\/\/catalanwines.com\/app\/uploads\/2025\/01\/anfora-1-769x1024.jpg 769w, https:\/\/catalanwines.com\/app\/uploads\/2025\/01\/anfora-1-768x1023.jpg 768w\" sizes=\"auto, (max-width: 846px) 100vw, 846px\" \/>      <\/div>\n              <figcaption class=\"text-xs text-dun-950 \">Amphore<\/figcaption>\n      \n              <article class=\"h-fit pt-4 description flex-col relative z-10\n        \">\n        <p>Des centaines de vestiges arch\u00e9ologiques li\u00e9s au transport du vin ont \u00e9t\u00e9 d\u00e9couverts sur les sites entourant le port de Tarraco. Cette amphore de type Dressel en est un exemple. (MNAT Inv : 34009 \/ G. Jov\u00e9)<\/p>\n\n        <\/article>\n          <\/div>\n\n\n\n\n<\/section>\n\n\n\n<section data-background=\"light\" class=\"relative flex flex-col w-auto h-full overflow-hidden hs-image-block\">\n  \n  <div class=\"absolute inset-0 pointer-events-none mix-blend-multiply  bg-dun-100  \"><\/div>\n  \n\n\n    <div class=\"flex lg:gap-4 gap-4 flex-col lg:flex-1 lg:max-h-full hs-section lg:w-min lg:min-w-[450px] justify-start\">\n            <div class=\"hidden  lg:block relative min-h-[150px] w-full h-full \" style=\"max-height: 450px\">\n        <img loading=\"lazy\" decoding=\"async\" width=\"311\" height=\"311\" src=\"https:\/\/catalanwines.com\/app\/uploads\/2025\/01\/plinio.png\" class=\"object-contain object-left w-full h-full @if($description)absolute flex-shrink @endif\" alt=\"\" srcset=\"https:\/\/catalanwines.com\/app\/uploads\/2025\/01\/plinio.png 311w, https:\/\/catalanwines.com\/app\/uploads\/2025\/01\/plinio-300x300.png 300w, https:\/\/catalanwines.com\/app\/uploads\/2025\/01\/plinio-150x150.png 150w\" sizes=\"auto, (max-width: 311px) 100vw, 311px\" \/>              <\/div>\n      <div class=\"relative z-10 block w-full lg:hidden\">\n        <img loading=\"lazy\" decoding=\"async\" width=\"311\" height=\"311\" src=\"https:\/\/catalanwines.com\/app\/uploads\/2025\/01\/plinio.png\" class=\"object-contain object-left w-full h-full relative z-10\" alt=\"\" srcset=\"https:\/\/catalanwines.com\/app\/uploads\/2025\/01\/plinio.png 311w, https:\/\/catalanwines.com\/app\/uploads\/2025\/01\/plinio-300x300.png 300w, https:\/\/catalanwines.com\/app\/uploads\/2025\/01\/plinio-150x150.png 150w\" sizes=\"auto, (max-width: 311px) 100vw, 311px\" \/>      <\/div>\n              <figcaption class=\"text-xs text-dun-950 \">Pline l\u2019Ancien<\/figcaption>\n      \n              <article class=\"h-fit pt-4 description flex-col relative z-10\n        \">\n        <p>Pline l\u2019Ancien, auteur de \u00ab\u00a0Historia Natural \u00bb (Histoire naturelle) au 1er si\u00e8cle apr\u00e8s J.-C., parle des vins de Catalogne : \u00ab\u00a0En Hispanie, les vins lai\u00e9tans sont devenus c\u00e9l\u00e8bres pour leur abondance ; ceux de Tarragone et de Lauro pour leur qualit\u00e9 [&#8230;] Je ne nierai donc pas qu\u2019il existe d\u2019autres vins dignes de gloire, mais ceux que j\u2019ai mentionn\u00e9s sont ceux que le jugement de l\u2019\u00e9poque a unanimement approuv\u00e9s\u00a0\u00bb.<\/p>\n\n        <\/article>\n          <\/div>\n\n\n\n\n<\/section>\n\n\n\n<section data-background=\"dark\" class=\"relative flex flex-col w-auto h-full overflow-hidden hs-image-block\">\n  \n  <div class=\"absolute inset-0 pointer-events-none mix-blend-multiply  bg-dun-200  \"><\/div>\n  \n\n\n    <div class=\"flex lg:gap-4 gap-4 flex-col lg:flex-1 lg:max-h-full hs-section lg:w-min lg:min-w-[450px] justify-start\">\n            <div class=\"hidden  lg:block relative min-h-[150px] w-full \" style=\"max-height: 337.76722090261px\">\n        <img loading=\"lazy\" decoding=\"async\" width=\"421\" height=\"316\" src=\"https:\/\/catalanwines.com\/app\/uploads\/2025\/01\/Pompei.png\" class=\"object-contain object-left w-full h-full @if($description)absolute flex-shrink @endif\" alt=\"\" srcset=\"https:\/\/catalanwines.com\/app\/uploads\/2025\/01\/Pompei.png 421w, https:\/\/catalanwines.com\/app\/uploads\/2025\/01\/Pompei-300x225.png 300w\" sizes=\"auto, (max-width: 421px) 100vw, 421px\" \/>              <\/div>\n      <div class=\"relative z-10 block w-full lg:hidden\">\n        <img loading=\"lazy\" decoding=\"async\" width=\"421\" height=\"316\" src=\"https:\/\/catalanwines.com\/app\/uploads\/2025\/01\/Pompei.png\" class=\"object-contain object-left w-full h-full relative z-10\" alt=\"\" srcset=\"https:\/\/catalanwines.com\/app\/uploads\/2025\/01\/Pompei.png 421w, https:\/\/catalanwines.com\/app\/uploads\/2025\/01\/Pompei-300x225.png 300w\" sizes=\"auto, (max-width: 421px) 100vw, 421px\" \/>      <\/div>\n      \n          <\/div>\n\n\n\n\n<\/section>\n\n\n\n<section data-background=\"dark\" class=\"relative flex flex-col w-auto h-full overflow-hidden hs-image-block\">\n  \n  <div class=\"absolute inset-0 pointer-events-none mix-blend-multiply  bg-dun-200  \"><\/div>\n  \n\n\n    <div class=\"flex lg:gap-4 gap-4 flex-col lg:flex-1 lg:max-h-full hs-section lg:w-min lg:min-w-[450px] justify-start\">\n            <div class=\"hidden lg:order-2  lg:block relative min-h-[150px] w-full h-full \" style=\"max-height: 450px\">\n        <img loading=\"lazy\" decoding=\"async\" width=\"311\" height=\"311\" src=\"https:\/\/catalanwines.com\/app\/uploads\/2023\/07\/tarrago.png\" class=\"object-contain object-left w-full h-full @if($description)absolute flex-shrink @endif\" alt=\"\" srcset=\"https:\/\/catalanwines.com\/app\/uploads\/2023\/07\/tarrago.png 311w, https:\/\/catalanwines.com\/app\/uploads\/2023\/07\/tarrago-300x300.png 300w, https:\/\/catalanwines.com\/app\/uploads\/2023\/07\/tarrago-150x150.png 150w\" sizes=\"auto, (max-width: 311px) 100vw, 311px\" \/>              <\/div>\n      <div class=\"relative z-10 block w-full lg:hidden\">\n        <img loading=\"lazy\" decoding=\"async\" width=\"311\" height=\"311\" src=\"https:\/\/catalanwines.com\/app\/uploads\/2023\/07\/tarrago.png\" class=\"object-contain object-left w-full h-full relative z-10\" alt=\"\" srcset=\"https:\/\/catalanwines.com\/app\/uploads\/2023\/07\/tarrago.png 311w, https:\/\/catalanwines.com\/app\/uploads\/2023\/07\/tarrago-300x300.png 300w, https:\/\/catalanwines.com\/app\/uploads\/2023\/07\/tarrago-150x150.png 150w\" sizes=\"auto, (max-width: 311px) 100vw, 311px\" \/>      <\/div>\n      \n              <article class=\"h-fit pt-4 description flex-col relative z-10\n         layout-2 lg:order-1 \">\n        <p>Gr\u00e2ce \u00e0 ce va-et-vient de vins, Tarraco a r\u00e9ussi \u00e0 se consolider comme l\u2019un des ports les plus importants pour le commerce d\u2019outre-mer et le commerce en M\u00e9diterran\u00e9e occidentale. La Via Augusta (nom donn\u00e9 \u00e0 la voie romaine qui reliait Cadix \u00e0 Rome en traversant toute la Catalogne) voyait passer au port de la capitale des vins provenant de tout le territoire et export\u00e9s dans tout l\u2019empire.<\/p>\n\n        <\/article>\n          <\/div>\n\n\n\n\n<\/section>\n\n\n\n<section data-background=\"dark\" class=\"relative flex flex-col w-auto h-full overflow-hidden hs-image-block\">\n  \n  <div class=\"absolute inset-0 pointer-events-none mix-blend-multiply  bg-dun-200  \"><\/div>\n  \n\n\n    <div class=\"flex lg:gap-4 gap-4 flex-col lg:flex-1 lg:max-h-full hs-section lg:w-min lg:min-w-[450px] justify-start\">\n            <div class=\"hidden  lg:block relative min-h-[150px] w-full h-full \" style=\"max-height: 337.07865168539px\">\n        <img loading=\"lazy\" decoding=\"async\" width=\"534\" height=\"400\" src=\"https:\/\/catalanwines.com\/app\/uploads\/2025\/01\/tarragona.jpg\" class=\"object-contain object-left w-full h-full @if($description)absolute flex-shrink @endif\" alt=\"\" srcset=\"https:\/\/catalanwines.com\/app\/uploads\/2025\/01\/tarragona.jpg 534w, https:\/\/catalanwines.com\/app\/uploads\/2025\/01\/tarragona-300x225.jpg 300w\" sizes=\"auto, (max-width: 534px) 100vw, 534px\" \/>              <\/div>\n      <div class=\"relative z-10 block w-full lg:hidden\">\n        <img loading=\"lazy\" decoding=\"async\" width=\"534\" height=\"400\" src=\"https:\/\/catalanwines.com\/app\/uploads\/2025\/01\/tarragona.jpg\" class=\"object-contain object-left w-full h-full relative z-10\" alt=\"\" srcset=\"https:\/\/catalanwines.com\/app\/uploads\/2025\/01\/tarragona.jpg 534w, https:\/\/catalanwines.com\/app\/uploads\/2025\/01\/tarragona-300x225.jpg 300w\" sizes=\"auto, (max-width: 534px) 100vw, 534px\" \/>      <\/div>\n              <figcaption class=\"text-xs text-dun-950 \">Amphith\u00e9\u00e2tre<\/figcaption>\n      \n              <article class=\"h-fit pt-4 description flex-col relative z-10\n        \">\n        <p>La ville de Tarraco s\u2019est impos\u00e9e comme un \u00e9picentre commercial, politique et culturel. \u00c0 c\u00f4t\u00e9 de la zone portuaire, un amphith\u00e9\u00e2tre a \u00e9t\u00e9 construit, que l\u2019on peut encore visiter aujourd\u2019hui.<\/p>\n\n        <\/article>\n          <\/div>\n\n\n\n\n<\/section>\n\n\n\n<section class=\"relative flex w-auto hs-more-info-block\">\n  \n  <div class=\"absolute inset-0 pointer-events-none mix-blend-multiply  bg-dun-100  \"><\/div>\n\n  \n  <div class=\"flex w-full flex-col lg:flex-row gap-12 lg:gap-10 lg:min-w-[450px] 2xl:min-w-[500px] lg:w-min hs-section\">\n          <div class=\"flex flex-col lg:min-w-[450px] 2xl:min-w-[500px] lg:w-min\">\n        <div class=\"flex pb-4 uppercase items-center gap-2 text-dun-950 text-sm font-semibold leading-none tracking-[0.07em]\">\n          <div class=\"uppercase text-wine-800\">\n            <svg class=\"h-6 w-auto\" xmlns=\"http:\/\/www.w3.org\/2000\/svg\" fill=\"none\" viewBox=\"0 0 24 24\"><path fill=\"currentColor\" d=\"M12 23.9998a12 12 0 1 1 12-11.9999c0 2.1064-.5545 4.1758-1.6076 6.0002A12.0019 12.0019 0 0 1 18 22.3924a12.001 12.001 0 0 1-6 1.6074Zm0-21.6001a9.599 9.599 0 0 0-6.7881 2.8119 9.5993 9.5993 0 0 0 0 13.5762 9.5996 9.5996 0 0 0 13.5763 0 9.5995 9.5995 0 0 0-1.9883-15.1019A9.5976 9.5976 0 0 0 12 2.3997Zm1.1999 14.4001v-4.8a1.1999 1.1999 0 1 0-2.3998 0v4.8a1.2 1.2 0 1 0 2.3998 0ZM12 5.9997a1.1998 1.1998 0 0 0-1.1999 1.2001A1.1996 1.1996 0 0 0 12 8.3998a1.1996 1.1996 0 0 0 1.1999-1.2A1.1998 1.1998 0 0 0 12 5.9997Z\"\/><\/svg>\n          <\/div>\n          Pour plus de renseignements&#8230;\n        <\/div>\n        <div class=\"flex flex-col gap-4 font-serif lg:overflow-y-auto lg:flex-row more-info\">\n                    <div class=\"flex flex-col w-full gap-4\">\n                                    <div class=\"lg:max-w-[350px] 2xl:max-w-[450px] more-info--link\">\n              <div class=\"text-lg\">https:\/\/www.mnat.cat\/en\/<\/div>\n              <a class=\"underline break-all text-wine-800 underline-offset-2\" href=\"MNAT\" target=\"_blank\">MNAT<\/a>\n            <\/div>\n                                    <div class=\"lg:max-w-[350px] 2xl:max-w-[450px] more-info--link\">\n              <div class=\"text-lg\">Patronat Municipal de Turisme de Tarragona<\/div>\n              <a class=\"underline break-all text-wine-800 underline-offset-2\" href=\"https:\/\/www.mnat.cat\/en\/\" target=\"\">https:\/\/www.mnat.cat\/en\/<\/a>\n            <\/div>\n                      <\/div>\n                  <\/div>\n      <\/div>\n            <\/div>\n\n<\/section>\n\n","protected":false},"excerpt":{"rendered":"","protected":false},"author":1,"featured_media":0,"parent":6250,"menu_order":9,"comment_status":"closed","ping_status":"closed","template":"template-fita.blade.php","meta":{"_acf_changed":false,"footnotes":""},"class_list":["post-6274","page","type-page","status-publish","hentry"],"acf":[],"yoast_head":"<!-- This site is optimized with the Yoast SEO plugin v27.4 - https:\/\/yoast.com\/product\/yoast-seo-wordpress\/ -->\n<title>I - IIe ap. J.-C. - Catalan Wines<\/title>\n<meta name=\"robots\" content=\"index, follow, max-snippet:-1, max-image-preview:large, max-video-preview:-1\" \/>\n<link rel=\"canonical\" href=\"https:\/\/catalanwines.com\/fr\/histoire\/ii-dc\/\" \/>\n<meta property=\"og:locale\" content=\"fr_FR\" \/>\n<meta property=\"og:type\" content=\"article\" \/>\n<meta property=\"og:title\" content=\"I - IIe ap. J.-C. - Catalan Wines\" \/>\n<meta property=\"og:url\" content=\"https:\/\/catalanwines.com\/fr\/histoire\/ii-dc\/\" \/>\n<meta property=\"og:site_name\" content=\"Catalan Wines\" \/>\n<meta property=\"article:modified_time\" content=\"2025-01-09T16:57:36+00:00\" \/>\n<meta name=\"twitter:card\" content=\"summary_large_image\" \/>\n<meta name=\"twitter:label1\" content=\"Est. reading time\" \/>\n\t<meta name=\"twitter:data1\" content=\"5 minutes\" \/>\n<script type=\"application\/ld+json\" class=\"yoast-schema-graph\">{\"@context\":\"https:\\\/\\\/schema.org\",\"@graph\":[{\"@type\":\"WebPage\",\"@id\":\"https:\\\/\\\/catalanwines.com\\\/fr\\\/histoire\\\/ii-dc\\\/\",\"url\":\"https:\\\/\\\/catalanwines.com\\\/fr\\\/histoire\\\/ii-dc\\\/\",\"name\":\"I - IIe ap. J.-C. - Catalan Wines\",\"isPartOf\":{\"@id\":\"https:\\\/\\\/catalanwines.com\\\/fr\\\/#website\"},\"datePublished\":\"2023-03-16T14:57:26+00:00\",\"dateModified\":\"2025-01-09T16:57:36+00:00\",\"breadcrumb\":{\"@id\":\"https:\\\/\\\/catalanwines.com\\\/fr\\\/histoire\\\/ii-dc\\\/#breadcrumb\"},\"inLanguage\":\"fr-FR\",\"potentialAction\":[{\"@type\":\"ReadAction\",\"target\":[\"https:\\\/\\\/catalanwines.com\\\/fr\\\/histoire\\\/ii-dc\\\/\"]}]},{\"@type\":\"BreadcrumbList\",\"@id\":\"https:\\\/\\\/catalanwines.com\\\/fr\\\/histoire\\\/ii-dc\\\/#breadcrumb\",\"itemListElement\":[{\"@type\":\"ListItem\",\"position\":1,\"name\":\"Inici\",\"item\":\"https:\\\/\\\/catalanwines.com\\\/fr\\\/portada\\\/\"},{\"@type\":\"ListItem\",\"position\":2,\"name\":\"Histoire\",\"item\":\"https:\\\/\\\/catalanwines.com\\\/fr\\\/histoire\\\/\"},{\"@type\":\"ListItem\",\"position\":3,\"name\":\"I &#8211; IIe ap. J.-C.\"}]},{\"@type\":\"WebSite\",\"@id\":\"https:\\\/\\\/catalanwines.com\\\/fr\\\/#website\",\"url\":\"https:\\\/\\\/catalanwines.com\\\/fr\\\/\",\"name\":\"Catalan Wines\",\"description\":\"Catalunya, on el vi es cultura\",\"potentialAction\":[{\"@type\":\"SearchAction\",\"target\":{\"@type\":\"EntryPoint\",\"urlTemplate\":\"https:\\\/\\\/catalanwines.com\\\/fr\\\/?s={search_term_string}\"},\"query-input\":{\"@type\":\"PropertyValueSpecification\",\"valueRequired\":true,\"valueName\":\"search_term_string\"}}],\"inLanguage\":\"fr-FR\"}]}<\/script>\n<!-- \/ Yoast SEO plugin. -->","yoast_head_json":{"title":"I - IIe ap. J.-C. - Catalan Wines","robots":{"index":"index","follow":"follow","max-snippet":"max-snippet:-1","max-image-preview":"max-image-preview:large","max-video-preview":"max-video-preview:-1"},"canonical":"https:\/\/catalanwines.com\/fr\/histoire\/ii-dc\/","og_locale":"fr_FR","og_type":"article","og_title":"I - IIe ap. J.-C. - Catalan Wines","og_url":"https:\/\/catalanwines.com\/fr\/histoire\/ii-dc\/","og_site_name":"Catalan Wines","article_modified_time":"2025-01-09T16:57:36+00:00","twitter_card":"summary_large_image","twitter_misc":{"Est. reading time":"5 minutes"},"schema":{"@context":"https:\/\/schema.org","@graph":[{"@type":"WebPage","@id":"https:\/\/catalanwines.com\/fr\/histoire\/ii-dc\/","url":"https:\/\/catalanwines.com\/fr\/histoire\/ii-dc\/","name":"I - IIe ap. J.-C. - Catalan Wines","isPartOf":{"@id":"https:\/\/catalanwines.com\/fr\/#website"},"datePublished":"2023-03-16T14:57:26+00:00","dateModified":"2025-01-09T16:57:36+00:00","breadcrumb":{"@id":"https:\/\/catalanwines.com\/fr\/histoire\/ii-dc\/#breadcrumb"},"inLanguage":"fr-FR","potentialAction":[{"@type":"ReadAction","target":["https:\/\/catalanwines.com\/fr\/histoire\/ii-dc\/"]}]},{"@type":"BreadcrumbList","@id":"https:\/\/catalanwines.com\/fr\/histoire\/ii-dc\/#breadcrumb","itemListElement":[{"@type":"ListItem","position":1,"name":"Inici","item":"https:\/\/catalanwines.com\/fr\/portada\/"},{"@type":"ListItem","position":2,"name":"Histoire","item":"https:\/\/catalanwines.com\/fr\/histoire\/"},{"@type":"ListItem","position":3,"name":"I &#8211; IIe ap. J.-C."}]},{"@type":"WebSite","@id":"https:\/\/catalanwines.com\/fr\/#website","url":"https:\/\/catalanwines.com\/fr\/","name":"Catalan Wines","description":"Catalunya, on el vi es cultura","potentialAction":[{"@type":"SearchAction","target":{"@type":"EntryPoint","urlTemplate":"https:\/\/catalanwines.com\/fr\/?s={search_term_string}"},"query-input":{"@type":"PropertyValueSpecification","valueRequired":true,"valueName":"search_term_string"}}],"inLanguage":"fr-FR"}]}},"_links":{"self":[{"href":"https:\/\/catalanwines.com\/fr\/wp-json\/wp\/v2\/pages\/6274","targetHints":{"allow":["GET"]}}],"collection":[{"href":"https:\/\/catalanwines.com\/fr\/wp-json\/wp\/v2\/pages"}],"about":[{"href":"https:\/\/catalanwines.com\/fr\/wp-json\/wp\/v2\/types\/page"}],"author":[{"embeddable":true,"href":"https:\/\/catalanwines.com\/fr\/wp-json\/wp\/v2\/users\/1"}],"replies":[{"embeddable":true,"href":"https:\/\/catalanwines.com\/fr\/wp-json\/wp\/v2\/comments?post=6274"}],"version-history":[{"count":2,"href":"https:\/\/catalanwines.com\/fr\/wp-json\/wp\/v2\/pages\/6274\/revisions"}],"predecessor-version":[{"id":6305,"href":"https:\/\/catalanwines.com\/fr\/wp-json\/wp\/v2\/pages\/6274\/revisions\/6305"}],"up":[{"embeddable":true,"href":"https:\/\/catalanwines.com\/fr\/wp-json\/wp\/v2\/pages\/6250"}],"wp:attachment":[{"href":"https:\/\/catalanwines.com\/fr\/wp-json\/wp\/v2\/media?parent=6274"}],"curies":[{"name":"wp","href":"https:\/\/api.w.org\/{rel}","templated":true}]}}