{"id":6252,"date":"2023-03-16T15:57:01","date_gmt":"2023-03-16T14:57:01","guid":{"rendered":"https:\/\/catalanwines.com\/historia\/vii-ac\/"},"modified":"2025-01-09T17:45:46","modified_gmt":"2025-01-09T16:45:46","slug":"vii-ac","status":"publish","type":"page","link":"https:\/\/catalanwines.com\/fr\/histoire\/vii-ac\/","title":{"rendered":"VII av. J. C."},"content":{"rendered":"<section data-background=\"light\" class=\"relative flex w-auto cont hs-text-block\">\n  \n  <div class=\"absolute inset-0 pointer-events-none mix-blend-multiply  bg-dun-100  \"><\/div>\n\n  \n    <div class=\"hs-grid--responsive flex flex-col h-fit lg:grid grid-cols-[repeat(2,_fit-content(450px))] xl:grid-cols-[repeat(2,_fit-content(500px))] gap-y-8 gap-x-24 auto-rows-min hs-section\">\n    <div class=\"grid-cols-2 lg:grid col-span-full gap-x-24\">\n      <div class=\" col-span-1 \">\n        <article><h2>Les d\u00e9couvertes du site de La Font de la Ca\u00f1a sont les premi\u00e8res preuves de la culture et de la manipulation de la vigne en Catalogne.<br \/>\n<\/h2>\n<\/article>\n      <\/div>\n            <div class=\"col-span-1 hs-width\">\n        <article><\/article>\n      <\/div>\n          <\/div>\n    <div class=\" col-span-1 \">\n      <article><p>L\u2019origine de cette activit\u00e9 \u00e9conomique remonte aux contacts entre les peuples m\u00e9diterran\u00e9ens et les communaut\u00e9s indig\u00e8nes de la c\u00f4te catalane. Les Grecs et les Ph\u00e9niciens, int\u00e9ress\u00e9s par les m\u00e9taux, les c\u00e9r\u00e9ales ou le sel de notre territoire, ont commenc\u00e9 \u00e0 introduire des produits de luxe, comme le parfum ou le vin, une boisson jusqu\u2019alors inconnue des groupes locaux, principalement consommateurs de bi\u00e8re. Cette activit\u00e9 d\u2019\u00e9change s\u2019est progressivement accompagn\u00e9e de l\u2019adaptation des techniques de vinification dans le Pened\u00e8s.<\/p>\n<\/article>\n    <\/div>\n        <div class=\"col-span-1\">\n      <article><p>L\u2019activit\u00e9 viticole, le paysage et la culture du vin en Catalogne ont des racines vieilles de 2 700 ans.<\/p>\n<p>Bien que les Ph\u00e9niciens aient introduit la consommation de vin sur les terres de l\u2019\u00c8bre et du Camp de Tarragone, ce n\u2019est pas un hasard si la r\u00e9gion du Pened\u00e8s est le th\u00e9\u00e2tre de ce berceau. Les caract\u00e9ristiques du sol fertile, le climat chaud et doux et, surtout, la proximit\u00e9 de la mer font de ce terroir de la r\u00e9gion du Pened\u00e8s la plus propice au d\u00e9veloppement de ce processus de production s\u00e9culaire. En effet, la Font de la Ca\u00f1a \u00e9tait un centre logistique et commercial de la Cosset\u00e0nia ib\u00e9rique, o\u00f9 l\u2019on \u00e9changeait non seulement du vin, mais aussi des restes d\u2019huile, de salaisons et surtout de c\u00e9r\u00e9ales.<\/p>\n<p>Une fois les communaut\u00e9s ib\u00e9riques consolid\u00e9es, la culture de la vigne en Catalogne s\u2019est d\u00e9velopp\u00e9e et la consommation de vin s\u2019est r\u00e9pandue en tant qu\u2019outil de stratification sociale et d\u2019usage rituel.<\/p>\n<\/article>\n    <\/div>\n      <\/div>\n  <\/section>\n\n\n\n<section class=\"relative flex flex-col w-auto hs-image-grid-block\">\n  \n  <div class=\"absolute inset-0 pointer-events-none mix-blend-multiply  bg-dun-100  \"><\/div>\n    \n  <div class=\"hidden invisible pointer-event-none lg:pointer-events-auto lg:visible lg:flex flex-col hs-section max-h-full min-h-[300px] w-full content--wrapper max-w-[1050px]\">\n    <div class=\"flex flex-col w-full flex-[1] justify-start gap-4 h-[0%] content--container\">\n      <picture class=\"relative min-h-[150px] w-full \" style=\"max-height: 788.12351543943px\">\n        <img loading=\"lazy\" decoding=\"async\" width=\"421\" height=\"316\" src=\"https:\/\/catalanwines.com\/app\/uploads\/2025\/01\/fita1.png\" class=\"w-auto h-full object-contain object-left-bottom content--image\" alt=\"\" srcset=\"https:\/\/catalanwines.com\/app\/uploads\/2025\/01\/fita1.png 421w, https:\/\/catalanwines.com\/app\/uploads\/2025\/01\/fita1-300x225.png 300w\" sizes=\"auto, (max-width: 421px) 100vw, 421px\" \/>      <\/picture>\n      <figcaption class=\"max-w-lg text-xs text-dun-950 \">Vestiges arch\u00e9obotaniques trouv\u00e9s \u00e0 l\u2019int\u00e9rieur d\u2019un silo. Il s\u2019agit de vitis vinifera carbonis\u00e9s dat\u00e9s du 7\u00e8me si\u00e8cle av. J.-C., le premier \u00e2ge du Fer.<\/figcaption>\n          <\/div>\n  <\/div>\n\n  \n  <div class=\"container flex flex-col w-full gap-12 pointer-events-auto lg:hidden lg:invisible lg:pointer-events-none\">\n    <div class=\"flex flex-col justify-start w-full gap-4\">\n        <picture class=\"relative w-full \">\n        <img loading=\"lazy\" decoding=\"async\" width=\"421\" height=\"316\" src=\"https:\/\/catalanwines.com\/app\/uploads\/2025\/01\/fita1.png\" class=\"w-auto h-full object-contain object-left-bottom content--image\" alt=\"\" srcset=\"https:\/\/catalanwines.com\/app\/uploads\/2025\/01\/fita1.png 421w, https:\/\/catalanwines.com\/app\/uploads\/2025\/01\/fita1-300x225.png 300w\" sizes=\"auto, (max-width: 421px) 100vw, 421px\" \/>        <\/picture>\n      <figcaption class=\"max-w-lg text-xs text-dun-950 \">Vestiges arch\u00e9obotaniques trouv\u00e9s \u00e0 l\u2019int\u00e9rieur d\u2019un silo. Il s\u2019agit de vitis vinifera carbonis\u00e9s dat\u00e9s du 7\u00e8me si\u00e8cle av. J.-C., le premier \u00e2ge du Fer.<\/figcaption>\n    <\/div>\n        <\/div>\n\n<\/section>\n\n\n\n<section data-background=\"light\" class=\"relative flex flex-col w-auto h-full overflow-hidden hs-image-block\">\n  \n  <div class=\"absolute inset-0 pointer-events-none mix-blend-multiply  bg-dun-100  \"><\/div>\n  \n\n\n    <div class=\"flex lg:gap-4 gap-4 flex-col lg:flex-1 lg:max-h-full hs-section lg:w-min lg:min-w-[450px] justify-end\">\n            <div class=\"hidden  lg:block relative min-h-[150px] w-full h-full \" style=\"max-height: 337.76722090261px\">\n        <img loading=\"lazy\" decoding=\"async\" width=\"421\" height=\"316\" src=\"https:\/\/catalanwines.com\/app\/uploads\/2025\/01\/fita2.png\" class=\"object-contain object-left w-full h-full @if($description)absolute flex-shrink @endif\" alt=\"\" srcset=\"https:\/\/catalanwines.com\/app\/uploads\/2025\/01\/fita2.png 421w, https:\/\/catalanwines.com\/app\/uploads\/2025\/01\/fita2-300x225.png 300w\" sizes=\"auto, (max-width: 421px) 100vw, 421px\" \/>              <\/div>\n      <div class=\"relative z-10 block w-full lg:hidden\">\n        <img loading=\"lazy\" decoding=\"async\" width=\"421\" height=\"316\" src=\"https:\/\/catalanwines.com\/app\/uploads\/2025\/01\/fita2.png\" class=\"object-contain object-left w-full h-full relative z-10\" alt=\"\" srcset=\"https:\/\/catalanwines.com\/app\/uploads\/2025\/01\/fita2.png 421w, https:\/\/catalanwines.com\/app\/uploads\/2025\/01\/fita2-300x225.png 300w\" sizes=\"auto, (max-width: 421px) 100vw, 421px\" \/>      <\/div>\n              <figcaption class=\"text-xs text-dun-950 \">Vue a\u00e9rienne du site de la Font de la Ca\u00f1a, Avinyonet del Pened\u00e8s.\n<\/figcaption>\n      \n              <article class=\"h-fit pt-4 description flex-col relative z-10\n        \">\n        <p>Le site de La Font de la Ca\u00f1a fait l\u2019objet de fouilles cons\u00e9cutives depuis 1999. Il s\u2019agit d\u2019espace emm\u00e9nag\u00e9 en mus\u00e9e en plein air qui peut \u00eatre visit\u00e9 et qui est compl\u00e9t\u00e9 par un espace int\u00e9rieur o\u00f9 le patrimoine viticole est interpr\u00e9t\u00e9 gr\u00e2ce \u00e0 diff\u00e9rentes ressources mus\u00e9ographiques et aides \u00e0 la communication.<\/p>\n\n        <\/article>\n          <\/div>\n\n\n\n\n<\/section>\n\n\n\n<section class=\"relative flex w-auto hs-more-info-block\">\n  \n  <div class=\"absolute inset-0 pointer-events-none mix-blend-multiply  bg-dun-100  \"><\/div>\n\n  \n  <div class=\"flex w-full flex-col lg:flex-row gap-12 lg:gap-10 lg:min-w-[450px] 2xl:min-w-[500px] lg:w-min hs-section\">\n          <div class=\"flex flex-col lg:min-w-[450px] 2xl:min-w-[500px] lg:w-min\">\n        <div class=\"flex pb-4 uppercase items-center gap-2 text-dun-950 text-sm font-semibold leading-none tracking-[0.07em]\">\n          <div class=\"uppercase text-wine-800\">\n            <svg class=\"h-6 w-auto\" xmlns=\"http:\/\/www.w3.org\/2000\/svg\" fill=\"none\" viewBox=\"0 0 24 24\"><path fill=\"currentColor\" d=\"M12 23.9998a12 12 0 1 1 12-11.9999c0 2.1064-.5545 4.1758-1.6076 6.0002A12.0019 12.0019 0 0 1 18 22.3924a12.001 12.001 0 0 1-6 1.6074Zm0-21.6001a9.599 9.599 0 0 0-6.7881 2.8119 9.5993 9.5993 0 0 0 0 13.5762 9.5996 9.5996 0 0 0 13.5763 0 9.5995 9.5995 0 0 0-1.9883-15.1019A9.5976 9.5976 0 0 0 12 2.3997Zm1.1999 14.4001v-4.8a1.1999 1.1999 0 1 0-2.3998 0v4.8a1.2 1.2 0 1 0 2.3998 0ZM12 5.9997a1.1998 1.1998 0 0 0-1.1999 1.2001A1.1996 1.1996 0 0 0 12 8.3998a1.1996 1.1996 0 0 0 1.1999-1.2A1.1998 1.1998 0 0 0 12 5.9997Z\"\/><\/svg>\n          <\/div>\n          Pour plus de renseignements&#8230;\n        <\/div>\n        <div class=\"flex flex-col gap-4 font-serif lg:overflow-y-auto lg:flex-row more-info\">\n                    <div class=\"flex flex-col w-full gap-4\">\n                                    <div class=\"lg:max-w-[350px] 2xl:max-w-[450px] more-info--link\">\n              <div class=\"text-lg\">Arqueovitis sccl<\/div>\n              <a class=\"underline break-all text-wine-800 underline-offset-2\" href=\"https:\/\/arqueovitis.com\/\" target=\"_blank\">https:\/\/arqueovitis.com\/<\/a>\n            <\/div>\n                                    <div class=\"lg:max-w-[350px] 2xl:max-w-[450px] more-info--link\">\n              <div class=\"text-lg\">Font de la canya<\/div>\n              <a class=\"underline break-all text-wine-800 underline-offset-2\" href=\"https:\/\/fontdelacanya.cat\/\" target=\"_blank\">https:\/\/fontdelacanya.cat\/<\/a>\n            <\/div>\n                      <\/div>\n                  <\/div>\n      <\/div>\n            <\/div>\n\n<\/section>\n\n","protected":false},"excerpt":{"rendered":"","protected":false},"author":1,"featured_media":0,"parent":6250,"menu_order":8,"comment_status":"closed","ping_status":"closed","template":"template-fita.blade.php","meta":{"_acf_changed":false,"footnotes":""},"class_list":["post-6252","page","type-page","status-publish","hentry"],"acf":[],"yoast_head":"<!-- This site is optimized with the Yoast SEO plugin v27.3 - https:\/\/yoast.com\/product\/yoast-seo-wordpress\/ -->\n<title>VII av. J. C. - Catalan Wines<\/title>\n<meta name=\"robots\" content=\"index, follow, max-snippet:-1, max-image-preview:large, max-video-preview:-1\" \/>\n<link rel=\"canonical\" href=\"https:\/\/catalanwines.com\/fr\/histoire\/vii-ac\/\" \/>\n<meta property=\"og:locale\" content=\"fr_FR\" \/>\n<meta property=\"og:type\" content=\"article\" \/>\n<meta property=\"og:title\" content=\"VII av. J. C. - Catalan Wines\" \/>\n<meta property=\"og:url\" content=\"https:\/\/catalanwines.com\/fr\/histoire\/vii-ac\/\" \/>\n<meta property=\"og:site_name\" content=\"Catalan Wines\" \/>\n<meta property=\"article:modified_time\" content=\"2025-01-09T16:45:46+00:00\" \/>\n<meta name=\"twitter:card\" content=\"summary_large_image\" \/>\n<meta name=\"twitter:label1\" content=\"Est. reading time\" \/>\n\t<meta name=\"twitter:data1\" content=\"3 minutes\" \/>\n<script type=\"application\/ld+json\" class=\"yoast-schema-graph\">{\"@context\":\"https:\\\/\\\/schema.org\",\"@graph\":[{\"@type\":\"WebPage\",\"@id\":\"https:\\\/\\\/catalanwines.com\\\/fr\\\/histoire\\\/vii-ac\\\/\",\"url\":\"https:\\\/\\\/catalanwines.com\\\/fr\\\/histoire\\\/vii-ac\\\/\",\"name\":\"VII av. J. C. - Catalan Wines\",\"isPartOf\":{\"@id\":\"https:\\\/\\\/catalanwines.com\\\/fr\\\/#website\"},\"datePublished\":\"2023-03-16T14:57:01+00:00\",\"dateModified\":\"2025-01-09T16:45:46+00:00\",\"breadcrumb\":{\"@id\":\"https:\\\/\\\/catalanwines.com\\\/fr\\\/histoire\\\/vii-ac\\\/#breadcrumb\"},\"inLanguage\":\"fr-FR\",\"potentialAction\":[{\"@type\":\"ReadAction\",\"target\":[\"https:\\\/\\\/catalanwines.com\\\/fr\\\/histoire\\\/vii-ac\\\/\"]}]},{\"@type\":\"BreadcrumbList\",\"@id\":\"https:\\\/\\\/catalanwines.com\\\/fr\\\/histoire\\\/vii-ac\\\/#breadcrumb\",\"itemListElement\":[{\"@type\":\"ListItem\",\"position\":1,\"name\":\"Inici\",\"item\":\"https:\\\/\\\/catalanwines.com\\\/fr\\\/portada\\\/\"},{\"@type\":\"ListItem\",\"position\":2,\"name\":\"Histoire\",\"item\":\"https:\\\/\\\/catalanwines.com\\\/fr\\\/histoire\\\/\"},{\"@type\":\"ListItem\",\"position\":3,\"name\":\"VII av. J. C.\"}]},{\"@type\":\"WebSite\",\"@id\":\"https:\\\/\\\/catalanwines.com\\\/fr\\\/#website\",\"url\":\"https:\\\/\\\/catalanwines.com\\\/fr\\\/\",\"name\":\"Catalan Wines\",\"description\":\"Catalunya, on el vi es cultura\",\"potentialAction\":[{\"@type\":\"SearchAction\",\"target\":{\"@type\":\"EntryPoint\",\"urlTemplate\":\"https:\\\/\\\/catalanwines.com\\\/fr\\\/?s={search_term_string}\"},\"query-input\":{\"@type\":\"PropertyValueSpecification\",\"valueRequired\":true,\"valueName\":\"search_term_string\"}}],\"inLanguage\":\"fr-FR\"}]}<\/script>\n<!-- \/ Yoast SEO plugin. -->","yoast_head_json":{"title":"VII av. J. C. - Catalan Wines","robots":{"index":"index","follow":"follow","max-snippet":"max-snippet:-1","max-image-preview":"max-image-preview:large","max-video-preview":"max-video-preview:-1"},"canonical":"https:\/\/catalanwines.com\/fr\/histoire\/vii-ac\/","og_locale":"fr_FR","og_type":"article","og_title":"VII av. J. C. - Catalan Wines","og_url":"https:\/\/catalanwines.com\/fr\/histoire\/vii-ac\/","og_site_name":"Catalan Wines","article_modified_time":"2025-01-09T16:45:46+00:00","twitter_card":"summary_large_image","twitter_misc":{"Est. reading time":"3 minutes"},"schema":{"@context":"https:\/\/schema.org","@graph":[{"@type":"WebPage","@id":"https:\/\/catalanwines.com\/fr\/histoire\/vii-ac\/","url":"https:\/\/catalanwines.com\/fr\/histoire\/vii-ac\/","name":"VII av. J. C. - Catalan Wines","isPartOf":{"@id":"https:\/\/catalanwines.com\/fr\/#website"},"datePublished":"2023-03-16T14:57:01+00:00","dateModified":"2025-01-09T16:45:46+00:00","breadcrumb":{"@id":"https:\/\/catalanwines.com\/fr\/histoire\/vii-ac\/#breadcrumb"},"inLanguage":"fr-FR","potentialAction":[{"@type":"ReadAction","target":["https:\/\/catalanwines.com\/fr\/histoire\/vii-ac\/"]}]},{"@type":"BreadcrumbList","@id":"https:\/\/catalanwines.com\/fr\/histoire\/vii-ac\/#breadcrumb","itemListElement":[{"@type":"ListItem","position":1,"name":"Inici","item":"https:\/\/catalanwines.com\/fr\/portada\/"},{"@type":"ListItem","position":2,"name":"Histoire","item":"https:\/\/catalanwines.com\/fr\/histoire\/"},{"@type":"ListItem","position":3,"name":"VII av. J. C."}]},{"@type":"WebSite","@id":"https:\/\/catalanwines.com\/fr\/#website","url":"https:\/\/catalanwines.com\/fr\/","name":"Catalan Wines","description":"Catalunya, on el vi es cultura","potentialAction":[{"@type":"SearchAction","target":{"@type":"EntryPoint","urlTemplate":"https:\/\/catalanwines.com\/fr\/?s={search_term_string}"},"query-input":{"@type":"PropertyValueSpecification","valueRequired":true,"valueName":"search_term_string"}}],"inLanguage":"fr-FR"}]}},"_links":{"self":[{"href":"https:\/\/catalanwines.com\/fr\/wp-json\/wp\/v2\/pages\/6252","targetHints":{"allow":["GET"]}}],"collection":[{"href":"https:\/\/catalanwines.com\/fr\/wp-json\/wp\/v2\/pages"}],"about":[{"href":"https:\/\/catalanwines.com\/fr\/wp-json\/wp\/v2\/types\/page"}],"author":[{"embeddable":true,"href":"https:\/\/catalanwines.com\/fr\/wp-json\/wp\/v2\/users\/1"}],"replies":[{"embeddable":true,"href":"https:\/\/catalanwines.com\/fr\/wp-json\/wp\/v2\/comments?post=6252"}],"version-history":[{"count":5,"href":"https:\/\/catalanwines.com\/fr\/wp-json\/wp\/v2\/pages\/6252\/revisions"}],"predecessor-version":[{"id":6273,"href":"https:\/\/catalanwines.com\/fr\/wp-json\/wp\/v2\/pages\/6252\/revisions\/6273"}],"up":[{"embeddable":true,"href":"https:\/\/catalanwines.com\/fr\/wp-json\/wp\/v2\/pages\/6250"}],"wp:attachment":[{"href":"https:\/\/catalanwines.com\/fr\/wp-json\/wp\/v2\/media?parent=6252"}],"curies":[{"name":"wp","href":"https:\/\/api.w.org\/{rel}","templated":true}]}}