{"id":2005,"date":"2023-03-09T08:44:39","date_gmt":"2023-03-09T07:44:39","guid":{"rendered":"https:\/\/catalanwines.com\/?page_id=2005"},"modified":"2026-03-20T13:13:14","modified_gmt":"2026-03-20T12:13:14","slug":"vinos-de-finca-calificada","status":"publish","type":"page","link":"https:\/\/catalanwines.com\/es\/vinos-de-finca-calificada\/","title":{"rendered":"Vinos de Finca Calificada"},"content":{"rendered":"<section class=\"relative flex flex-col w-full min-h-screen overflow-hidden text-dun-100 parallax-section\">\n  <div class=\"absolute w-full h-full -z-10 parallax-image\">\n    <picture>\n            <source media=\"(min-width: 768px)\" srcset=\"https:\/\/catalanwines.com\/app\/uploads\/2023\/03\/image-5-1.jpg\">\n      <source media=\"(max-width: 767px)\" srcset=\"https:\/\/catalanwines.com\/app\/uploads\/2023\/03\/image-5-1-1.png\">\n            <img loading=\"lazy\" decoding=\"async\" width=\"1440\" height=\"900\" src=\"https:\/\/catalanwines.com\/app\/uploads\/2023\/03\/image-5-1.jpg\" class=\"object-cover w-full h-full\" alt=\"\" srcset=\"https:\/\/catalanwines.com\/app\/uploads\/2023\/03\/image-5-1.jpg 1440w, https:\/\/catalanwines.com\/app\/uploads\/2023\/03\/image-5-1-300x188.jpg 300w, https:\/\/catalanwines.com\/app\/uploads\/2023\/03\/image-5-1-1024x640.jpg 1024w, https:\/\/catalanwines.com\/app\/uploads\/2023\/03\/image-5-1-768x480.jpg 768w\" sizes=\"auto, (max-width: 1440px) 100vw, 1440px\" \/>\n    <\/picture>\n  <\/div>\n\n\n  <div class=\"flex flex-col flex-1 px-4 md:px-8 lg:container pt-custom-header\">\n    <div class=\"flex-1 flex flex-col gap-y-6 xl:gap-y-[12vh] 2xl:gap-y-[24vh] pt-9 pb-28\">\n      <div class=\"flex items-center\">\n                <p class=\"invisible text-xs\">.<\/p>\n      <\/div>\n\n\n      <div class=\"flex flex-col justify-center flex-1 gap-10 xl:flex-none xl:justify-start\">\n        <div class=\"flex flex-col gap-3 font-serif\">\n                    <h1 class=\"max-w-3xl text-dun-100 break-words text-8xl lg:text-9xl hyphens text-appear\">Vinos de Finca<br>Calificada<\/h1>\n                            <\/div>\n\n                  <div class=\"flex flex-col max-w-xs gap-5 \">\n                        <article class=\"text-appear\">\n              <p>Los Vinos de Finca Calificada (VFC) son el m\u00e1ximo exponente de la vinculaci\u00f3n entre el sector vitivin\u00edcola<br \/>\ny su territorio. Por esta raz\u00f3n, en el marco del ambicioso proceso de transformaci\u00f3n Horitz\u00f32025, el INCAVI da un nuevo impulso al Proyecto VFC para mejorar el posicionamiento del vino catal\u00e1n en mercados clave de todo el mundo a partir de estos vinos se\u00f1eros.<\/p>\n\n            <\/article>\n          <\/div>\n              <\/div>\n    <\/div>\n  <\/div>\n\n  <div class=\"absolute w-full mx-auto text-center bottom-6 scroll-down\">\n    <p class=\"-mb-3 text-sm font-semibold uppercase \">Deslizar<\/p>\n    <svg class=\"w-20 h-20 text-center mx-auto\" fill=\"none\" xmlns=\"http:\/\/www.w3.org\/2000\/svg\" viewBox=\"0 0 30 70\">\n<circle cx=\"15\" cy=\"50.694\" r=\"2.5\" fill=\"currentColor\"\/>\n<path fill-rule=\"evenodd\" clip-rule=\"evenodd\" d=\"M6.086 0H5.16l-.27.885C4.2 3.15 3.086 7.32 2.12 11.245 1.163 15.123.31 18.926.185 20.37c-.232 2.709-.592 8.878 3.994 14.381 1.665 1.998 5.687 5.022 10.763 5.067h.114c5.075-.045 9.098-3.07 10.762-5.067 4.586-5.503 4.227-11.672 3.995-14.38-.124-1.446-.979-5.25-1.934-9.125C26.914 7.32 25.8 3.15 25.11.886L24.84 0H6.084Zm8.857 2.5H7.018c-.674 2.315-1.626 5.91-2.471 9.344-.976 3.958-1.767 7.536-1.87 8.74-.222 2.59-.49 7.87 3.424 12.567 1.344 1.613 4.742 4.144 8.899 4.167 4.157-.023 7.554-2.554 8.899-4.167 3.913-4.696 3.646-9.978 3.424-12.567-.103-1.204-.895-4.782-1.87-8.74-.846-3.434-1.798-7.029-2.472-9.344h-8.038Z\" fill=\"currentColor\"\/>\n<\/svg>  <\/div>\n<\/section>\n\n\n<section\n  class=\"animated-section relative overflow-hidden bg-cover  bg-dun-100 \"\n  style=\"background-image:url('https:\/\/catalanwines.com\/app\/themes\/catalanwines\/public\/images\/background.png')\">\n\n      <div class=\"absolute bottom-0 hidden -mr-24 right-1\/2 xl:block image-sm\">\n    <img decoding=\"async\" src=\"https:\/\/catalanwines.com\/app\/uploads\/2023\/03\/IMAGE61-1.png\" alt=\"image 40\" class=\"w-full h-auto \">\n  <\/div>\n      \n  <div\n    class=\"z-10 grid items-center justify-center grid-cols-12 gap-4 px-4 xl:items-start md:px-8 py-14 lg:container lg:py-24\">\n    <div\n      class=\"text-appear col-span-full md:col-span-6  xl:col-span-5 pt-6 lg:pt-14 \">\n      <h2 class=\"mb-12 lg:text-5xl \">El Proyecto VFC es una herramienta para aumentar el prestigio del vino catal\u00e1n y del sector en su conjunto<\/h2>\n      <article class=\"pr-12 text-lg md:max-w-md mb-7 md:mb-16 \">\n        <p>Esta distinci\u00f3n es un reconocimiento al<br \/>\ntrabajo continuado en la vi\u00f1a, al esfuerzo, a la constancia y a la exigencia. Y tambi\u00e9n al compromiso a largo plazo de cada una de las bodegas con su tierra, un factor imprescindible para cohesionar el territorio y proveerlo de herramientas para el desarrollo econ\u00f3mico y social.<\/p>\n\n      <\/article>\n    <\/div>\n        <div class=\"col-span-full md:col-span-5  md:col-start-8 \">\n      <div class=\"relative z-10 w-full h-auto mb-6 xl:mb-0 primary-image\">\n        <img decoding=\"async\" src=\"https:\/\/catalanwines.com\/app\/uploads\/2023\/03\/image-40-1.png\" alt=\"image 40\" class=\"object-cover w-full h-full\">\n      <\/div>\n            <div class=\"xl:hidden image-sm\">\n        <img decoding=\"async\" src=\"https:\/\/catalanwines.com\/app\/uploads\/2023\/03\/IMAGE61-1.png\" alt=\"image 40\" class=\"w-full h-auto \">\n      <\/div>\n      \n    <\/div>\n      <\/div>\n\n<\/section>\n\n\n<section\n  class=\"animated-section relative overflow-hidden bg-cover  bg-dun-100 \"\n  style=\"background-image:url('https:\/\/catalanwines.com\/app\/themes\/catalanwines\/public\/images\/background.png')\">\n\n    <div\n    class=\"absolute bottom-0 w-full md:bottom-auto  md:h-full md:w-[30vw] h-[60vh] bg-dun-300 mix-blend-multiply lateral\">\n  <\/div>\n  \n  <div\n    class=\"z-10 grid items-center justify-center grid-cols-12 gap-4 px-4 xl:items-start md:px-8 py-14 lg:container lg:py-24\">\n    <div\n      class=\"text-appear col-span-full md:col-span-6  xl:col-span-5 pt-6 lg:pt-14  md:order-2 md:col-start-7 xl:col-start-8 \">\n      <h2 class=\"mb-12 lg:text-5xl \">Los VFC reconocen el compromiso constante de cada una de las bodegas con su tierra<\/h2>\n      <article class=\"pr-12 text-lg md:max-w-md mb-7 md:mb-16 \">\n        <p><strong>Preservaci\u00f3n del patrimonio vitivin\u00edcola.<\/strong><br \/>\nCatalu\u00f1a produce actualmente los mejores vinos de la historia y la distinci\u00f3n VFC demuestra la voluntad del INCAVI de promocionar y poner en valor esta realidad.<\/p>\n<p>Actualmente contamos con 19 Vinos de Finca Calificada de 6 denominaciones<br \/>\nde origen (DO). Estos vinos demuestran que la excelencia es la mejor manera de garantizar la continuidad y el desarrollo de la actividad en el mundo rural.<\/p>\n\n      <\/article>\n    <\/div>\n        <div class=\"col-span-full md:col-span-5  order-1 \">\n      <div class=\"relative z-10 w-full h-auto mb-6 xl:mb-0 primary-image\">\n        <img decoding=\"async\" src=\"https:\/\/catalanwines.com\/app\/uploads\/2023\/03\/image-1-1.png\" alt=\"image 1\" class=\"object-cover w-full h-full\">\n      <\/div>\n      \n    <\/div>\n      <\/div>\n\n<\/section>\n\n\n<section class=\"py-12 bg-dun-100\">\n  <div class=\"px-4 md:px-8 lg:container \">\n    <h2 class=\"w-full md:max-w-2xl xl:w-1\/2 text-appear\">\u00bfCu\u00e1les son los principales requisitos para poder ser VFC?<\/h2>    <div class=\"grid items-start justify-center grid-cols-12 pt-10 pb-20 gap-y-0 lg:gap-y-20\">\n                  <div\n        class=\"text-appear relative col-span-full pb-44 md:pb-0   md:col-start-2  md:col-span-5 \">\n        <div class=\"flex flex-row items-center gap-4 justify-evenly md:items-start md:flex-col\">\n          <div\n            class=\"font-serif text-[300px] md:text-[200px] lg:text-[250px] xl:text-[300px] text-wine-600 leading-none \">\n            1\n          <\/div>\n                    <p class=\"max-w-[200px] z-20 \">\n            Antig\u00fcedad m\u00ednima de 10 a\u00f1os en el registro de la denominaci\u00f3n de origen.\n          <\/p>\n                  <\/div>\n                <div class=\"absolute bottom-0 left-0 sm:left-24 md:left-0 md:top-8 \">\n          <img decoding=\"async\" src=\"https:\/\/catalanwines.com\/app\/uploads\/2023\/03\/field1-1.png\" alt=\"\" class=\"\" \/>\n        <\/div>\n              <\/div>\n                  <div\n        class=\"text-appear relative col-span-full pb-44 md:pb-0   md:col-start-8  md:col-span-5 \">\n        <div class=\"flex flex-row items-center gap-4 justify-evenly md:items-start md:flex-col\">\n          <div\n            class=\"font-serif text-[300px] md:text-[200px] lg:text-[250px] xl:text-[300px] text-wine-600 leading-none \">\n            2\n          <\/div>\n                    <p class=\"max-w-[200px] z-20 \">\n            El rendimiento m\u00e1ximo de producci\u00f3n en vi\u00f1a debe<br \/>\r\nser un 15 % inferior al m\u00e1ximo fijado en el pliego de condiciones de la DO y se ha de tener una nota superior del comit\u00e9 de cata.\n          <\/p>\n                  <\/div>\n                <div class=\"absolute bottom-0 left-0 sm:left-24 md:left-0 md:top-8 \">\n          <img decoding=\"async\" src=\"https:\/\/catalanwines.com\/app\/uploads\/2023\/03\/raim2-1.png\" alt=\"\" class=\"\" \/>\n        <\/div>\n              <\/div>\n                  <div\n        class=\"text-appear relative col-span-full pb-44 md:pb-0  md:col-span-4 \">\n        <div class=\"flex flex-row items-center gap-4 justify-evenly md:items-start md:flex-col\">\n          <div\n            class=\"font-serif text-[300px] md:text-[200px] lg:text-[250px] xl:text-[300px] text-wine-600 leading-none \">\n            3\n          <\/div>\n                    <p class=\"max-w-[200px] z-20 \">\n            El vino se produce en un entorno espec\u00edfico, con sus propias caracter\u00edsticas ed\u00e1ficas y microclim\u00e1ticas.\n          <\/p>\n                  <\/div>\n                <div class=\"absolute bottom-0 left-0 sm:left-24 md:left-0 md:top-8 \">\n          <img decoding=\"async\" src=\"https:\/\/catalanwines.com\/app\/uploads\/2023\/03\/field3-1.png\" alt=\"\" class=\"\" \/>\n        <\/div>\n              <\/div>\n                  <div\n        class=\"text-appear relative col-span-full pb-44 md:pb-0  md:col-span-4 \">\n        <div class=\"flex flex-row items-center gap-4 justify-evenly md:items-start md:flex-col\">\n          <div\n            class=\"font-serif text-[300px] md:text-[200px] lg:text-[250px] xl:text-[300px] text-wine-600 leading-none \">\n            4\n          <\/div>\n                    <p class=\"max-w-[200px] z-20 \">\n            La bodega y el vino a calificar como VFC cuentan con una trayectoria de prestigio y calidad en el mercado por un periodo no inferior a 10 a\u00f1os.\n          <\/p>\n                  <\/div>\n                <div class=\"absolute bottom-0 left-0 sm:left-24 md:left-0 md:top-8 \">\n          <img decoding=\"async\" src=\"https:\/\/catalanwines.com\/app\/uploads\/2023\/03\/barril4-2.png\" alt=\"\" class=\"\" \/>\n        <\/div>\n              <\/div>\n                  <div\n        class=\"text-appear relative col-span-full pb-44 md:pb-0  md:col-span-4 \">\n        <div class=\"flex flex-row items-center gap-4 justify-evenly md:items-start md:flex-col\">\n          <div\n            class=\"font-serif text-[300px] md:text-[200px] lg:text-[250px] xl:text-[300px] text-wine-600 leading-none \">\n            5\n          <\/div>\n                    <p class=\"max-w-[200px] z-20 \">\n            Se establece una trazabilidad espec\u00edfica integral desde la producci\u00f3n a la comercializaci\u00f3n.\n          <\/p>\n                  <\/div>\n                <div class=\"absolute bottom-0 left-0 sm:left-24 md:left-0 md:top-8 \">\n          <img decoding=\"async\" src=\"https:\/\/catalanwines.com\/app\/uploads\/2023\/03\/ampolla-copa.svg\" alt=\"\" class=\"\" \/>\n        <\/div>\n              <\/div>\n                  <div\n        class=\"text-appear relative col-span-full pb-44 md:pb-0  md:col-span-4 \">\n        <div class=\"flex flex-row items-center gap-4 justify-evenly md:items-start md:flex-col\">\n          <div\n            class=\"font-serif text-[300px] md:text-[200px] lg:text-[250px] xl:text-[300px] text-wine-600 leading-none \">\n            6\n          <\/div>\n                    <p class=\"max-w-[200px] z-20 \">\n            La bodega debe obtener el informe favorable del \u00f3rgano de gesti\u00f3n de la Denominaci\u00f3n de Origen correspondiente.\n          <\/p>\n                  <\/div>\n                <div class=\"absolute bottom-0 left-0 sm:left-24 md:left-0 md:top-8 \">\n          <img decoding=\"async\" src=\"https:\/\/catalanwines.com\/app\/uploads\/2023\/03\/vi5-1.png\" alt=\"\" class=\"\" \/>\n        <\/div>\n              <\/div>\n                <\/div>\n  <\/div>\n<\/section>\n\n\n<section class=\"relative h-screen overflow-hidden parallax-section\">\n  <div class=\"absolute w-full parallax-image\">\n    <img decoding=\"async\" src=\"https:\/\/catalanwines.com\/app\/uploads\/2023\/03\/image-55.jpg\" alt=\"\"\n      class=\" hidden  w-full h-full object-cover md:block \">\n    <img decoding=\"async\" src=\"https:\/\/catalanwines.com\/app\/uploads\/2023\/03\/image-55-1.jpg\" alt=\"\"\n      class=\"object-cover w-full h-full md:hidden\">   <\/div>\n  <div class=\"absolute bottom-0 w-full bg-white py-7 lg:py-14 text-appear\">\n        <h2 class=\"px-4 md:text-center \">Los VFC en el territorio<\/h2>\n            <article class=\"max-w-md px-4 text-xl md:mx-auto md:text-center \">\n      24 vinos de 6 denominaciones de origen cuentan con esta distinci\u00f3n\n    <\/article>\n      <\/div>\n<\/section>\n","protected":false},"excerpt":{"rendered":"","protected":false},"author":1,"featured_media":0,"parent":0,"menu_order":23,"comment_status":"closed","ping_status":"closed","template":"template-fincaqualificada.blade.php","meta":{"_acf_changed":false,"footnotes":""},"class_list":["post-2005","page","type-page","status-publish","hentry"],"acf":[],"yoast_head":"<!-- This site is optimized with the Yoast SEO plugin v27.4 - https:\/\/yoast.com\/product\/yoast-seo-wordpress\/ -->\n<title>Vinos de Finca Calificada - Catalan Wines \ud83c\udf47<\/title>\n<meta name=\"description\" content=\"Los Vinos de Finca Calificada (VFQ) es el m\u00e1ximo reconocimiento que se puede otorgar a un vino catal\u00e1n. \u00a1Descubre qu\u00e9 los hace \u00fanicos!\" \/>\n<meta name=\"robots\" content=\"index, follow, max-snippet:-1, max-image-preview:large, max-video-preview:-1\" \/>\n<link rel=\"canonical\" href=\"https:\/\/catalanwines.com\/es\/vinos-de-finca-calificada\/\" \/>\n<meta property=\"og:locale\" content=\"es_ES\" \/>\n<meta property=\"og:type\" content=\"article\" \/>\n<meta property=\"og:title\" content=\"Vinos de Finca Calificada - Catalan Wines \ud83c\udf47\" \/>\n<meta property=\"og:description\" content=\"Los Vinos de Finca Calificada (VFQ) es el m\u00e1ximo reconocimiento que se puede otorgar a un vino catal\u00e1n. \u00a1Descubre qu\u00e9 los hace \u00fanicos!\" \/>\n<meta property=\"og:url\" content=\"https:\/\/catalanwines.com\/es\/vinos-de-finca-calificada\/\" \/>\n<meta property=\"og:site_name\" content=\"Catalan Wines\" \/>\n<meta property=\"article:modified_time\" content=\"2026-03-20T12:13:14+00:00\" \/>\n<meta name=\"twitter:card\" content=\"summary_large_image\" \/>\n<meta name=\"twitter:label1\" content=\"Tiempo de lectura\" \/>\n\t<meta name=\"twitter:data1\" content=\"5 minutos\" \/>\n<script type=\"application\/ld+json\" class=\"yoast-schema-graph\">{\"@context\":\"https:\\\/\\\/schema.org\",\"@graph\":[{\"@type\":\"WebPage\",\"@id\":\"https:\\\/\\\/catalanwines.com\\\/es\\\/vinos-de-finca-calificada\\\/\",\"url\":\"https:\\\/\\\/catalanwines.com\\\/es\\\/vinos-de-finca-calificada\\\/\",\"name\":\"Vinos de Finca Calificada - Catalan Wines \ud83c\udf47\",\"isPartOf\":{\"@id\":\"https:\\\/\\\/catalanwines.com\\\/es\\\/#website\"},\"datePublished\":\"2023-03-09T07:44:39+00:00\",\"dateModified\":\"2026-03-20T12:13:14+00:00\",\"description\":\"Los Vinos de Finca Calificada (VFQ) es el m\u00e1ximo reconocimiento que se puede otorgar a un vino catal\u00e1n. \u00a1Descubre qu\u00e9 los hace \u00fanicos!\",\"breadcrumb\":{\"@id\":\"https:\\\/\\\/catalanwines.com\\\/es\\\/vinos-de-finca-calificada\\\/#breadcrumb\"},\"inLanguage\":\"es\",\"potentialAction\":[{\"@type\":\"ReadAction\",\"target\":[\"https:\\\/\\\/catalanwines.com\\\/es\\\/vinos-de-finca-calificada\\\/\"]}]},{\"@type\":\"BreadcrumbList\",\"@id\":\"https:\\\/\\\/catalanwines.com\\\/es\\\/vinos-de-finca-calificada\\\/#breadcrumb\",\"itemListElement\":[{\"@type\":\"ListItem\",\"position\":1,\"name\":\"Inici\",\"item\":\"https:\\\/\\\/catalanwines.com\\\/es\\\/\"},{\"@type\":\"ListItem\",\"position\":2,\"name\":\"Vinos de Finca Calificada\"}]},{\"@type\":\"WebSite\",\"@id\":\"https:\\\/\\\/catalanwines.com\\\/es\\\/#website\",\"url\":\"https:\\\/\\\/catalanwines.com\\\/es\\\/\",\"name\":\"Catalan Wines\",\"description\":\"Catalunya, on el vi es cultura\",\"potentialAction\":[{\"@type\":\"SearchAction\",\"target\":{\"@type\":\"EntryPoint\",\"urlTemplate\":\"https:\\\/\\\/catalanwines.com\\\/es\\\/?s={search_term_string}\"},\"query-input\":{\"@type\":\"PropertyValueSpecification\",\"valueRequired\":true,\"valueName\":\"search_term_string\"}}],\"inLanguage\":\"es\"}]}<\/script>\n<!-- \/ Yoast SEO plugin. -->","yoast_head_json":{"title":"Vinos de Finca Calificada - Catalan Wines \ud83c\udf47","description":"Los Vinos de Finca Calificada (VFQ) es el m\u00e1ximo reconocimiento que se puede otorgar a un vino catal\u00e1n. \u00a1Descubre qu\u00e9 los hace \u00fanicos!","robots":{"index":"index","follow":"follow","max-snippet":"max-snippet:-1","max-image-preview":"max-image-preview:large","max-video-preview":"max-video-preview:-1"},"canonical":"https:\/\/catalanwines.com\/es\/vinos-de-finca-calificada\/","og_locale":"es_ES","og_type":"article","og_title":"Vinos de Finca Calificada - Catalan Wines \ud83c\udf47","og_description":"Los Vinos de Finca Calificada (VFQ) es el m\u00e1ximo reconocimiento que se puede otorgar a un vino catal\u00e1n. \u00a1Descubre qu\u00e9 los hace \u00fanicos!","og_url":"https:\/\/catalanwines.com\/es\/vinos-de-finca-calificada\/","og_site_name":"Catalan Wines","article_modified_time":"2026-03-20T12:13:14+00:00","twitter_card":"summary_large_image","twitter_misc":{"Tiempo de lectura":"5 minutos"},"schema":{"@context":"https:\/\/schema.org","@graph":[{"@type":"WebPage","@id":"https:\/\/catalanwines.com\/es\/vinos-de-finca-calificada\/","url":"https:\/\/catalanwines.com\/es\/vinos-de-finca-calificada\/","name":"Vinos de Finca Calificada - Catalan Wines \ud83c\udf47","isPartOf":{"@id":"https:\/\/catalanwines.com\/es\/#website"},"datePublished":"2023-03-09T07:44:39+00:00","dateModified":"2026-03-20T12:13:14+00:00","description":"Los Vinos de Finca Calificada (VFQ) es el m\u00e1ximo reconocimiento que se puede otorgar a un vino catal\u00e1n. \u00a1Descubre qu\u00e9 los hace \u00fanicos!","breadcrumb":{"@id":"https:\/\/catalanwines.com\/es\/vinos-de-finca-calificada\/#breadcrumb"},"inLanguage":"es","potentialAction":[{"@type":"ReadAction","target":["https:\/\/catalanwines.com\/es\/vinos-de-finca-calificada\/"]}]},{"@type":"BreadcrumbList","@id":"https:\/\/catalanwines.com\/es\/vinos-de-finca-calificada\/#breadcrumb","itemListElement":[{"@type":"ListItem","position":1,"name":"Inici","item":"https:\/\/catalanwines.com\/es\/"},{"@type":"ListItem","position":2,"name":"Vinos de Finca Calificada"}]},{"@type":"WebSite","@id":"https:\/\/catalanwines.com\/es\/#website","url":"https:\/\/catalanwines.com\/es\/","name":"Catalan Wines","description":"Catalunya, on el vi es cultura","potentialAction":[{"@type":"SearchAction","target":{"@type":"EntryPoint","urlTemplate":"https:\/\/catalanwines.com\/es\/?s={search_term_string}"},"query-input":{"@type":"PropertyValueSpecification","valueRequired":true,"valueName":"search_term_string"}}],"inLanguage":"es"}]}},"_links":{"self":[{"href":"https:\/\/catalanwines.com\/es\/wp-json\/wp\/v2\/pages\/2005","targetHints":{"allow":["GET"]}}],"collection":[{"href":"https:\/\/catalanwines.com\/es\/wp-json\/wp\/v2\/pages"}],"about":[{"href":"https:\/\/catalanwines.com\/es\/wp-json\/wp\/v2\/types\/page"}],"author":[{"embeddable":true,"href":"https:\/\/catalanwines.com\/es\/wp-json\/wp\/v2\/users\/1"}],"replies":[{"embeddable":true,"href":"https:\/\/catalanwines.com\/es\/wp-json\/wp\/v2\/comments?post=2005"}],"version-history":[{"count":6,"href":"https:\/\/catalanwines.com\/es\/wp-json\/wp\/v2\/pages\/2005\/revisions"}],"predecessor-version":[{"id":8787,"href":"https:\/\/catalanwines.com\/es\/wp-json\/wp\/v2\/pages\/2005\/revisions\/8787"}],"wp:attachment":[{"href":"https:\/\/catalanwines.com\/es\/wp-json\/wp\/v2\/media?parent=2005"}],"curies":[{"name":"wp","href":"https:\/\/api.w.org\/{rel}","templated":true}]}}