{"id":1863,"date":"2023-03-09T16:11:22","date_gmt":"2023-03-09T15:11:22","guid":{"rendered":"https:\/\/catalanwines.com\/?page_id=1863"},"modified":"2023-11-03T11:04:16","modified_gmt":"2023-11-03T10:04:16","slug":"historia","status":"publish","type":"page","link":"https:\/\/catalanwines.com\/es\/historia\/","title":{"rendered":"Historia"},"content":{"rendered":"","protected":false},"excerpt":{"rendered":"","protected":false},"author":1,"featured_media":0,"parent":0,"menu_order":7,"comment_status":"closed","ping_status":"closed","template":"template-historia.blade.php","meta":{"_acf_changed":false,"footnotes":""},"class_list":["post-1863","page","type-page","status-publish","hentry"],"acf":[],"yoast_head":"<!-- This site is optimized with the Yoast SEO plugin v27.4 - https:\/\/yoast.com\/product\/yoast-seo-wordpress\/ -->\n<title>Historia - Catalan Wines \ud83c\udf47<\/title>\n<meta name=\"description\" content=\"La historia de los vinos catalanes se remonta a m\u00e1s de 2.700 a\u00f1os. D.O., vinos y vi\u00f1edos milenarios en toda Catalu\u00f1a forman parte del ADN de los catalan wines\" \/>\n<meta name=\"robots\" content=\"index, follow, max-snippet:-1, max-image-preview:large, max-video-preview:-1\" \/>\n<link rel=\"canonical\" href=\"https:\/\/catalanwines.com\/es\/historia\/\" \/>\n<meta property=\"og:locale\" content=\"es_ES\" \/>\n<meta property=\"og:type\" content=\"article\" \/>\n<meta property=\"og:title\" content=\"Historia - Catalan Wines \ud83c\udf47\" \/>\n<meta property=\"og:description\" content=\"La historia de los vinos catalanes se remonta a m\u00e1s de 2.700 a\u00f1os. D.O., vinos y vi\u00f1edos milenarios en toda Catalu\u00f1a forman parte del ADN de los catalan wines\" \/>\n<meta property=\"og:url\" content=\"https:\/\/catalanwines.com\/es\/historia\/\" \/>\n<meta property=\"og:site_name\" content=\"Catalan Wines\" \/>\n<meta property=\"article:modified_time\" content=\"2023-11-03T10:04:16+00:00\" \/>\n<meta name=\"twitter:card\" content=\"summary_large_image\" \/>\n<script type=\"application\/ld+json\" class=\"yoast-schema-graph\">{\"@context\":\"https:\\\/\\\/schema.org\",\"@graph\":[{\"@type\":\"WebPage\",\"@id\":\"https:\\\/\\\/catalanwines.com\\\/es\\\/historia\\\/\",\"url\":\"https:\\\/\\\/catalanwines.com\\\/es\\\/historia\\\/\",\"name\":\"Historia - Catalan Wines \ud83c\udf47\",\"isPartOf\":{\"@id\":\"https:\\\/\\\/catalanwines.com\\\/es\\\/#website\"},\"datePublished\":\"2023-03-09T15:11:22+00:00\",\"dateModified\":\"2023-11-03T10:04:16+00:00\",\"description\":\"La historia de los vinos catalanes se remonta a m\u00e1s de 2.700 a\u00f1os. D.O., vinos y vi\u00f1edos milenarios en toda Catalu\u00f1a forman parte del ADN de los catalan wines\",\"breadcrumb\":{\"@id\":\"https:\\\/\\\/catalanwines.com\\\/es\\\/historia\\\/#breadcrumb\"},\"inLanguage\":\"es\",\"potentialAction\":[{\"@type\":\"ReadAction\",\"target\":[\"https:\\\/\\\/catalanwines.com\\\/es\\\/historia\\\/\"]}]},{\"@type\":\"BreadcrumbList\",\"@id\":\"https:\\\/\\\/catalanwines.com\\\/es\\\/historia\\\/#breadcrumb\",\"itemListElement\":[{\"@type\":\"ListItem\",\"position\":1,\"name\":\"Inici\",\"item\":\"https:\\\/\\\/catalanwines.com\\\/es\\\/\"},{\"@type\":\"ListItem\",\"position\":2,\"name\":\"Historia\"}]},{\"@type\":\"WebSite\",\"@id\":\"https:\\\/\\\/catalanwines.com\\\/es\\\/#website\",\"url\":\"https:\\\/\\\/catalanwines.com\\\/es\\\/\",\"name\":\"Catalan Wines\",\"description\":\"Catalunya, on el vi es cultura\",\"potentialAction\":[{\"@type\":\"SearchAction\",\"target\":{\"@type\":\"EntryPoint\",\"urlTemplate\":\"https:\\\/\\\/catalanwines.com\\\/es\\\/?s={search_term_string}\"},\"query-input\":{\"@type\":\"PropertyValueSpecification\",\"valueRequired\":true,\"valueName\":\"search_term_string\"}}],\"inLanguage\":\"es\"}]}<\/script>\n<!-- \/ Yoast SEO plugin. -->","yoast_head_json":{"title":"Historia - Catalan Wines \ud83c\udf47","description":"La historia de los vinos catalanes se remonta a m\u00e1s de 2.700 a\u00f1os. D.O., vinos y vi\u00f1edos milenarios en toda Catalu\u00f1a forman parte del ADN de los catalan wines","robots":{"index":"index","follow":"follow","max-snippet":"max-snippet:-1","max-image-preview":"max-image-preview:large","max-video-preview":"max-video-preview:-1"},"canonical":"https:\/\/catalanwines.com\/es\/historia\/","og_locale":"es_ES","og_type":"article","og_title":"Historia - Catalan Wines \ud83c\udf47","og_description":"La historia de los vinos catalanes se remonta a m\u00e1s de 2.700 a\u00f1os. D.O., vinos y vi\u00f1edos milenarios en toda Catalu\u00f1a forman parte del ADN de los catalan wines","og_url":"https:\/\/catalanwines.com\/es\/historia\/","og_site_name":"Catalan Wines","article_modified_time":"2023-11-03T10:04:16+00:00","twitter_card":"summary_large_image","schema":{"@context":"https:\/\/schema.org","@graph":[{"@type":"WebPage","@id":"https:\/\/catalanwines.com\/es\/historia\/","url":"https:\/\/catalanwines.com\/es\/historia\/","name":"Historia - Catalan Wines \ud83c\udf47","isPartOf":{"@id":"https:\/\/catalanwines.com\/es\/#website"},"datePublished":"2023-03-09T15:11:22+00:00","dateModified":"2023-11-03T10:04:16+00:00","description":"La historia de los vinos catalanes se remonta a m\u00e1s de 2.700 a\u00f1os. D.O., vinos y vi\u00f1edos milenarios en toda Catalu\u00f1a forman parte del ADN de los catalan wines","breadcrumb":{"@id":"https:\/\/catalanwines.com\/es\/historia\/#breadcrumb"},"inLanguage":"es","potentialAction":[{"@type":"ReadAction","target":["https:\/\/catalanwines.com\/es\/historia\/"]}]},{"@type":"BreadcrumbList","@id":"https:\/\/catalanwines.com\/es\/historia\/#breadcrumb","itemListElement":[{"@type":"ListItem","position":1,"name":"Inici","item":"https:\/\/catalanwines.com\/es\/"},{"@type":"ListItem","position":2,"name":"Historia"}]},{"@type":"WebSite","@id":"https:\/\/catalanwines.com\/es\/#website","url":"https:\/\/catalanwines.com\/es\/","name":"Catalan Wines","description":"Catalunya, on el vi es cultura","potentialAction":[{"@type":"SearchAction","target":{"@type":"EntryPoint","urlTemplate":"https:\/\/catalanwines.com\/es\/?s={search_term_string}"},"query-input":{"@type":"PropertyValueSpecification","valueRequired":true,"valueName":"search_term_string"}}],"inLanguage":"es"}]}},"_links":{"self":[{"href":"https:\/\/catalanwines.com\/es\/wp-json\/wp\/v2\/pages\/1863","targetHints":{"allow":["GET"]}}],"collection":[{"href":"https:\/\/catalanwines.com\/es\/wp-json\/wp\/v2\/pages"}],"about":[{"href":"https:\/\/catalanwines.com\/es\/wp-json\/wp\/v2\/types\/page"}],"author":[{"embeddable":true,"href":"https:\/\/catalanwines.com\/es\/wp-json\/wp\/v2\/users\/1"}],"replies":[{"embeddable":true,"href":"https:\/\/catalanwines.com\/es\/wp-json\/wp\/v2\/comments?post=1863"}],"version-history":[{"count":3,"href":"https:\/\/catalanwines.com\/es\/wp-json\/wp\/v2\/pages\/1863\/revisions"}],"predecessor-version":[{"id":4621,"href":"https:\/\/catalanwines.com\/es\/wp-json\/wp\/v2\/pages\/1863\/revisions\/4621"}],"wp:attachment":[{"href":"https:\/\/catalanwines.com\/es\/wp-json\/wp\/v2\/media?parent=1863"}],"curies":[{"name":"wp","href":"https:\/\/api.w.org\/{rel}","templated":true}]}}